{"id":6857,"date":"2021-07-07T20:59:48","date_gmt":"2021-07-07T18:59:48","guid":{"rendered":"https:\/\/www.amberemotion.com\/product\/bez-kategorii\/buchstabenkette-mama\/"},"modified":"2025-11-16T00:36:17","modified_gmt":"2025-11-15T23:36:17","slug":"buchstabenkette-mama","status":"publish","type":"product","link":"https:\/\/www.amberemotion.com\/pl\/produkt\/buchstabenkette-mama.html","title":{"rendered":"Buchstabenkette MAMA"},"content":{"rendered":"<p>Die MAMA Kette von amberemotion ist ein zartes elegantes Symbol f\u00fcr Liebe Geborgenheit und die st\u00e4rkste Verbindung im Leben. Die vier Buchstaben sind dreidimensional gearbeitet mit einer St\u00e4rke von 2 mm wodurch sie sich angenehm voll weich und hochwertig anf\u00fchlen und den Namen auf wundersch\u00f6ne Weise sichtbar machen. Jede Kette wird einzeln in sorgf\u00e4ltiger Handarbeit aus 925 Silber oder in edler 22k Vergoldung gefertigt damit sie zu einem einzigartigen Unikat wird das W\u00e4rme Bedeutung und tiefe Emotionen jeden Tag tr\u00e4gt.<\/p>\n","protected":false},"excerpt":{"rendered":"<p class=\"bodytext\" style=\"text-align: center;\">Halskette mit Anh\u00e4nger MAMA. Auch als Geschenk f\u00fcr schwangere Freundin.<\/p>\n","protected":false},"featured_media":10983,"template":"","meta":[],"product_cat":[322,238],"product_tag":[],"class_list":{"0":"post-6857","1":"product","2":"type-product","3":"status-publish","4":"has-post-thumbnail","6":"product_cat-buchstabenschmuck-pl","7":"product_cat-halsschmuck-pl","9":"first","10":"instock","11":"featured","12":"taxable","13":"shipping-taxable","14":"purchasable","15":"product-type-variable"},"acf":[],"aioseo_notices":[],"_links":{"self":[{"href":"https:\/\/www.amberemotion.com\/pl\/wp-json\/wp\/v2\/product\/6857","targetHints":{"allow":["GET"]}}],"collection":[{"href":"https:\/\/www.amberemotion.com\/pl\/wp-json\/wp\/v2\/product"}],"about":[{"href":"https:\/\/www.amberemotion.com\/pl\/wp-json\/wp\/v2\/types\/product"}],"wp:featuredmedia":[{"embeddable":true,"href":"https:\/\/www.amberemotion.com\/pl\/wp-json\/wp\/v2\/media\/10983"}],"wp:attachment":[{"href":"https:\/\/www.amberemotion.com\/pl\/wp-json\/wp\/v2\/media?parent=6857"}],"wp:term":[{"taxonomy":"product_cat","embeddable":true,"href":"https:\/\/www.amberemotion.com\/pl\/wp-json\/wp\/v2\/product_cat?post=6857"},{"taxonomy":"product_tag","embeddable":true,"href":"https:\/\/www.amberemotion.com\/pl\/wp-json\/wp\/v2\/product_tag?post=6857"}],"curies":[{"name":"wp","href":"https:\/\/api.w.org\/{rel}","templated":true}]}}