{"id":6845,"date":"2021-07-11T12:57:51","date_gmt":"2021-07-11T10:57:51","guid":{"rendered":"https:\/\/www.amberemotion.com\/product\/bez-kategorii\/anhanger-papierboot\/"},"modified":"2024-01-07T01:06:44","modified_gmt":"2024-01-07T00:06:44","slug":"anhanger-papierboot","status":"publish","type":"product","link":"https:\/\/www.amberemotion.com\/pl\/produkt\/anhanger-papierboot.html","title":{"rendered":"Kette mit Schiff Anh\u00e4nger"},"content":{"rendered":"<p class=\"bodytext\">Dieser filigrane und handgefertigte\u00a0<b><strong>Papierboot-Anh\u00e4nger<\/strong>\u00a0<\/b>aus unserer beliebten\u00a0<strong><a class=\"internal-link\" title=\"Opens internal link in current window\" href=\"https:\/\/www.amberemotion.com\/kollektion\/papierboot.html#c886\">Schmuck-Kollektion\u00a0PAPIERBOOT<\/a><\/strong>\u00a0bezaubert mit graziler Zartheit und einer liebevoll ausgearbeiteten Gestaltung.\u00a0An einer feinen Kette vermag es dieser kleine\u00a0<strong>Papierschiff\u00a0<b>Anh\u00e4nger\u00a0<\/b><\/strong>sicherlich nicht nur seiner Tr\u00e4gerin, sondern auch anderen Betrachtern Freude der Augenschmaus-Art zu bereiten.\u00a0Der\u00a0<strong>Anh\u00e4nger\u00a0Papierboot\u00a0<\/strong>kommt zu Ihnen in edler\u00a0<a class=\"internal-link\" title=\"Schmuckverpackung\" href=\"https:\/\/www.amberemotion.com\/service\/schmuckverpackung.html#c815\">Schmuckverpackung<\/a>\u00a0und auf Wunsch bieten wir unseren kreativen\u00a0<a class=\"external-link-new-window\" title=\"Geschenkservice\" href=\"https:\/\/www.amberemotion.com\/service\/geschenkservice.html\" target=\"_blank\" rel=\"noopener\">Geschenkservice<\/a><\/p>\n<p>Mehr zum\u00a0<strong>Papierboot\u00a0<\/strong><b>Anh\u00e4nger<\/b>: <a class=\"internal-link\" title=\"Opens internal link in current window\" href=\"https:\/\/www.amberemotion.com\/kollektion\/papierboot.html#c886\">Schmuck-Kollektion\u00a0Papierboot<\/a>, <a class=\"external-link-new-window\" title=\"BLOG amberemotion\" href=\"http:\/\/amberemotion.blogspot.com\/2013\/01\/petit-papierboot.html\" target=\"_blank\" rel=\"noopener\">amberemotion.blog<\/a>,\u00a0<a class=\"external-link-new-window\" title=\"Papierboot mit Gliederkette bei Ideenreich\" href=\"http:\/\/meinideenreich.blogspot.de\/2014\/05\/wo-geht-eure-reise-hin.html\" target=\"_blank\" rel=\"noopener\">Ideenreich<\/a>,\u00a0<a class=\"external-link-new-window\" title=\"Papierboot Halskette\" href=\"http:\/\/www.seelensachen.at\/2014\/11\/sehnsucht-nach-meher\/\" target=\"_blank\" rel=\"noopener\">Seelensachen<\/a>.<\/p>\n<p><strong>DETAILS<\/strong><\/p>\n<p>\u2022 Handmade, Papierboot-Gr\u00f6\u00dfe 6 x 15 mm plus Silber\u00f6se 4 mm (gel\u00f6tet)<br \/>\n\u2022\u00a0Diamantierte (spezielle Bearbeitung f\u00fcr einen diamant\u00e4hnlichen Glanz) Ankerkette mit Standardl\u00e4nge von 45 cm (42 + 3 cm Verl\u00e4ngerung)<br \/>\n\u2022\u00a0Silber (925\/- Sterling Silber)<br \/>\n\u2022\u00a0Gold (925\/- Sterling Silber mit 22 Karat vergoldet)<\/p>\n","protected":false},"excerpt":{"rendered":"<p class=\"bodytext\" style=\"text-align: center;\">In den kleinen Dingen des Lebens liegt die Sch\u00f6nheit!<br \/>\nDies best\u00e4tigt dieser hauchzarte\u00a0<strong>Anh\u00e4nger PAPIERBOOT<\/strong>\u00a0eine Hommage an all die wundersch\u00f6nen Kleinigkeiten, die das Leben bereith\u00e4lt.<\/p>\n","protected":false},"featured_media":4788,"template":"","meta":[],"product_cat":[349,238],"product_tag":[147,154],"class_list":{"0":"post-6845","1":"product","2":"type-product","3":"status-publish","4":"has-post-thumbnail","6":"product_cat-bestsellery","7":"product_cat-halsschmuck-pl","8":"product_tag-enjoy-the-little-things-pl","9":"product_tag-papierboot-pl","11":"first","12":"instock","13":"featured","14":"taxable","15":"shipping-taxable","16":"purchasable","17":"product-type-variable"},"acf":[],"aioseo_notices":[],"_links":{"self":[{"href":"https:\/\/www.amberemotion.com\/pl\/wp-json\/wp\/v2\/product\/6845","targetHints":{"allow":["GET"]}}],"collection":[{"href":"https:\/\/www.amberemotion.com\/pl\/wp-json\/wp\/v2\/product"}],"about":[{"href":"https:\/\/www.amberemotion.com\/pl\/wp-json\/wp\/v2\/types\/product"}],"wp:featuredmedia":[{"embeddable":true,"href":"https:\/\/www.amberemotion.com\/pl\/wp-json\/wp\/v2\/media\/4788"}],"wp:attachment":[{"href":"https:\/\/www.amberemotion.com\/pl\/wp-json\/wp\/v2\/media?parent=6845"}],"wp:term":[{"taxonomy":"product_cat","embeddable":true,"href":"https:\/\/www.amberemotion.com\/pl\/wp-json\/wp\/v2\/product_cat?post=6845"},{"taxonomy":"product_tag","embeddable":true,"href":"https:\/\/www.amberemotion.com\/pl\/wp-json\/wp\/v2\/product_tag?post=6845"}],"curies":[{"name":"wp","href":"https:\/\/api.w.org\/{rel}","templated":true}]}}