{"id":6830,"date":"2021-07-11T13:23:04","date_gmt":"2021-07-11T11:23:04","guid":{"rendered":"https:\/\/www.amberemotion.com\/product\/bez-kategorii\/kette-papierboot\/"},"modified":"2024-09-11T15:04:53","modified_gmt":"2024-09-11T13:04:53","slug":"kette-papierboot","status":"publish","type":"product","link":"https:\/\/www.amberemotion.com\/pl\/naszyjnik-papierowa-lodka.html","title":{"rendered":"Naszyjnik PAPIEROWA \u0141\u00d3DKA"},"content":{"rendered":"<p>Naszyjnik PAPIEROWA \u0141\u00d3DKA \u0142\u0105czy subteln\u0105 elegancj\u0119 i morski urok w delikatnym designie. Ten <strong>minimalistyczny naszyjnik<\/strong> jest idealny dla mi\u0142o\u015bnik\u00f3w <strong>symbolicznej bi\u017cuterii<\/strong> i symbolizuje wolno\u015b\u0107 oraz lekko\u015b\u0107. Wykonany z wysokiej jako\u015bci materia\u0142\u00f3w, takich jak <strong>srebro pr\u00f3by 925<\/strong> lub poz\u0142acany, jest idealnym dodatkiem na ka\u017cd\u0105 okazj\u0119. Jako cz\u0119\u015b\u0107 <strong>kolekcji bi\u017cuterii morskiej<\/strong>, naszyjnik odzwierciedla fascynacj\u0119 morzem i dodaje ka\u017cdej stylizacji wyj\u0105tkowego, eleganckiego akcentu.<\/p>\n","protected":false},"excerpt":{"rendered":"<p class=\"bodytext\" style=\"text-align: center;\">Naszyjnik Papierowa \u0141\u00f3dka z kolekcji Papierowa \u0141\u00f3dka to delikatna bi\u017cuteria o morskim charakterze, doskona\u0142a dla mi\u0142o\u015bnik\u00f3w minimalistycznych form i symboli wolno\u015bci. Idealny dodatek na ka\u017cd\u0105 okazj\u0119.<\/p>\n","protected":false},"featured_media":22418,"template":"","meta":[],"product_cat":[349,238],"product_tag":[147,154],"class_list":{"0":"post-6830","1":"product","2":"type-product","3":"status-publish","4":"has-post-thumbnail","6":"product_cat-bestsellery","7":"product_cat-halsschmuck-pl","8":"product_tag-enjoy-the-little-things-pl","9":"product_tag-papierboot-pl","11":"first","12":"instock","13":"taxable","14":"shipping-taxable","15":"purchasable","16":"product-type-variable"},"acf":[],"aioseo_notices":[],"_links":{"self":[{"href":"https:\/\/www.amberemotion.com\/pl\/wp-json\/wp\/v2\/product\/6830","targetHints":{"allow":["GET"]}}],"collection":[{"href":"https:\/\/www.amberemotion.com\/pl\/wp-json\/wp\/v2\/product"}],"about":[{"href":"https:\/\/www.amberemotion.com\/pl\/wp-json\/wp\/v2\/types\/product"}],"wp:featuredmedia":[{"embeddable":true,"href":"https:\/\/www.amberemotion.com\/pl\/wp-json\/wp\/v2\/media\/22418"}],"wp:attachment":[{"href":"https:\/\/www.amberemotion.com\/pl\/wp-json\/wp\/v2\/media?parent=6830"}],"wp:term":[{"taxonomy":"product_cat","embeddable":true,"href":"https:\/\/www.amberemotion.com\/pl\/wp-json\/wp\/v2\/product_cat?post=6830"},{"taxonomy":"product_tag","embeddable":true,"href":"https:\/\/www.amberemotion.com\/pl\/wp-json\/wp\/v2\/product_tag?post=6830"}],"curies":[{"name":"wp","href":"https:\/\/api.w.org\/{rel}","templated":true}]}}