{"id":6780,"date":"2021-07-11T14:14:29","date_gmt":"2021-07-11T12:14:29","guid":{"rendered":"https:\/\/www.amberemotion.com\/product\/bez-kategorii\/kinderkette-schmetterling\/"},"modified":"2024-05-18T21:44:11","modified_gmt":"2024-05-18T19:44:11","slug":"kinderkette-schmetterling","status":"publish","type":"product","link":"https:\/\/www.amberemotion.com\/pl\/produkt\/kinderkette-schmetterling.html","title":{"rendered":"Kinderkette Schmetterling, Kette f\u00fcr M\u00e4dchen"},"content":{"rendered":"<p><span class=\"cqiun4t2 khvhiq1o r5qsrrlp i5tg98hk iqx13udk przvwfww qiohso4h gfz4du6o r7fjleex nz2484kf svot0ezm dcnh1tix sxl192xd t3g6t33p\"><span class=\"\">Zauberhafte <strong>Kinderkette Schmetterling<\/strong> f\u00fcr M\u00e4dchen. Das<\/span><\/span>\u00a0Schmuckst\u00fcck iste aus unserer beliebten <a title=\"Schmetterling\" href=\"https:\/\/www.amberemotion.com\/kollektion\/schmetterling.html\">Schmuckkollektion Schmetterling<\/a>, das auch die Herzen kleiner Prinzessinnen h\u00f6her schlagen l\u00e4sst: ob als Geburtstagsgeschenk, Geschenk zur Einschulung oder um einfach zu zeigen, wie lieb man sie hat. Der zierlichee Schmetterling schmiegt sich auf bezaubernd sch\u00f6ne Weise sowohl um den Hals eines M\u00e4dchens als auch um das Dekollet\u00e9 einer jeden Dame. Jede <strong>Schmetterlingskette<\/strong> ist mit Sorgfalt und Liebe zum Deteil gefertigt und wird jede Dame begeistern.<\/p>\n<p class=\"bodytext\">Diese<b>\u00a0Kinderkette Schmetterling\u00a0<\/b>kommt zu Ihnen in zauberhafter\u00a0<a title=\"SCHMUCKVERPACKUNG\" href=\"https:\/\/www.amberemotion.com\/service\/schmuckverpackung.html\">Schmuckverpackung<\/a>\u00a0und auf Anfrage bieten wir unseren kreativen\u00a0<a title=\"Geschenkservice\" href=\"https:\/\/www.amberemotion.com\/service\/geschenkservice.html\">Geschenkservice<\/a>\u00a0f\u00fcr entz\u00fcckende Geschenkgestaltung an.<\/p>\n<p><strong>DETAILS<\/strong><\/p>\n<p>&#8211; Silber (925\/- Sterling Silber)<br \/>\n&#8211; Gold (925\/- Sterling Silber mit 22 Karat vergoldet)<br \/>\n<span class=\"cqiun4t2 khvhiq1o r5qsrrlp i5tg98hk iqx13udk przvwfww qiohso4h gfz4du6o r7fjleex nz2484kf svot0ezm dcnh1tix sxl192xd t3g6t33p\"><span class=\"\">\ud83e\udd8b\u00a0<\/span><\/span>Schmetterling-Gr\u00f6\u00dfe 7 x 7 mm<br \/>\n&#8211; Schmetterling-Oberfl\u00e4che ist mattiert und Innenseite gl\u00e4nzend,\u00a0auf der R\u00fcckseite intergrierte\u00a0Silber\u00f6se<br \/>\n&#8211; diamantierte Ankerkette mit Gesamtl\u00e4nge 41 cm (39 + 2 cm Verl\u00e4ngerung) oder 45 cm (42 + 3 cm Verl\u00e4ngerung)<br \/>\n&#8211; der Anh\u00e4ger\u00a0kann auch mit eigenen Ketten getragen werden<br \/>\n<a class=\"external-link\" title=\"Opens external link in current window\" href=\"http:\/\/amberemotion.blogspot.com\/2017\/09\/mama-daughter-jewelry-butterfly-necklace.html\" target=\"_blank\" rel=\"noopener\">amberemotion.blog<\/a>.<\/p>\n","protected":false},"excerpt":{"rendered":"<p style=\"text-align: center;\">Unsere Schmetterlingskette aus echtem Silber eignet sich als die Kette f\u00fcr M\u00e4dchen, Jugendliche oder Damen. S\u00fc\u00dfe\u00a0<strong>Kinderkette mit kleinem Schmetterling<\/strong>, der an einer feingliedrigen Kette baumelt.<\/p>\n","protected":false},"featured_media":12684,"template":"","meta":[],"product_cat":[349,238],"product_tag":[147,148],"class_list":{"0":"post-6780","1":"product","2":"type-product","3":"status-publish","4":"has-post-thumbnail","6":"product_cat-bestsellery","7":"product_cat-halsschmuck-pl","8":"product_tag-enjoy-the-little-things-pl","9":"product_tag-schmetterling-pl","11":"first","12":"instock","13":"taxable","14":"shipping-taxable","15":"purchasable","16":"product-type-variable","17":"has-default-attributes"},"acf":[],"aioseo_notices":[],"_links":{"self":[{"href":"https:\/\/www.amberemotion.com\/pl\/wp-json\/wp\/v2\/product\/6780","targetHints":{"allow":["GET"]}}],"collection":[{"href":"https:\/\/www.amberemotion.com\/pl\/wp-json\/wp\/v2\/product"}],"about":[{"href":"https:\/\/www.amberemotion.com\/pl\/wp-json\/wp\/v2\/types\/product"}],"wp:featuredmedia":[{"embeddable":true,"href":"https:\/\/www.amberemotion.com\/pl\/wp-json\/wp\/v2\/media\/12684"}],"wp:attachment":[{"href":"https:\/\/www.amberemotion.com\/pl\/wp-json\/wp\/v2\/media?parent=6780"}],"wp:term":[{"taxonomy":"product_cat","embeddable":true,"href":"https:\/\/www.amberemotion.com\/pl\/wp-json\/wp\/v2\/product_cat?post=6780"},{"taxonomy":"product_tag","embeddable":true,"href":"https:\/\/www.amberemotion.com\/pl\/wp-json\/wp\/v2\/product_tag?post=6780"}],"curies":[{"name":"wp","href":"https:\/\/api.w.org\/{rel}","templated":true}]}}