{"id":6753,"date":"2021-07-11T14:55:52","date_gmt":"2021-07-11T12:55:52","guid":{"rendered":"https:\/\/www.amberemotion.com\/product\/bez-kategorii\/anhanger-dalapferd-classic\/"},"modified":"2023-02-19T09:52:29","modified_gmt":"2023-02-19T08:52:29","slug":"anhanger-dalapferd-classic","status":"publish","type":"product","link":"https:\/\/www.amberemotion.com\/pl\/produkt\/anhanger-dalapferd-classic.html","title":{"rendered":"Halskette PFERD f\u00fcr Erwachsene"},"content":{"rendered":"<p><span class=\"cqiun4t2 khvhiq1o r5qsrrlp i5tg98hk iqx13udk przvwfww qiohso4h gfz4du6o r7fjleex nz2484kf svot0ezm dcnh1tix sxl192xd t3g6t33p\"><span class=\"\">\ud83d\udc34\u00a0Diese sch\u00f6ne\u00a0<\/span><\/span>Halskette Pferd ist das\u00a0perfekte Geschenk f\u00fcr einen Pferdeliebhaber und ein aparter <a class=\"internal-link\" title=\"Silberschmuck Kollektion DALA-PFERD\" href=\"https:\/\/www.amberemotion.com\/kollektion\/dalapferd.html#c972\">Pferdeschmuck<\/a>. Der Kontrast zwischen der fein mattierten Oberfl\u00e4che von dem massiven und hochwertigen Pferdeanh\u00e4nger und den anderen gl\u00e4nzenden Teilen wie die feine Silberkette, an welcher das Pferd baumelt, vervollkommnen diese Pferde Kette. Das Ergebnis aus feinster Handarbeit gepaart mit der kreativen Verarbeitung einer uralten Legende. Denn seit jeher gilt das schwedische Dalapferd als ganz besonderes Schutzsymbol.\u00a0Ein Pferd-Amulett oder Gl\u00fccksbringer der besonderen Art f\u00fcr all jene, die vertr\u00e4umt, verspielt und elegant durchs Leben gehen wollen &#8211; Dalapferd leicht sich mit leisem Galopp in jedermanns Herz.<\/p>\n<p class=\"bodytext\"><strong>Halskette Pferd<\/strong>\u00a0kommt in\u00a0edler\u00a0<a class=\"external-link-new-window\" title=\"Schmuckverpackung\" href=\"https:\/\/www.amberemotion.com\/service\/schmuckverpackung.html\" target=\"_blank\" rel=\"noopener\">Schmuckverpackung<\/a>\u00a0aber wenn Sie eine besondere,\u00a0entz\u00fcckende Geschenkgestaltung w\u00fcnschen, bieten wir zus\u00e4tzlich unseren kreativen\u00a0<a title=\"Geschenkservice\" href=\"https:\/\/www.amberemotion.com\/service\/geschenkservice.html\">Geschenkservice<\/a>.<\/p>\n<p>DETAILS<\/p>\n<p>925\/- Silber massiv<br \/>\nPferdeanh\u00e4nger-Gr\u00f6\u00dfe 15 x 15 mm,\u00a0St\u00e4rke 2,8 mm<br \/>\nauf der R\u00fcckseite 2 intergrierte Silber\u00f6se<br \/>\ndiamantierte Ankerkette mit Gesamtl\u00e4nge von 45 cm (42 + 3 cm Verl\u00e4ngerung)<br \/>\nder Anh\u00e4nger kann auch mit eigenen Ketten mit schmaler Endung getragen werden<br \/>\n<a class=\"internal-link\" title=\"Opens internal link in current window\" href=\"https:\/\/www.amberemotion.com\/kollektion\/dalapferd.html#c972\">Pferdeschmuck<\/a>,\u00a0<a class=\"external-link-new-window\" title=\"Dala-Pferd auf dem Blog von amberemotion\" href=\"http:\/\/amberemotion.blogspot.com\/2014\/08\/dala-horse-give-away.html\" target=\"_blank\" rel=\"noopener\">amberemotion.blog<\/a>,\u00a0<a class=\"external-link-new-window\" title=\"Dalapferd auf SeelenSachen\" href=\"http:\/\/www.seelensachen.at\/2014\/08\/jetzt-hab-ich-ein-pferd-am-hals\" target=\"_blank\" rel=\"noopener\">SeelenSachen<\/a>,\u00a0<a class=\"external-link-new-window\" title=\"DALA-Pferd MIT Kette (classic)\" href=\"http:\/\/www.nicestthings.com\/2014\/08\/himbeer-galette-mit-chiasamen-dalapferd.html\" target=\"_blank\" rel=\"noopener\">Nicest Things<\/a><\/p>\n","protected":false},"excerpt":{"rendered":"<p style=\"text-align: center;\"><strong>Halskette Pferd<\/strong>\u00a0f\u00fcr Erwachsene, Jugendliche, Teenager in der Version classic (Version small als <a title=\"Kette Pferd f\u00fcr M\u00e4dchen Kinder\" href=\"https:\/\/www.amberemotion.com\/halsschmuck\/produkt\/anhaenger-dalapferd-small.html\" target=\"_blank\" rel=\"noopener\">Kette Pferd f\u00fcr M\u00e4dchen Kinder<\/a>) wurde inspiriert von dem schwedischen Dalapferd (<a title=\"Dalapferd Dalah\u00e4st\" href=\"https:\/\/de.wikipedia.org\/wiki\/Dalapferd\" target=\"_blank\" rel=\"noopener\">Dalah\u00e4st<\/a>).<\/p>\n","protected":false},"featured_media":12927,"template":"","meta":[],"product_cat":[238],"product_tag":[158,147],"class_list":{"0":"post-6753","1":"product","2":"type-product","3":"status-publish","4":"has-post-thumbnail","6":"product_cat-halsschmuck-pl","7":"product_tag-dalapferd-pl","8":"product_tag-enjoy-the-little-things-pl","10":"first","11":"instock","12":"featured","13":"taxable","14":"shipping-taxable","15":"purchasable","16":"product-type-variable","17":"has-default-attributes"},"acf":[],"aioseo_notices":[],"_links":{"self":[{"href":"https:\/\/www.amberemotion.com\/pl\/wp-json\/wp\/v2\/product\/6753","targetHints":{"allow":["GET"]}}],"collection":[{"href":"https:\/\/www.amberemotion.com\/pl\/wp-json\/wp\/v2\/product"}],"about":[{"href":"https:\/\/www.amberemotion.com\/pl\/wp-json\/wp\/v2\/types\/product"}],"wp:featuredmedia":[{"embeddable":true,"href":"https:\/\/www.amberemotion.com\/pl\/wp-json\/wp\/v2\/media\/12927"}],"wp:attachment":[{"href":"https:\/\/www.amberemotion.com\/pl\/wp-json\/wp\/v2\/media?parent=6753"}],"wp:term":[{"taxonomy":"product_cat","embeddable":true,"href":"https:\/\/www.amberemotion.com\/pl\/wp-json\/wp\/v2\/product_cat?post=6753"},{"taxonomy":"product_tag","embeddable":true,"href":"https:\/\/www.amberemotion.com\/pl\/wp-json\/wp\/v2\/product_tag?post=6753"}],"curies":[{"name":"wp","href":"https:\/\/api.w.org\/{rel}","templated":true}]}}