{"id":6702,"date":"2021-07-11T15:03:21","date_gmt":"2021-07-11T13:03:21","guid":{"rendered":"https:\/\/www.amberemotion.com\/product\/bez-kategorii\/anhanger-dalapferd-small\/"},"modified":"2024-01-07T01:12:33","modified_gmt":"2024-01-07T00:12:33","slug":"anhanger-dalapferd-small","status":"publish","type":"product","link":"https:\/\/www.amberemotion.com\/pl\/produkt\/anhanger-dalapferd-small.html","title":{"rendered":"Kette Pferd f\u00fcr M\u00e4dchen Kinder"},"content":{"rendered":"<p>Es ist moderner Schmuck f\u00fcr Pferdeliebhaber und mit einer zarten Kette ein wirklicher Hingucker. Getreu seinem Kollektionsnamen bezaubert dieser schlichte <strong>Silberanh\u00e4nger mit Pferd<\/strong> nicht nur mit seinem Design aber auch mit einer liebevollen und pr\u00e4zisen Handarbeit.<\/p>\n<p>Das kleine Pferdchen hat eine fein mattierte Oberfl\u00e4che, wobei alle anderen Seiten sind gl\u00e4nzend. Dieser\u00a0fantastische Kontrast zwischen MATT &amp; GLANZ macht den Anh\u00e4nger sehr edel.<\/p>\n<p class=\"bodytext\">Mehr\u00a0zu diesem\u00a0<strong>Silber Anh\u00e4nger<\/strong>\u00a0<b>mit Pferd<\/b>\u00a0finden\u00a0Sie auf:\u00a0<a class=\"external-link-new-window\" title=\"Dala-Pferd auf dem Blog von amberemotion\" href=\"http:\/\/amberemotion.blogspot.com\/2014\/08\/dala-horse-give-away.html\" target=\"_blank\" rel=\"noopener\">amberemotion.blog<\/a>,\u00a0<a class=\"external-link-new-window\" title=\"Dalapferd auf SeelenSachen\" href=\"http:\/\/www.seelensachen.at\/2014\/08\/jetzt-hab-ich-ein-pferd-am-hals\/\" target=\"_blank\" rel=\"noopener\">SeelenSachen<\/a>,\u00a0<a class=\"external-link-new-window\" title=\"DALA-Pferd MIT Kette (classic)\" href=\"http:\/\/www.nicestthings.com\/2014\/08\/himbeer-galette-mit-chiasamen-dalapferd.html\" target=\"_blank\" rel=\"noopener\">Nicest Things<\/a>\u00a0&amp;\u00a0<a class=\"external-link-new-window\" title=\"DALA-Pferd MIT Kette (small)\" href=\"http:\/\/lililotta.blogspot.com\/2014\/08\/things-i-lovegroe-liebe-zu-einem.html\" target=\"_blank\" rel=\"noopener\">Lililotta Blog<\/a><\/p>\n<p class=\"bodytext\">Der\u00a0<strong>Anh\u00e4nger<\/strong>\u00a0<b>Dalapferd<\/b>\u00a0kommt zu Ihnen in edler\u00a0<a class=\"external-link-new-window\" title=\"Schmuckverpackung\" href=\"https:\/\/www.amberemotion.com\/service\/schmuckverpackung.html\" target=\"_blank\" rel=\"noopener\">Schmuckverpackung<\/a>\u00a0und auf Anfrage bieten wir unseren kreativen\u00a0<a class=\"external-link-new-window\" title=\"Geschenkservice\" href=\"https:\/\/www.amberemotion.com\/schoene-geschenke\/produkt\/geschenkservice-fuer-250-eur.html\" target=\"_blank\" rel=\"noopener\">Geschenkservice<\/a>\u00a0f\u00fcr entz\u00fcckende Geschenkgestaltung an.<\/p>\n<p>\u2022\u00a0925\/- Silber massiv<br \/>\n\u2022\u00a0Dalapferd-Gr\u00f6\u00dfe 12 x 12 mm,\u00a0St\u00e4rke 2,8 mm<br \/>\n\u2022\u00a0auf der R\u00fcckseite intergrierte Silber\u00f6se<br \/>\n\u2022\u00a0diamantierte Ankerkette mit Gesamtl\u00e4nge 45 cm (verstellbar zwischen 42 &#8211; 45 cm)<br \/>\n\u2022 der Anh\u00e4nger kann auch mit eigenen Ketten mit schmaler \u00d6se getragen werden<\/p>\n","protected":false},"excerpt":{"rendered":"<p class=\"bodytext\" style=\"text-align: center;\">F\u00fcr Pferdeliebhaber ist dieser entz\u00fcckende <strong>Silber Anh\u00e4nger<\/strong> <b>Pferd<\/b>\u00a0in Version\u00a0<i>small<\/i>\u00a0genau das richtige Geschenk f\u00fcr Reiterinnen aus unserer erlesenen <a class=\"internal-link\" title=\"Opens internal link in current window\" href=\"https:\/\/www.amberemotion.com\/kollektion\/dalapferd.html#c972\">Schmuck-Kollektion DALAPFERD<\/a>. Pferdeschmuck f\u00fcr M\u00e4dchen. Schmuck f\u00fcr Reiterinnen.<\/p>\n<p>&nbsp;<\/p>\n","protected":false},"featured_media":12891,"template":"","meta":[],"product_cat":[349,238],"product_tag":[158],"class_list":{"0":"post-6702","1":"product","2":"type-product","3":"status-publish","4":"has-post-thumbnail","6":"product_cat-bestsellery","7":"product_cat-halsschmuck-pl","8":"product_tag-dalapferd-pl","10":"first","11":"instock","12":"featured","13":"taxable","14":"shipping-taxable","15":"purchasable","16":"product-type-variable","17":"has-default-attributes"},"acf":[],"aioseo_notices":[],"_links":{"self":[{"href":"https:\/\/www.amberemotion.com\/pl\/wp-json\/wp\/v2\/product\/6702","targetHints":{"allow":["GET"]}}],"collection":[{"href":"https:\/\/www.amberemotion.com\/pl\/wp-json\/wp\/v2\/product"}],"about":[{"href":"https:\/\/www.amberemotion.com\/pl\/wp-json\/wp\/v2\/types\/product"}],"wp:featuredmedia":[{"embeddable":true,"href":"https:\/\/www.amberemotion.com\/pl\/wp-json\/wp\/v2\/media\/12891"}],"wp:attachment":[{"href":"https:\/\/www.amberemotion.com\/pl\/wp-json\/wp\/v2\/media?parent=6702"}],"wp:term":[{"taxonomy":"product_cat","embeddable":true,"href":"https:\/\/www.amberemotion.com\/pl\/wp-json\/wp\/v2\/product_cat?post=6702"},{"taxonomy":"product_tag","embeddable":true,"href":"https:\/\/www.amberemotion.com\/pl\/wp-json\/wp\/v2\/product_tag?post=6702"}],"curies":[{"name":"wp","href":"https:\/\/api.w.org\/{rel}","templated":true}]}}