{"id":6688,"date":"2021-07-11T15:12:00","date_gmt":"2021-07-11T13:12:00","guid":{"rendered":"https:\/\/www.amberemotion.com\/product\/bez-kategorii\/stern-anhanger\/"},"modified":"2023-03-26T22:30:41","modified_gmt":"2023-03-26T20:30:41","slug":"stern-anhanger","status":"publish","type":"product","link":"https:\/\/www.amberemotion.com\/pl\/produkt\/stern-anhanger.html","title":{"rendered":"STERN Anh\u00e4nger &#8211; Halskette mit Sternchen"},"content":{"rendered":"<p class=\"bodytext\" lang=\"am\">Klein, fein und umso wirkungsvoller baumelt dieses zuckers\u00fc\u00dfe Schmuckst\u00fcck an Ihrer Lieblingskette an Ihrem Hals. Leicht kombinierbar und immer passend l\u00e4sst Sie dieser wandelbare\u00a0<strong>Stern-Anh\u00e4nger<\/strong>\u00a0in Ihrem Alltag und zu jedem Anlass definitiv sternengleich erstrahlen.<\/p>\n<p class=\"bodytext\" lang=\"am\">Mehr \u00fcber den\u00a0<strong>Stern Anh\u00e4nger<\/strong>\u00a0auf:<br \/>\n<a class=\"internal-link\" title=\"Opens internal link in current window\" href=\"https:\/\/www.amberemotion.com\/kollektion\/little-star.html\">Kollektion &#8222;little star&#8221;<\/a>,\u00a0<a class=\"external-link-new-window\" title=\"Zum BLOG\" href=\"http:\/\/amberemotion.blogspot.com\/2012\/12\/little-star-give-away.html\" target=\"_blank\" rel=\"noopener\">amberemotion.blog<\/a>,\u00a0<a class=\"external-link-new-window\" title=\"Nicest Things von little star\" href=\"http:\/\/www.nicestthings.com\/2012\/12\/stars-of-silver-and-gingerbread.html\" target=\"_blank\" rel=\"noopener\">Nicest Things<\/a>,\u00a0<a class=\"external-link-new-window\" title=\"My House of Ideas von little star\" href=\"http:\/\/myhouseofideas.blogspot.com\/2013\/02\/statt-herzen-zamiast-serduszka.html\" target=\"_blank\" rel=\"noopener\">My House of Ideas<\/a>, <a class=\"external-link-new-window\" title=\"little star auf Seelensachen\" href=\"http:\/\/www.seelensachen.at\/2013\/12\/1-dezember-1-advent-und-wie-die-weihnachtswichtel-ihrer-arbeit-nachkommen\/\" target=\"_blank\" rel=\"noopener\">Seelensachen<\/a>.<\/p>\n<p class=\"bodytext\">Dieser zarte\u00a0<strong>Stern Anh\u00e4nger<\/strong>\u00a0kommt zu Ihnen in edler\u00a0<a class=\"internal-link\" title=\"Schmuckverpackung\" href=\"https:\/\/www.amberemotion.com\/service\/schmuckverpackung.html#c815\">Schmuckverpackung<\/a>\u00a0und auf Wunsch bieten wir unseren kreativen\u00a0<a class=\"external-link-new-window\" title=\"Geschenkservice\" href=\"https:\/\/www.amberemotion.com\/schoene-geschenke\/produkt\/geschenkservice-fuer-250-eur.html\" target=\"_blank\" rel=\"noopener\">Geschenkservice<\/a>\u00a0f\u00fcr 2,50 EUR an.<\/p>\n<p>\u2022 Handmade, 925\/- Silber\u00a0massiv gl\u00e4nzend<br \/>\n\u2022 Stern-Gr\u00f6\u00dfe 8 mm plus Silber\u00f6se\u00a0\u22054 mm\u00a0(gel\u00f6tet)<br \/>\n\u2022 diamantierte Ankerkette mit Gesamtl\u00e4nge von 45 cm (42 + 3 cm Verl\u00e4ngerung)<br \/>\n\u2022 der Anh\u00e4nger kann auch mit eigenen Ketten getragen werden<\/p>\n","protected":false},"excerpt":{"rendered":"<p class=\"bodytext\" style=\"text-align: center;\">In den kleinen Dingen des Lebens liegt die Sch\u00f6nheit: dies best\u00e4tigt auch der hauchzarte\u00a0<strong>Stern Anh\u00e4nger<\/strong>\u00a0aus unserer beliebten\u00a0Silberschmuck\u00a0<a class=\"internal-link\" title=\"Opens internal link in current window\" href=\"https:\/\/www.amberemotion.com\/kollektion\/little-star.html#c885\">Kollektion \u201elittle star&#8221;<\/a>\u00a0\u2013 eine Hommage an all die wundersch\u00f6nen Kleinigkeiten, die das Leben bereith\u00e4lt.<\/p>\n","protected":false},"featured_media":5411,"template":"","meta":[],"product_cat":[238],"product_tag":[147,195],"class_list":{"0":"post-6688","1":"product","2":"type-product","3":"status-publish","4":"has-post-thumbnail","6":"product_cat-halsschmuck-pl","7":"product_tag-enjoy-the-little-things-pl","8":"product_tag-little-star-pl","10":"first","11":"instock","12":"taxable","13":"shipping-taxable","14":"purchasable","15":"product-type-variable"},"acf":[],"aioseo_notices":[],"_links":{"self":[{"href":"https:\/\/www.amberemotion.com\/pl\/wp-json\/wp\/v2\/product\/6688","targetHints":{"allow":["GET"]}}],"collection":[{"href":"https:\/\/www.amberemotion.com\/pl\/wp-json\/wp\/v2\/product"}],"about":[{"href":"https:\/\/www.amberemotion.com\/pl\/wp-json\/wp\/v2\/types\/product"}],"wp:featuredmedia":[{"embeddable":true,"href":"https:\/\/www.amberemotion.com\/pl\/wp-json\/wp\/v2\/media\/5411"}],"wp:attachment":[{"href":"https:\/\/www.amberemotion.com\/pl\/wp-json\/wp\/v2\/media?parent=6688"}],"wp:term":[{"taxonomy":"product_cat","embeddable":true,"href":"https:\/\/www.amberemotion.com\/pl\/wp-json\/wp\/v2\/product_cat?post=6688"},{"taxonomy":"product_tag","embeddable":true,"href":"https:\/\/www.amberemotion.com\/pl\/wp-json\/wp\/v2\/product_tag?post=6688"}],"curies":[{"name":"wp","href":"https:\/\/api.w.org\/{rel}","templated":true}]}}