{"id":6683,"date":"2021-07-11T15:26:38","date_gmt":"2021-07-11T13:26:38","guid":{"rendered":"https:\/\/www.amberemotion.com\/product\/bez-kategorii\/elegantes-stern-collier\/"},"modified":"2024-03-23T22:46:35","modified_gmt":"2024-03-23T21:46:35","slug":"elegantes-stern-collier","status":"publish","type":"product","link":"https:\/\/www.amberemotion.com\/pl\/produkt\/elegantes-stern-collier.html","title":{"rendered":"Collier mit Sternen | Lange Sternenkette"},"content":{"rendered":"<p class=\"bodytext\">Elegant und wirkungsvoll baumeln 8 sch\u00f6ne Sterne an einer feinen langen Gliederkette. Die Halskette wurde von uns zus\u00e4tzlich diamantiert, was einen schimmernden Effekt bei jeder Bewegung ergibt.<br \/>\nLeicht kombinierbar mit unseren anderen Schmuckst\u00fccken der Silberschmuck\u00a0<a class=\"internal-link\" title=\"Opens internal link in current window\" href=\"https:\/\/www.amberemotion.com\/kollektion\/little-star.html#c885\">Kollektion &#8222;<i>little star<\/i>&#8222;<\/a>\u00a0wie Ohrstecker oder Armband\u00a0l\u00e4sst Sie\u00a0dieses wandelbare\u00a0<strong>Stern-Collier<\/strong>\u00a0in Ihrem Alltag und zu jedem Anlass definitiv sternengleich erstrahlen.<\/p>\n<p>Dieses edle\u00a0<strong>Stern Collier<\/strong>\u00a0kommt zu Ihnen in edler\u00a0<a class=\"external-link-new-window\" title=\"Schmuckverpackung\" href=\"https:\/\/www.amberemotion.com\/service\/schmuckverpackung.html\" target=\"_blank\" rel=\"noopener\">Schmuckverpackung<\/a>\u00a0und auf Anfrage bieten wir unseren kreativen\u00a0<a class=\"external-link-new-window\" title=\"Geschenkservice\" href=\"https:\/\/www.amberemotion.com\/schoene-geschenke\/produkt\/geschenkservice-fuer-250-eur.html\" target=\"_blank\" rel=\"noopener\">Geschenkservice<\/a>\u00a0f\u00fcr entz\u00fcckende Geschenkgestaltung an.<\/p>\n<style>#porto-info-list16254153969f5eb5a0308a i { color: #21293c;font-size: 16px; }<\/style><ul id=\"porto-info-list16254153969f5eb5a0308a\" class=\"porto-info-list pl-4\">\n<li class=\"porto-info-list-item\"><i class=\"porto-info-icon fa fa-check-circle\"><\/i><div class=\"porto-info-list-item-desc\" style=\"font-size: 14px;\">\n925\/- Silber gl\u00e4nzend<br \/>\n<\/div><\/li>\n<li class=\"porto-info-list-item\"><i class=\"porto-info-icon fa fa-check-circle\"><\/i><div class=\"porto-info-list-item-desc\" style=\"font-size: 14px;\">\nfeine diamantierte Ankerkette 85 cm<br \/>\n<\/div><\/li>\n<li class=\"porto-info-list-item\"><i class=\"porto-info-icon fa fa-check-circle\"><\/i><div class=\"porto-info-list-item-desc\" style=\"font-size: 14px;\">\n8 Sterne\u00a0in Gr\u00f6\u00dfe 8 mm mit kleinen Silber\u00f6sen (gel\u00f6tet)<br \/>\n<\/div><\/li>\n<li class=\"porto-info-list-item\"><i class=\"porto-info-icon fa fa-check-circle\"><\/i><div class=\"porto-info-list-item-desc\" style=\"font-size: 14px;\">\nSterne aus massivem Silber<br \/>\n<\/div><\/li>\n<p>&nbsp;<\/p>\n<p><\/ul>\n","protected":false},"excerpt":{"rendered":"<p class=\"bodytext\">Exklusives Silbercollier mit funkelnden Sternen ist die perfekte Erg\u00e4nzung f\u00fcr jedes Outfit. Mit ihrer schlichten Eleganz und acht Sternchen ist diese Halskette ein echter Hingucker.<\/p>\n","protected":false},"featured_media":6686,"template":"","meta":[],"product_cat":[238],"product_tag":[195],"class_list":{"0":"post-6683","1":"product","2":"type-product","3":"status-publish","4":"has-post-thumbnail","6":"product_cat-halsschmuck-pl","7":"product_tag-little-star-pl","9":"first","10":"instock","11":"taxable","12":"shipping-taxable","13":"purchasable","14":"product-type-simple"},"acf":[],"aioseo_notices":[],"_links":{"self":[{"href":"https:\/\/www.amberemotion.com\/pl\/wp-json\/wp\/v2\/product\/6683","targetHints":{"allow":["GET"]}}],"collection":[{"href":"https:\/\/www.amberemotion.com\/pl\/wp-json\/wp\/v2\/product"}],"about":[{"href":"https:\/\/www.amberemotion.com\/pl\/wp-json\/wp\/v2\/types\/product"}],"wp:featuredmedia":[{"embeddable":true,"href":"https:\/\/www.amberemotion.com\/pl\/wp-json\/wp\/v2\/media\/6686"}],"wp:attachment":[{"href":"https:\/\/www.amberemotion.com\/pl\/wp-json\/wp\/v2\/media?parent=6683"}],"wp:term":[{"taxonomy":"product_cat","embeddable":true,"href":"https:\/\/www.amberemotion.com\/pl\/wp-json\/wp\/v2\/product_cat?post=6683"},{"taxonomy":"product_tag","embeddable":true,"href":"https:\/\/www.amberemotion.com\/pl\/wp-json\/wp\/v2\/product_tag?post=6683"}],"curies":[{"name":"wp","href":"https:\/\/api.w.org\/{rel}","templated":true}]}}