{"id":6670,"date":"2021-07-11T16:14:47","date_gmt":"2021-07-11T14:14:47","guid":{"rendered":"https:\/\/www.amberemotion.com\/product\/bez-kategorii\/halskette-schleife\/"},"modified":"2023-11-29T23:02:18","modified_gmt":"2023-11-29T22:02:18","slug":"halskette-schleife","status":"publish","type":"product","link":"https:\/\/www.amberemotion.com\/pl\/produkt\/halskette-schleife.html","title":{"rendered":"Halskette SCHLEIFE"},"content":{"rendered":"<p>Liebevoll verarbeitet, grazil und verf\u00fchrerisch sch\u00f6n: diese kleine\u00a0<strong>Halskette Schleife<\/strong>\u00a0sieht garantiert an jedem Hals entz\u00fcckend aus. Mit schlichter Eleganz, die niemals \u201etoo much\u201c oder zu unauff\u00e4llig sein wird, ist der Anh\u00e4nger, der an einer filigranen\u00a0Gliederkette baumelt, sowohl alltagstauglich als auch f\u00fcr ganz besondere Anl\u00e4sse geeignet. Gleichg\u00fcltig, wie sie diese zarte Halskette kombinieren \u2013 Sie l\u00e4sst ihr Herz f\u00fcr kleine Sch\u00f6nheiten auf jeden Fall h\u00f6her schlagen.<\/p>\n<p class=\"bodytext\">Diese edle\u00a0<strong>Halskette Schleife<\/strong>\u00a0kommt zu Ihnen in edler\u00a0<a class=\"external-link-new-window\" title=\"Schmuckverpackung\" href=\"https:\/\/www.amberemotion.com\/service\/schmuckverpackung.html\" target=\"_blank\" rel=\"noopener\">Schmuckverpackung<\/a>\u00a0und auf Anfrage bieten wir unseren kreativen\u00a0<a class=\"external-link-new-window\" title=\"Geschenkservice\" href=\"https:\/\/www.amberemotion.com\/schoene-geschenke\/produkt\/geschenkservice-fuer-250-eur.html\" target=\"_blank\" rel=\"noopener\">Geschenkservice<\/a>\u00a0f\u00fcr entz\u00fcckende Geschenkgestaltung an.<\/p>\n<p>Mehr\u00a0zu dieser\u00a0<strong>Halskette Schleife<\/strong>\u00a0finden\u00a0Sie auf:\u00a0<a class=\"external-link-new-window\" title=\"Halskette \" href=\"http:\/\/amberemotion.blogspot.com\/2014\/10\/give-away-with-mademoiselle-bow-little.html\" target=\"_blank\" rel=\"noopener\">amberemotion.blog<\/a>.<\/p>\n<style>#porto-info-list192566957869fed31b998d3 i { color: #21293c;font-size: 16px; }<\/style><ul id=\"porto-info-list192566957869fed31b998d3\" class=\"porto-info-list pl-4\">\n<li class=\"porto-info-list-item\"><i class=\"porto-info-icon fa fa-check-circle\"><\/i><div class=\"porto-info-list-item-desc\" style=\"font-size: 14px;\">\n925\/- Silber massiv<br \/>\n<\/div><\/li>\n<li class=\"porto-info-list-item\"><i class=\"porto-info-icon fa fa-check-circle\"><\/i><div class=\"porto-info-list-item-desc\" style=\"font-size: 14px;\">\ndie ganze Schleife ist fein mattiert<br \/>\n<\/div><\/li>\n<li class=\"porto-info-list-item\"><i class=\"porto-info-icon fa fa-check-circle\"><\/i><div class=\"porto-info-list-item-desc\" style=\"font-size: 14px;\">\nSchleife: 13 x 12 mm mit der St\u00e4rke 5 mm &amp; zarte<br \/>\n<\/div><\/li>\n<li class=\"porto-info-list-item\"><i class=\"porto-info-icon fa fa-check-circle\"><\/i><div class=\"porto-info-list-item-desc\" style=\"font-size: 14px;\">\ndiamantierte Ankerkette 42 cm<br \/>\n<\/div><\/li>\n<p>&nbsp;<\/p>\n<p><\/ul>\n","protected":false},"excerpt":{"rendered":"<p class=\"bodytext\" style=\"text-align: center;\">In den kleinen Dingen des Lebens liegt die Sch\u00f6nheit: dies best\u00e4tigt auch diese zarte Silber\u00a0<strong>Halskette Schleife<\/strong>\u00a0aus der erlesenen\u00a0<a class=\"internal-link\" title=\"Silberschmuck aus der Kollektion\" href=\"https:\/\/www.amberemotion.com\/kollektion\/enjoy-the-little-things.html#c884\">Schmuck-Kollektion \u201eEnjoy the little Things\u201d<\/a> \u2013 eine Hommage an all die wundersch\u00f6nen\u00a0 Kleinigkeiten, die das Leben bereith\u00e4lt.<\/p>\n<p class=\"bodytext\" style=\"text-align: center;\">Unsere Halskette ist das perfekte Accessoire f\u00fcr jedes Outfit und versch\u00f6nert jeden Look. Sie ist nicht nur ein gew\u00f6hnliches Schmuckst\u00fcck, sondern eine stilvolle Erg\u00e4nzung, die Ihre Pers\u00f6nlichkeit unterstreicht.<\/p>\n","protected":false},"featured_media":6673,"template":"","meta":[],"product_cat":[238],"product_tag":[147],"class_list":{"0":"post-6670","1":"product","2":"type-product","3":"status-publish","4":"has-post-thumbnail","6":"product_cat-halsschmuck-pl","7":"product_tag-enjoy-the-little-things-pl","9":"first","10":"instock","11":"taxable","12":"shipping-taxable","13":"purchasable","14":"product-type-variable"},"acf":[],"aioseo_notices":[],"_links":{"self":[{"href":"https:\/\/www.amberemotion.com\/pl\/wp-json\/wp\/v2\/product\/6670","targetHints":{"allow":["GET"]}}],"collection":[{"href":"https:\/\/www.amberemotion.com\/pl\/wp-json\/wp\/v2\/product"}],"about":[{"href":"https:\/\/www.amberemotion.com\/pl\/wp-json\/wp\/v2\/types\/product"}],"wp:featuredmedia":[{"embeddable":true,"href":"https:\/\/www.amberemotion.com\/pl\/wp-json\/wp\/v2\/media\/6673"}],"wp:attachment":[{"href":"https:\/\/www.amberemotion.com\/pl\/wp-json\/wp\/v2\/media?parent=6670"}],"wp:term":[{"taxonomy":"product_cat","embeddable":true,"href":"https:\/\/www.amberemotion.com\/pl\/wp-json\/wp\/v2\/product_cat?post=6670"},{"taxonomy":"product_tag","embeddable":true,"href":"https:\/\/www.amberemotion.com\/pl\/wp-json\/wp\/v2\/product_tag?post=6670"}],"curies":[{"name":"wp","href":"https:\/\/api.w.org\/{rel}","templated":true}]}}