{"id":6642,"date":"2021-07-11T16:18:05","date_gmt":"2021-07-11T14:18:05","guid":{"rendered":"https:\/\/www.amberemotion.com\/product\/bez-kategorii\/halskette-schleife-mademoiselle-bow\/"},"modified":"2023-04-15T23:18:44","modified_gmt":"2023-04-15T21:18:44","slug":"halskette-schleife-mademoiselle-bow","status":"publish","type":"product","link":"https:\/\/www.amberemotion.com\/pl\/produkt\/halskette-schleife-mademoiselle-bow.html","title":{"rendered":"Halskette Schleife MADEMOISELLE BOW"},"content":{"rendered":"<p class=\"bodytext\">Die pure Romantik vermag es, dieser ohnehin schon verf\u00fchrerischen\u00a0<strong>Halskette<\/strong>\u00a0noch mehr Weiblichkeit zu verleihen und es zu einem\u00a0<strong>Schmuckst\u00fcck<\/strong>\u00a0zu vollenden, das sicherlich zu den Lieblingsst\u00fccken einer jeden Frau avancieren wird. Zus\u00e4tzlich bezaubert die MADEMOISELLE BOW\u00a0nicht nur mit seinem\u00a0<strong>romantischen Design<\/strong>\u00a0aber auch mit einer\u00a0liebevollen und\u00a0<strong>pr\u00e4zisen Handarbeit<\/strong>. Die Schleife hat eine fein mattierte Oberfl\u00e4che, wobei alle anderen Seiten sind gl\u00e4nzend. Dieser\u00a0fantastische Kontrast zwischen MATT &amp; GLAZ macht die ganze\u00a0<strong>Halskette sehr edel<\/strong>.<\/p>\n<p class=\"bodytext\">Mehr\u00a0zu diesem Artikel finden\u00a0Sie auf\u00a0<a class=\"external-link-new-window\" title=\"MADEMOISELLE BOW auf dem Blog\" href=\"http:\/\/amberemotion.blogspot.com\/2014\/10\/give-away-with-mademoiselle-bow-little.html\" target=\"_blank\" rel=\"noopener\">amberemotion.blog<\/a>,\u00a0<a class=\"external-link-new-window\" title=\"MADEMOISELLE BOW auf Nicest Things\" href=\"http:\/\/www.nicestthings.com\/2014\/10\/diy-bat-bow-halloween-kostum.html\" target=\"_blank\" rel=\"noopener\">Nicest Things<\/a>.<\/p>\n<p class=\"bodytext\">Diese edle<strong>\u00a0Halskette\u00a0<\/strong>kommt zu Ihnen in edler\u00a0<a class=\"external-link-new-window\" title=\"Schmuckverpackung\" href=\"https:\/\/www.amberemotion.com\/service\/schmuckverpackung.html\" target=\"_blank\" rel=\"noopener\">Schmuckverpackung<\/a>\u00a0und auf Anfrage bieten wir unseren kreativen\u00a0<a class=\"external-link-new-window\" title=\"Geschenkservice\" href=\"https:\/\/www.amberemotion.com\/schoene-geschenke\/produkt\/geschenkservice-fuer-250-eur.html\" target=\"_blank\" rel=\"noopener\">Geschenkservice<\/a>\u00a0f\u00fcr entz\u00fcckende Geschenkgestaltung an.<\/p>\n<style>#porto-info-list124374834869f862ac2c0cc i { color: #21293c;font-size: 16px; }<\/style><ul id=\"porto-info-list124374834869f862ac2c0cc\" class=\"porto-info-list pl-4\">\n<li class=\"porto-info-list-item\"><i class=\"porto-info-icon fa fa-check-circle\"><\/i><div class=\"porto-info-list-item-desc\" style=\"font-size: 14px;\">\n925\/- Silber massiv<br \/>\n<\/div><\/li>\n<li class=\"porto-info-list-item\"><i class=\"porto-info-icon fa fa-check-circle\"><\/i><div class=\"porto-info-list-item-desc\" style=\"font-size: 14px;\">\nOberfl\u00e4che fein mattiert &amp; Aussen- &amp; R\u00fcckseite gl\u00e4nzend<br \/>\n<\/div><\/li>\n<li class=\"porto-info-list-item\"><i class=\"porto-info-icon fa fa-check-circle\"><\/i><div class=\"porto-info-list-item-desc\" style=\"font-size: 14px;\">\nSchleife: 24 x 24 mm mit der St\u00e4rke 1,3 mm &amp; zarte<br \/>\n<\/div><\/li>\n<li class=\"porto-info-list-item\"><i class=\"porto-info-icon fa fa-check-circle\"><\/i><div class=\"porto-info-list-item-desc\" style=\"font-size: 14px;\">\ndiamentierte\u00a0Gliederkette 42 mit der\u00a0Verl\u00e4ngerung 3 cm<br \/>\n<\/div><\/li>\n<p>&nbsp;<\/p>\n<p><\/ul>\n","protected":false},"excerpt":{"rendered":"<p class=\"bodytext\" style=\"text-align: center;\">Weder zu zierlich noch zu auff\u00e4llig schmiegt sich die feine\u00a0<strong>Halskette<\/strong>\u00a0<strong>Schleife<\/strong>\u00a0<strong>MADEMOISELE BOW<\/strong>, welche aus purem\u00a0<a class=\"internal-link\" title=\"Opens internal link in current window\" href=\"https:\/\/www.amberemotion.com\/schmucklexikon\/silber.html#c104\">925er Silber<\/a>\u00a0angefertigt wurde, auf jedem Frauendekollet\u00e9.<\/p>\n","protected":false},"featured_media":6644,"template":"","meta":[],"product_cat":[238],"product_tag":[],"class_list":{"0":"post-6642","1":"product","2":"type-product","3":"status-publish","4":"has-post-thumbnail","6":"product_cat-halsschmuck-pl","8":"first","9":"instock","10":"taxable","11":"shipping-taxable","12":"purchasable","13":"product-type-simple"},"acf":[],"aioseo_notices":[],"_links":{"self":[{"href":"https:\/\/www.amberemotion.com\/pl\/wp-json\/wp\/v2\/product\/6642","targetHints":{"allow":["GET"]}}],"collection":[{"href":"https:\/\/www.amberemotion.com\/pl\/wp-json\/wp\/v2\/product"}],"about":[{"href":"https:\/\/www.amberemotion.com\/pl\/wp-json\/wp\/v2\/types\/product"}],"wp:featuredmedia":[{"embeddable":true,"href":"https:\/\/www.amberemotion.com\/pl\/wp-json\/wp\/v2\/media\/6644"}],"wp:attachment":[{"href":"https:\/\/www.amberemotion.com\/pl\/wp-json\/wp\/v2\/media?parent=6642"}],"wp:term":[{"taxonomy":"product_cat","embeddable":true,"href":"https:\/\/www.amberemotion.com\/pl\/wp-json\/wp\/v2\/product_cat?post=6642"},{"taxonomy":"product_tag","embeddable":true,"href":"https:\/\/www.amberemotion.com\/pl\/wp-json\/wp\/v2\/product_tag?post=6642"}],"curies":[{"name":"wp","href":"https:\/\/api.w.org\/{rel}","templated":true}]}}