{"id":6596,"date":"2021-07-11T17:01:23","date_gmt":"2021-07-11T15:01:23","guid":{"rendered":"https:\/\/www.amberemotion.com\/product\/bez-kategorii\/geometrische-halskette-geo-no-1\/"},"modified":"2024-01-06T19:23:06","modified_gmt":"2024-01-06T18:23:06","slug":"geometrische-halskette-geo-no-1","status":"publish","type":"product","link":"https:\/\/www.amberemotion.com\/pl\/produkt\/geometrische-halskette-geo-no-1.html","title":{"rendered":"Geometrische Halskette GEO No.1"},"content":{"rendered":"<p class=\"bodytext\">Die hochwertige\u00a0<strong>minimalistische Halskette<\/strong>\u00a0<b>GEO No. 1<\/b>\u00a0aus unserem ebenso minimalistischen wie stilvollen\u00a0<a class=\"external-link-new-window\" title=\"Geometrischer Schmuck\" href=\"https:\/\/www.amberemotion.com\/kollektion\/geometric.html\" target=\"_blank\" rel=\"noopener\">Schmuckset GEOMETRIC<\/a>\u00a0ist ein origineller Blickfang und ein Accessoire, das sich m\u00fchelos mit anderen Schmuckst\u00fccken derselben Kollektion kombinieren l\u00e4sst.<\/p>\n<p class=\"bodytext\">Dank seiner edlen Schlichtheit und zarten Eleganz ist diese Kette sowohl alltagstauglich als auch zum Tragen bei besonderen Anl\u00e4ssen hervorragend geeignet. Gleichg\u00fcltig, ob Sie sich f\u00fcr die goldene, silberne oder ros\u00e9farbene Variante entscheiden &#8211;\u00a0 dieses Schmuckst\u00fcck werden Sie sicherlich nicht mehr hergeben wollen..<\/p>\n<p class=\"bodytext\">Diese\u00a0<strong>geometrische Kette<\/strong>\u00a0kommt zu Ihnen in edler\u00a0<a class=\"external-link-new-window\" title=\"SCHMUCKVERPACKUNG\" href=\"https:\/\/www.amberemotion.com\/service\/schmuckverpackung.html\" target=\"_blank\" rel=\"noopener\">Schmuckverpackung<\/a>\u00a0und auf Wunsch bieten wir unseren kreativen\u00a0<a class=\"external-link-new-window\" title=\"GESCHENKSERVICE\" href=\"https:\/\/www.amberemotion.com\/schoene-geschenke\/produkt\/geschenkservice-fuer-250-eur.html\" target=\"_blank\" rel=\"noopener\">Geschenkservice<\/a>\u00a0f\u00fcr 2,50 EUR an.<\/p>\n<style>#porto-info-list95705943369f87bbf77b5f i { color: #21293c;font-size: 16px; }<\/style><ul id=\"porto-info-list95705943369f87bbf77b5f\" class=\"porto-info-list pl-4\">\n<li class=\"porto-info-list-item\"><i class=\"porto-info-icon fa fa-check-circle\"><\/i><div class=\"porto-info-list-item-desc\" style=\"font-size: 14px;\">\n925\/- Sterling Silber massiv, gl\u00e4nzend<br \/>\n<\/div><\/li>\n<li class=\"porto-info-list-item\"><i class=\"porto-info-icon fa fa-check-circle\"><\/i><div class=\"porto-info-list-item-desc\" style=\"font-size: 14px;\">\nKreis-Durchmesser: 8 mm, Anh\u00e4nger-Schiene mit rundem Profil &amp; der St\u00e4rke 1,3 mm<br \/>\n<\/div><\/li>\n<li class=\"porto-info-list-item\"><i class=\"porto-info-icon fa fa-check-circle\"><\/i><div class=\"porto-info-list-item-desc\" style=\"font-size: 14px;\">\ndiamantierte Ankerkette 42 cm plus 3 cm Verl\u00e4ngerung<br \/>\n<\/div><\/li>\n<li class=\"porto-info-list-item\"><i class=\"porto-info-icon fa fa-check-circle\"><\/i><div class=\"porto-info-list-item-desc\" style=\"font-size: 14px;\">\nbei Version Rosegold oder Gold wird 22 Karat (916\/- Gold) aufgebracht<br \/>\n<\/div><\/li>\n<p>&nbsp;<\/p>\n<p><\/ul>\n","protected":false},"excerpt":{"rendered":"<p class=\"bodytext\" style=\"text-align: center;\">Der Kreis gilt in der Geometrie als die vollkommenste aller Formen \u2013 und dies zurecht, denn auch als Schmuckst\u00fcck an einer zarten\u00a0<strong>geometrischen Halskette<\/strong>\u00a0h\u00e4ngend macht dieses Symbol eine phantastische Figur.<\/p>\n","protected":false},"featured_media":6597,"template":"","meta":[],"product_cat":[238],"product_tag":[],"class_list":{"0":"post-6596","1":"product","2":"type-product","3":"status-publish","4":"has-post-thumbnail","6":"product_cat-halsschmuck-pl","8":"first","9":"instock","10":"taxable","11":"shipping-taxable","12":"purchasable","13":"product-type-variable"},"acf":[],"aioseo_notices":[],"_links":{"self":[{"href":"https:\/\/www.amberemotion.com\/pl\/wp-json\/wp\/v2\/product\/6596","targetHints":{"allow":["GET"]}}],"collection":[{"href":"https:\/\/www.amberemotion.com\/pl\/wp-json\/wp\/v2\/product"}],"about":[{"href":"https:\/\/www.amberemotion.com\/pl\/wp-json\/wp\/v2\/types\/product"}],"wp:featuredmedia":[{"embeddable":true,"href":"https:\/\/www.amberemotion.com\/pl\/wp-json\/wp\/v2\/media\/6597"}],"wp:attachment":[{"href":"https:\/\/www.amberemotion.com\/pl\/wp-json\/wp\/v2\/media?parent=6596"}],"wp:term":[{"taxonomy":"product_cat","embeddable":true,"href":"https:\/\/www.amberemotion.com\/pl\/wp-json\/wp\/v2\/product_cat?post=6596"},{"taxonomy":"product_tag","embeddable":true,"href":"https:\/\/www.amberemotion.com\/pl\/wp-json\/wp\/v2\/product_tag?post=6596"}],"curies":[{"name":"wp","href":"https:\/\/api.w.org\/{rel}","templated":true}]}}