{"id":6528,"date":"2021-07-11T19:41:22","date_gmt":"2021-07-11T17:41:22","guid":{"rendered":"https:\/\/www.amberemotion.com\/product\/bez-kategorii\/ring-papierboot\/"},"modified":"2024-01-22T17:09:16","modified_gmt":"2024-01-22T16:09:16","slug":"ring-papierboot","status":"publish","type":"product","link":"https:\/\/www.amberemotion.com\/pl\/produkt\/ring-papierboot.html","title":{"rendered":"Ring PAPIERBOOT | Damenring mit Segelboot"},"content":{"rendered":"<p class=\"bodytext\" lang=\"am\">Die niedliche Gr\u00f6\u00dfe des Papierboots verleiht diesem Ring au\u00dferdem eine besonders feminine Note sowie einen Hauch Grazilit\u00e4t. Ganz klar: Dieses bezaubernde Schm\u00fcckst\u00fcck l\u00e4sst seinen Tr\u00e4ger Lust darauf bekommen, sofort die Segel zu setzen, um die Welt nach weiteren kleinen Sch\u00f6nheiten erkunden zu k\u00f6nnen.<\/p>\n<p class=\"bodytext\">Dieser\u00a0<strong>maritime Ring PAPIERBOOT<\/strong>\u00a0kommt zu Ihnen in edler\u00a0<a class=\"internal-link\" title=\"Schmuckverpackung\" href=\"https:\/\/www.amberemotion.com\/service\/schmuckverpackung.html\">Schmuckverpackung\u00a0<\/a>und auf Wunsch bieten wir unseren kreativen\u00a0<a class=\"external-link-new-window\" title=\"Geschenkservice\" href=\"https:\/\/www.amberemotion.com\/schoene-geschenke\/produkt\/geschenkservice-fuer-250-eur.html\" target=\"_blank\" rel=\"noopener\">Geschenkservice<\/a>\u00a0f\u00fcr 2,50 EUR an.<\/p>\n<p>Mehr zu diesem\u00a0<strong>Ring Papierschiff<\/strong>\u00a0auf\u00a0<a class=\"external-link-new-window\" title=\"Ring Papierboot\" href=\"http:\/\/amberemotion.blogspot.com\/2015\/03\/paper-boat-new-accessories_20.html\" target=\"_blank\" rel=\"noopener\">amberemotion.blog<\/a>.<\/p>\n<p>Papeterie:\u00a0<a class=\"external-link-new-window\" title=\"Papeterie\" href=\"https:\/\/www.kukuwaja.de\/\" target=\"_blank\" rel=\"noopener\">kukuwaja<\/a><\/p>\n","protected":false},"excerpt":{"rendered":"<p class=\"bodytext\" style=\"text-align: center;\">Dass elegante Zartheit und edle Verspieltheit ein gutes Paar sind, beweist dieser au\u00dfergew\u00f6hnliche\u00a0<strong>maritime Damenring PAPIERBOOT<\/strong>\u00a0auf ganzer Linie: Dank der liebevollen Verarbeitung und des filigranen Designs ist der Ring aus unserer bew\u00e4hrten maritimen\u00a0<a class=\"internal-link\" title=\"Origami Schmuck\" href=\"https:\/\/www.amberemotion.com\/kollektion\/papierboot.html#c886\">Kollektion Papierboot<\/a>\u00a0ein Schmuckst\u00fcck, von dem man seinen Blick nicht so leicht wieder losrei\u00dfen kann<\/p>\n","protected":false},"featured_media":6533,"template":"","meta":[],"product_cat":[135],"product_tag":[147,154],"class_list":{"0":"post-6528","1":"product","2":"type-product","3":"status-publish","4":"has-post-thumbnail","6":"product_cat-pierscionki","7":"product_tag-enjoy-the-little-things-pl","8":"product_tag-papierboot-pl","10":"first","11":"instock","12":"taxable","13":"shipping-taxable","14":"purchasable","15":"product-type-simple"},"acf":[],"aioseo_notices":[],"_links":{"self":[{"href":"https:\/\/www.amberemotion.com\/pl\/wp-json\/wp\/v2\/product\/6528","targetHints":{"allow":["GET"]}}],"collection":[{"href":"https:\/\/www.amberemotion.com\/pl\/wp-json\/wp\/v2\/product"}],"about":[{"href":"https:\/\/www.amberemotion.com\/pl\/wp-json\/wp\/v2\/types\/product"}],"wp:featuredmedia":[{"embeddable":true,"href":"https:\/\/www.amberemotion.com\/pl\/wp-json\/wp\/v2\/media\/6533"}],"wp:attachment":[{"href":"https:\/\/www.amberemotion.com\/pl\/wp-json\/wp\/v2\/media?parent=6528"}],"wp:term":[{"taxonomy":"product_cat","embeddable":true,"href":"https:\/\/www.amberemotion.com\/pl\/wp-json\/wp\/v2\/product_cat?post=6528"},{"taxonomy":"product_tag","embeddable":true,"href":"https:\/\/www.amberemotion.com\/pl\/wp-json\/wp\/v2\/product_tag?post=6528"}],"curies":[{"name":"wp","href":"https:\/\/api.w.org\/{rel}","templated":true}]}}