{"id":6500,"date":"2021-07-11T20:43:26","date_gmt":"2021-07-11T18:43:26","guid":{"rendered":"https:\/\/www.amberemotion.com\/product\/bez-kategorii\/ring-schmetterling\/"},"modified":"2022-12-31T19:40:56","modified_gmt":"2022-12-31T18:40:56","slug":"ring-schmetterling","status":"publish","type":"product","link":"https:\/\/www.amberemotion.com\/pl\/produkt\/ring-schmetterling.html","title":{"rendered":"Ring SCHMETTERLING"},"content":{"rendered":"<p class=\"bodytext\">Der filigrane\u00a0<strong>Ring SCHMETTERLING<\/strong>\u00a0aus der\u00a0<a class=\"internal-link\" title=\"Silberschmuck Kollektion SCHMETTERLING\" href=\"https:\/\/www.amberemotion.com\/kollektion\/schmetterling.html#c899\">SCHMETTERLING-Kollektion<\/a>\u00a0ist das perfekte Schmuckst\u00fcck f\u00fcr all jene, die bereits am Anfang des Herbstes den Fr\u00fchling oder die lauen Sommerabende herbeisehnen, denn dieser kleine und aufwendig verarbeitete Schmetterling ziert den Finger seiner Tr\u00e4gerin nicht nur an sonnigen Tagen auf verspielte Weise, sondern zaubert Ihnen sicherlich auch bei tr\u00fcbem Wetter ein kleines L\u00e4cheln auf das Gesicht und die Fr\u00fchlingsleichtigkeit ins Herzen.\u00a0Dabei l\u00e4sst er sich spielend einfach mit anderen Ringen kombinieren oder mit weiteren Schmuckst\u00fccken im selben Design erg\u00e4nzen. Ganz gleich, wie und wann Sie ihn tragen werden \u2013 Mit diesem Schmetterling-Ring entpuppt sich jede \u201enoch so kleine Raupe\u201c als gl\u00e4nzender und anmutiger Schmetterling.<\/p>\n<p class=\"bodytext\">Mehr zu diesem\u00a0<strong>Ring SCHMETTERLING<\/strong>\u00a0finden Sie auf\u00a0<a class=\"external-link-new-window\" title=\"amberemotion blog\" href=\"http:\/\/amberemotion.blogspot.com\/2013\/11\/butterfly-collection-give-away.html\" target=\"_blank\" rel=\"noopener\">amberemotion.blog<\/a><\/p>\n<p class=\"bodytext\">Dieser\u00a0<strong>Ring SCHMETTERLING\u00a0<\/strong>kommt zu Ihnen in edler\u00a0<a class=\"internal-link\" title=\"Schmuckverpackung\" href=\"https:\/\/www.amberemotion.com\/service\/schmuckverpackung.html\">Schmuckverpackung\u00a0<\/a>und auf Wunsch bieten wir unseren kreativen\u00a0<a class=\"external-link-new-window\" title=\"Geschenkservice\" href=\"http:\/\/www.amberemotion.de\/schoene-geschenke\/produkt\/geschenkservice-fuer-250-eur.html\" target=\"_blank\" rel=\"noopener\">Geschenkservice<\/a>\u00a0f\u00fcr 2,50 EUR an.<\/p>\n<style>#porto-info-list33745985769f9b42f8189f i { color: #21293c;font-size: 16px; }<\/style><ul id=\"porto-info-list33745985769f9b42f8189f\" class=\"porto-info-list pl-4\">\n<li class=\"porto-info-list-item\"><i class=\"porto-info-icon fa fa-check-circle\"><\/i><div class=\"porto-info-list-item-desc\" style=\"font-size: 14px;\">\n925\/- Silber<br \/>\n<\/div><\/li>\n<li class=\"porto-info-list-item\"><i class=\"porto-info-icon fa fa-check-circle\"><\/i><div class=\"porto-info-list-item-desc\" style=\"font-size: 14px;\">\nRingschiene\u00a0gl\u00e4nzend<br \/>\n<\/div><\/li>\n<li class=\"porto-info-list-item\"><i class=\"porto-info-icon fa fa-check-circle\"><\/i><div class=\"porto-info-list-item-desc\" style=\"font-size: 14px;\">\nSchmetterling-Oberfl\u00e4che mattiert &#8211; Innenseite gl\u00e4nzend<br \/>\n<\/div><\/li>\n<li class=\"porto-info-list-item\"><i class=\"porto-info-icon fa fa-check-circle\"><\/i><div class=\"porto-info-list-item-desc\" style=\"font-size: 14px;\">\nSchmetterling-Gr\u00f6\u00dfe 10 x 10 mm<br \/>\n<\/div><\/li>\n<li class=\"porto-info-list-item\"><i class=\"porto-info-icon fa fa-check-circle\"><\/i><div class=\"porto-info-list-item-desc\" style=\"font-size: 14px;\">\nRingschiene mit rundem Profil<br \/>\n<\/div><\/li>\n<p><\/ul>\n","protected":false},"excerpt":{"rendered":"<p class=\"bodytext\">Lorem ipsum dolor sit amet, consectetur adipiscing elit, sed do eiusmod tempor incididunt ut labore et dolore magna aliqua. Ut enim ad minim veniam, nostrud ipsum consectetur sed do, quis nostrud exercitation ullamco laboris nisi ut aliquip ex ea commodo consequat. Duis aute irure dolor in reprehenderit in voluptate velit esse cillum dolore eu fugiat nulla pariatur. Excepteur sint occaecat.<\/p>\n","protected":false},"featured_media":6505,"template":"","meta":[],"product_cat":[135],"product_tag":[147,148],"class_list":{"0":"post-6500","1":"product","2":"type-product","3":"status-publish","4":"has-post-thumbnail","6":"product_cat-pierscionki","7":"product_tag-enjoy-the-little-things-pl","8":"product_tag-schmetterling-pl","10":"first","11":"instock","12":"taxable","13":"shipping-taxable","14":"purchasable","15":"product-type-simple"},"acf":[],"aioseo_notices":[],"_links":{"self":[{"href":"https:\/\/www.amberemotion.com\/pl\/wp-json\/wp\/v2\/product\/6500","targetHints":{"allow":["GET"]}}],"collection":[{"href":"https:\/\/www.amberemotion.com\/pl\/wp-json\/wp\/v2\/product"}],"about":[{"href":"https:\/\/www.amberemotion.com\/pl\/wp-json\/wp\/v2\/types\/product"}],"wp:featuredmedia":[{"embeddable":true,"href":"https:\/\/www.amberemotion.com\/pl\/wp-json\/wp\/v2\/media\/6505"}],"wp:attachment":[{"href":"https:\/\/www.amberemotion.com\/pl\/wp-json\/wp\/v2\/media?parent=6500"}],"wp:term":[{"taxonomy":"product_cat","embeddable":true,"href":"https:\/\/www.amberemotion.com\/pl\/wp-json\/wp\/v2\/product_cat?post=6500"},{"taxonomy":"product_tag","embeddable":true,"href":"https:\/\/www.amberemotion.com\/pl\/wp-json\/wp\/v2\/product_tag?post=6500"}],"curies":[{"name":"wp","href":"https:\/\/api.w.org\/{rel}","templated":true}]}}