{"id":6486,"date":"2021-07-11T20:48:56","date_gmt":"2021-07-11T18:48:56","guid":{"rendered":"https:\/\/www.amberemotion.com\/product\/bez-kategorii\/damenring-mit-herz-charlotte-in-love\/"},"modified":"2024-11-19T14:57:09","modified_gmt":"2024-11-19T13:57:09","slug":"damenring-mit-herz-charlotte-in-love","status":"publish","type":"product","link":"https:\/\/www.amberemotion.com\/pl\/produkt\/damenring-mit-herz-charlotte-in-love.html","title":{"rendered":"Damenring mit Herz | Silber Ring mit Herzchen"},"content":{"rendered":"<p>Mit unserem Damenring mit Herz kannst du deine Liebe und Zuneigung ausdr\u00fccken. Der Ring eignet sich auch perfekt als Geschenk zum Geburtstag, zur Hochzeit, zum Valentinstag oder einfach als Symbol der Zuneigung.<\/p>\n<p class=\"bodytext\">Klassisch und zeitlos wirkt dieser Silberschmuck dank seiner schlichten, runden Form, die sowohl alltagstauglich als auch festlich in Szene gesetzt werden kann.<br \/>\nDie feine Gravur eines kleinen Herzchens auf der Au\u00dfenseite verleiht der Ringtr\u00e4gerin einen Hauch romantischer Vertr\u00e4umtheit und macht dieses Schmuckst\u00fcck zu einer kleinen Hommage an das sch\u00f6nste aller Gef\u00fchle.<\/p>\n<p class=\"bodytext\">Dieser\u00a0<strong>Damenring mit Herz<\/strong>\u00a0kommt zu Ihnen in edler\u00a0<a class=\"internal-link\" title=\"Schmuckverpackung\" href=\"https:\/\/www.amberemotion.com\/service\/schmuckverpackung.html#c815\">Schmuckverpackung<\/a>\u00a0und auf Wunsch bieten wir unseren kreativen\u00a0<a class=\"external-link-new-window\" title=\"Geschenkservice\" href=\"https:\/\/www.amberemotion.com\/schoene-geschenke\/produkt\/geschenkservice-fuer-250-eur.html\" target=\"_blank\" rel=\"noopener\">Geschenkservice<\/a>\u00a0f\u00fcr 2,50 EUR an.<\/p>\n<p>Mehr \u00fcber den\u00a0<strong>Damenring mit Herz<\/strong>\u00a0auf:\u00a0<a class=\"external-link-new-window\" title=\"CHARLOTTE-in-LOVE auf dem Blog\" href=\"http:\/\/amberemotion.blogspot.com\/2014\/02\/give-away-charlotte-in-love.html\" target=\"_blank\" rel=\"noopener\">amberemotion.blog<\/a>,\u00a0<a class=\"external-link-new-window\" title=\"Partnerringe Charlotte-in-Love contra Giulietta-in-Love\" href=\"http:\/\/amberemotion.blogspot.com\/2015\/03\/giulietta-in-love-contra-charlotte-in.html\" target=\"_blank\" rel=\"noopener\">amberemotion.blog<\/a>,\u00a0<a class=\"external-link-new-window\" title=\"Partnerringe CHARLOTTE-in-LOVE\" href=\"http:\/\/www.nicestthings.com\/2015\/02\/bildbearbeitung-in-lightroom-tipps-und.html\" target=\"_blank\" rel=\"noopener\">Nicest Things<\/a>.<\/p>\n<style>#porto-info-list4948038669f2e0d2debe8 i { color: #21293c;font-size: 16px; }<\/style><ul id=\"porto-info-list4948038669f2e0d2debe8\" class=\"porto-info-list pl-4\">\n<li class=\"porto-info-list-item\"><i class=\"porto-info-icon fa fa-check-circle\"><\/i><div class=\"porto-info-list-item-desc\" style=\"font-size: 14px;\">\n<a class=\"internal-link\" href=\"https:\/\/www.amberemotion.com\/schmucklexikon\/silber.html\">925\/- Silber<\/a> massiv, gl\u00e4nzend<br \/>\n<\/div><\/li>\n<li class=\"porto-info-list-item\"><i class=\"porto-info-icon fa fa-check-circle\"><\/i><div class=\"porto-info-list-item-desc\" style=\"font-size: 14px;\">\ngraviertes Herz\u00a0(ca. 2mm)<br \/>\n<\/div><\/li>\n<li class=\"porto-info-list-item\"><i class=\"porto-info-icon fa fa-check-circle\"><\/i><div class=\"porto-info-list-item-desc\" style=\"font-size: 14px;\">\nRingschiene mit rundem Profil 3 mm<br \/>\n<\/div><\/li>\n<p><\/ul>\n","protected":false},"excerpt":{"rendered":"<p>Der Damenring mit Herz aus 925er Silber ist der perfekte Begleiter f\u00fcr jede Frau. Dieses Schmuckst\u00fcck ist ein wahrer Hingucker und verleiht jedem Look das gewisse Extra. Ob als Geschenk f\u00fcr deine Liebste oder als Accessoire zur eigenen Garderobe \u2013 dieses Schmuckst\u00fcck ist ein absolutes Must-have. Schlichte Grazie und romantische Verspieltheit geben eine wundersch\u00f6ne Kombination ab \u2013 und der <strong>Ring mit Herzchen<\/strong>\u00a0<b>CHARLOTTE in LOVE<\/b>\u00a0ist der bestm\u00f6glichste Beweis.<\/p>\n","protected":false},"featured_media":6489,"template":"","meta":[],"product_cat":[135],"product_tag":[197],"class_list":{"0":"post-6486","1":"product","2":"type-product","3":"status-publish","4":"has-post-thumbnail","6":"product_cat-pierscionki","7":"product_tag-charlotte-pl","9":"first","10":"instock","11":"taxable","12":"shipping-taxable","13":"purchasable","14":"product-type-simple"},"acf":[],"aioseo_notices":[],"_links":{"self":[{"href":"https:\/\/www.amberemotion.com\/pl\/wp-json\/wp\/v2\/product\/6486","targetHints":{"allow":["GET"]}}],"collection":[{"href":"https:\/\/www.amberemotion.com\/pl\/wp-json\/wp\/v2\/product"}],"about":[{"href":"https:\/\/www.amberemotion.com\/pl\/wp-json\/wp\/v2\/types\/product"}],"wp:featuredmedia":[{"embeddable":true,"href":"https:\/\/www.amberemotion.com\/pl\/wp-json\/wp\/v2\/media\/6489"}],"wp:attachment":[{"href":"https:\/\/www.amberemotion.com\/pl\/wp-json\/wp\/v2\/media?parent=6486"}],"wp:term":[{"taxonomy":"product_cat","embeddable":true,"href":"https:\/\/www.amberemotion.com\/pl\/wp-json\/wp\/v2\/product_cat?post=6486"},{"taxonomy":"product_tag","embeddable":true,"href":"https:\/\/www.amberemotion.com\/pl\/wp-json\/wp\/v2\/product_tag?post=6486"}],"curies":[{"name":"wp","href":"https:\/\/api.w.org\/{rel}","templated":true}]}}