{"id":6366,"date":"2021-07-13T00:33:32","date_gmt":"2021-07-12T22:33:32","guid":{"rendered":"https:\/\/www.amberemotion.com\/product\/bez-kategorii\/ring-poesie-white\/"},"modified":"2022-12-31T19:36:20","modified_gmt":"2022-12-31T18:36:20","slug":"ring-poesie-white","status":"publish","type":"product","link":"https:\/\/www.amberemotion.com\/pl\/produkt\/ring-poesie-white.html","title":{"rendered":"Ring POESIE white"},"content":{"rendered":"<p class=\"bodytext\">Dieser Ring tr\u00e4gt seinen Namen nicht umsonst: Lie\u00dfe sich Poesie in Form eines Schmuckst\u00fcckes ausdr\u00fccken, so w\u00e4re es sicherlich unser edler, anmutiger Ring\u00a0<b>POESIE white<\/b>. Aus hochwertigen Materialien gefertigt und von Hand hergestellt, spr\u00fcht dieser Ring dank seines gewundenen Profils und des hochwertigen, wei\u00dfen Zirkonias geradezu vor Leichtigkeit, Schwung und femininer Anmut. Durch das raffinierten Design und seine edle Schlichtheit ist die Kombination mit anderen Schmuckst\u00fccken noch dazu spielend einfach. Aus diesem und zig weiteren Gr\u00fcnden, die f\u00fcr diesen Ring schw\u00e4rmen lassen, werden Sie diesen Ring nach kurzer Zeit nicht mehr aus Ihrer Schmucksammlung missen wollen.<\/p>\n<p class=\"bodytext\">Der Ring POESIE white<strong>\u00a0<\/strong>kommt zu Ihnen in edler\u00a0<a class=\"internal-link\" title=\"Schmuckverpackung\" href=\"https:\/\/www.amberemotion.com\/service\/schmuckverpackung.html#c815\">Schmuckverpackung<\/a>\u00a0und auf Wunsch bieten wir unseren kreativen\u00a0Geschenkservice\u00a0f\u00fcr 2,50 EUR an.<\/p>\n<style>#porto-info-list2731387869f9e0989bcdc i { color: #21293c;font-size: 16px; }<\/style><ul id=\"porto-info-list2731387869f9e0989bcdc\" class=\"porto-info-list pl-4\">\n<li class=\"porto-info-list-item\"><i class=\"porto-info-icon fa fa-check-circle\"><\/i><div class=\"porto-info-list-item-desc\" style=\"font-size: 14px;\">\n<a class=\"internal-link\" href=\"https:\/\/www.amberemotion.com\/schmucklexikon\/silber.html\">925\/- Silber<\/a> gl\u00e4nzend<br \/>\n<\/div><\/li>\n<li class=\"porto-info-list-item\"><i class=\"porto-info-icon fa fa-check-circle\"><\/i><div class=\"porto-info-list-item-desc\" style=\"font-size: 14px;\">\naufgebracht 22 Karat Gelbgoldplattierung (916\/- Gold)<br \/>\n<\/div><\/li>\n<li class=\"porto-info-list-item\"><i class=\"porto-info-icon fa fa-check-circle\"><\/i><div class=\"porto-info-list-item-desc\" style=\"font-size: 14px;\">\ngedrehte Ring-Schiene mit der St\u00e4rke 1,3 mm<br \/>\n<\/div><\/li>\n<li class=\"porto-info-list-item\"><i class=\"porto-info-icon fa fa-check-circle\"><\/i><div class=\"porto-info-list-item-desc\" style=\"font-size: 14px;\">\nwei\u00dfer Zirkonia 2 mm mit schimmernden Facetten<br \/>\n<\/div><\/li>\n<p><\/ul>\n","protected":false},"excerpt":{"rendered":"<p class=\"bodytext\">Lorem ipsum dolor sit amet, consectetur adipiscing elit, sed do eiusmod tempor incididunt ut labore et dolore magna aliqua. Ut enim ad minim veniam, nostrud ipsum consectetur sed do, quis nostrud exercitation ullamco laboris nisi ut aliquip ex ea commodo consequat. Duis aute irure dolor in reprehenderit in voluptate velit esse cillum dolore eu fugiat nulla pariatur. Excepteur sint occaecat.<\/p>\n","protected":false},"featured_media":6370,"template":"","meta":[],"product_cat":[135],"product_tag":[],"class_list":{"0":"post-6366","1":"product","2":"type-product","3":"status-publish","4":"has-post-thumbnail","6":"product_cat-pierscionki","8":"first","9":"instock","10":"taxable","11":"shipping-taxable","12":"purchasable","13":"product-type-simple"},"acf":[],"aioseo_notices":[],"_links":{"self":[{"href":"https:\/\/www.amberemotion.com\/pl\/wp-json\/wp\/v2\/product\/6366","targetHints":{"allow":["GET"]}}],"collection":[{"href":"https:\/\/www.amberemotion.com\/pl\/wp-json\/wp\/v2\/product"}],"about":[{"href":"https:\/\/www.amberemotion.com\/pl\/wp-json\/wp\/v2\/types\/product"}],"wp:featuredmedia":[{"embeddable":true,"href":"https:\/\/www.amberemotion.com\/pl\/wp-json\/wp\/v2\/media\/6370"}],"wp:attachment":[{"href":"https:\/\/www.amberemotion.com\/pl\/wp-json\/wp\/v2\/media?parent=6366"}],"wp:term":[{"taxonomy":"product_cat","embeddable":true,"href":"https:\/\/www.amberemotion.com\/pl\/wp-json\/wp\/v2\/product_cat?post=6366"},{"taxonomy":"product_tag","embeddable":true,"href":"https:\/\/www.amberemotion.com\/pl\/wp-json\/wp\/v2\/product_tag?post=6366"}],"curies":[{"name":"wp","href":"https:\/\/api.w.org\/{rel}","templated":true}]}}