{"id":6362,"date":"2021-07-13T00:36:51","date_gmt":"2021-07-12T22:36:51","guid":{"rendered":"https:\/\/www.amberemotion.com\/product\/bez-kategorii\/ring-petite-white\/"},"modified":"2022-12-31T19:36:38","modified_gmt":"2022-12-31T18:36:38","slug":"ring-petite-white","status":"publish","type":"product","link":"https:\/\/www.amberemotion.com\/pl\/produkt\/ring-petite-white.html","title":{"rendered":"Ring PETITE white"},"content":{"rendered":"<p class=\"bodytext\">Schlichte Anmut in Form eines zarten Profils und funkelnde Pracht durch einen edlen, in strahlendem Wei\u00df gehaltenen\u00a0<strong>Zirkonia<\/strong>: Diese beiden Faktoren bilden eine umwerfende Kombination. Das zarte, elegante Profil unseres\u00a0<strong>Rings<\/strong>\u00a0<b>PETITE<\/b>\u00a0bringt die Sch\u00f6nheit des darauf eingelassenen Zirkonias wunderbar zur Geltung. Dieses hochwertige Schmuckst\u00fcck, das sich bei Bedarf auch spielend einfach mit anderen unseren Ringen kombinieren l\u00e4sst und zu jedem Outfit passt, ist perfekt f\u00fcr all jene, die Wert auf stilvolle Eleganz legen.<\/p>\n<p class=\"bodytext\">Dieser edle\u00a0<strong>Ring mit Zirkonia<\/strong>\u00a0kommt zu Ihnen in edler\u00a0<a class=\"internal-link\" title=\"Schmuckverpackung\" href=\"https:\/\/www.amberemotion.com\/service\/schmuckverpackung.html#c815\">Schmuckverpackung<\/a>\u00a0und auf Wunsch bieten wir unseren kreativen\u00a0<a class=\"external-link-new-window\" title=\"Geschenkservice\" href=\"https:\/\/www.amberemotion.com\/schoene-geschenke\/produkt\/geschenkservice-fuer-250-eur.html\" target=\"_blank\" rel=\"noopener\">Geschenkservice<\/a>\u00a0f\u00fcr 2,50 EUR an.<\/p>\n<style>#porto-info-list162611224169f9d9819f328 i { color: #21293c;font-size: 16px; }<\/style><ul id=\"porto-info-list162611224169f9d9819f328\" class=\"porto-info-list pl-4\">\n<li class=\"porto-info-list-item\"><i class=\"porto-info-icon fa fa-check-circle\"><\/i><div class=\"porto-info-list-item-desc\" style=\"font-size: 14px;\">\n<a class=\"internal-link\" href=\"https:\/\/www.amberemotion.com\/schmucklexikon\/silber.html\">925\/- Silber<\/a> gl\u00e4nzend<br \/>\n<\/div><\/li>\n<li class=\"porto-info-list-item\"><i class=\"porto-info-icon fa fa-check-circle\"><\/i><div class=\"porto-info-list-item-desc\" style=\"font-size: 14px;\">\naufgebracht 22 Karat Gelbgoldplattierung (916\/- Gold)<br \/>\n<\/div><\/li>\n<li class=\"porto-info-list-item\"><i class=\"porto-info-icon fa fa-check-circle\"><\/i><div class=\"porto-info-list-item-desc\" style=\"font-size: 14px;\">\nRing-Schiene mit der St\u00e4rke 1,3 mm<br \/>\n<\/div><\/li>\n<li class=\"porto-info-list-item\"><i class=\"porto-info-icon fa fa-check-circle\"><\/i><div class=\"porto-info-list-item-desc\" style=\"font-size: 14px;\">\nwei\u00dfer Zirkonia 2 mm mit schimmernden Facetten<br \/>\n<\/div><\/li>\n<p><\/ul>\n","protected":false},"excerpt":{"rendered":"<p class=\"bodytext\">Lorem ipsum dolor sit amet, consectetur adipiscing elit, sed do eiusmod tempor incididunt ut labore et dolore magna aliqua. Ut enim ad minim veniam, nostrud ipsum consectetur sed do, quis nostrud exercitation ullamco laboris nisi ut aliquip ex ea commodo consequat. Duis aute irure dolor in reprehenderit in voluptate velit esse cillum dolore eu fugiat nulla pariatur. Excepteur sint occaecat.<\/p>\n","protected":false},"featured_media":6363,"template":"","meta":[],"product_cat":[135],"product_tag":[],"class_list":{"0":"post-6362","1":"product","2":"type-product","3":"status-publish","4":"has-post-thumbnail","6":"product_cat-pierscionki","8":"first","9":"instock","10":"taxable","11":"shipping-taxable","12":"purchasable","13":"product-type-simple"},"acf":[],"aioseo_notices":[],"_links":{"self":[{"href":"https:\/\/www.amberemotion.com\/pl\/wp-json\/wp\/v2\/product\/6362","targetHints":{"allow":["GET"]}}],"collection":[{"href":"https:\/\/www.amberemotion.com\/pl\/wp-json\/wp\/v2\/product"}],"about":[{"href":"https:\/\/www.amberemotion.com\/pl\/wp-json\/wp\/v2\/types\/product"}],"wp:featuredmedia":[{"embeddable":true,"href":"https:\/\/www.amberemotion.com\/pl\/wp-json\/wp\/v2\/media\/6363"}],"wp:attachment":[{"href":"https:\/\/www.amberemotion.com\/pl\/wp-json\/wp\/v2\/media?parent=6362"}],"wp:term":[{"taxonomy":"product_cat","embeddable":true,"href":"https:\/\/www.amberemotion.com\/pl\/wp-json\/wp\/v2\/product_cat?post=6362"},{"taxonomy":"product_tag","embeddable":true,"href":"https:\/\/www.amberemotion.com\/pl\/wp-json\/wp\/v2\/product_tag?post=6362"}],"curies":[{"name":"wp","href":"https:\/\/api.w.org\/{rel}","templated":true}]}}