{"id":6186,"date":"2021-07-14T17:49:43","date_gmt":"2021-07-14T15:49:43","guid":{"rendered":"https:\/\/www.amberemotion.com\/product\/bez-kategorii\/ohrstecker-sterne\/"},"modified":"2024-03-23T23:00:22","modified_gmt":"2024-03-23T22:00:22","slug":"ohrstecker-sterne","status":"publish","type":"product","link":"https:\/\/www.amberemotion.com\/pl\/produkt\/ohrstecker-sterne.html","title":{"rendered":"Ohrstecker STERNE"},"content":{"rendered":"<p>Leicht kombinierbar und immer passend lassen sich diese\u00a0<strong>Ohrstecker STERNE<\/strong>\u00a0in Ihrem Alltag und zu jedem Anlass definitiv sternengleich erstrahlen. Sie k\u00f6nnen diese sch\u00f6nen Ohrringe sehr sch\u00f6n mit den anderen Schmuckst\u00fccken von dem\u00a0<a class=\"internal-link\" title=\"Schmuck Kollektion STERNE\" href=\"https:\/\/www.amberemotion.com\/kollektion\/little-star.html#c885\">Schmuckset little star<\/a>\u00a0kombinieren.<\/p>\n<p class=\"bodytext\" lang=\"am\">Die\u00a0<strong>Ohrstecker STERNE<\/strong>\u00a0kommen zu Ihnen in edler\u00a0<a class=\"internal-link\" title=\"Schmuckverpackung\" href=\"https:\/\/www.amberemotion.com\/service\/schmuckverpackung.html#c815\">Schmuckverpackung<\/a>\u00a0und auf Wunsch bieten wir unseren kreativen\u00a0<a class=\"external-link-new-window\" title=\"Geschenkservice\" href=\"https:\/\/www.amberemotion.com\/schoene-geschenke\/produkt\/geschenkservice-fuer-250-eur.html\" target=\"_blank\" rel=\"noopener\">Geschenkservice<\/a>\u00a0f\u00fcr 2,50 EUR an.<\/p>\n<p>Mehr \u00fcber die\u00a0<strong>Stern-Ohrstecker<\/strong>\u00a0auf:\u00a0<a class=\"internal-link\" title=\"Schmuck Kollektion STERNE entdecken\" href=\"https:\/\/www.amberemotion.com\/kollektion\/little-star.html\">Kollektion &#8222;little star&#8221;<\/a>,\u00a0<a class=\"external-link-new-window\" title=\"Zum BLOG\" href=\"http:\/\/amberemotion.blogspot.com\/2012\/12\/little-star-give-away.html\" target=\"_blank\" rel=\"noopener\">amberemotion.blog<\/a>.<\/p>\n<style>#porto-info-list211874105769f5e892048df i { color: #21293c;font-size: 16px; }<\/style><ul id=\"porto-info-list211874105769f5e892048df\" class=\"porto-info-list pl-4\">\n<li class=\"porto-info-list-item\"><i class=\"porto-info-icon fa fa-check-circle\"><\/i><div class=\"porto-info-list-item-desc\" style=\"font-size: 14px;\">\n<a class=\"internal-link\" href=\"https:\/\/www.amberemotion.com\/schmucklexikon\/silber.html\">925\/- Silber<\/a>, ,<br \/>\n<\/div><\/li>\n<li class=\"porto-info-list-item\"><i class=\"porto-info-icon fa fa-check-circle\"><\/i><div class=\"porto-info-list-item-desc\" style=\"font-size: 14px;\">\nStern-Gr\u00f6\u00dfe 8 mm gl\u00e4nzend<br \/>\n<\/div><\/li>\n<li class=\"porto-info-list-item\"><i class=\"porto-info-icon fa fa-check-circle\"><\/i><div class=\"porto-info-list-item-desc\" style=\"font-size: 14px;\">\nbei Version Ros\u00e9gold oder Gold wird 22 Karat (916\/- Gold) aufgebracht<br \/>\n<\/div><\/li>\n<p><\/ul>\n","protected":false},"excerpt":{"rendered":"<p class=\"bodytext\" style=\"text-align: center;\">Unsere\u00a0Silber\u00a0<strong>Ohrstecker STERNE<\/strong>\u00a0best\u00e4tigen es:\u00a0in den kleinen Dingen des Lebens liegt die Sch\u00f6nheit.<br \/>\nKlein, fein und umso wirkungsvoller leuchten diese\u00a0zuckers\u00fc\u00dfen Ohrringe an Ihren Ohrl\u00e4ppchen.<\/p>\n","protected":false},"featured_media":6187,"template":"","meta":[],"product_cat":[136],"product_tag":[147,195],"class_list":{"0":"post-6186","1":"product","2":"type-product","3":"status-publish","4":"has-post-thumbnail","6":"product_cat-ohrringe-pl","7":"product_tag-enjoy-the-little-things-pl","8":"product_tag-little-star-pl","10":"first","11":"instock","12":"taxable","13":"shipping-taxable","14":"purchasable","15":"product-type-variable"},"acf":[],"aioseo_notices":[],"_links":{"self":[{"href":"https:\/\/www.amberemotion.com\/pl\/wp-json\/wp\/v2\/product\/6186","targetHints":{"allow":["GET"]}}],"collection":[{"href":"https:\/\/www.amberemotion.com\/pl\/wp-json\/wp\/v2\/product"}],"about":[{"href":"https:\/\/www.amberemotion.com\/pl\/wp-json\/wp\/v2\/types\/product"}],"wp:featuredmedia":[{"embeddable":true,"href":"https:\/\/www.amberemotion.com\/pl\/wp-json\/wp\/v2\/media\/6187"}],"wp:attachment":[{"href":"https:\/\/www.amberemotion.com\/pl\/wp-json\/wp\/v2\/media?parent=6186"}],"wp:term":[{"taxonomy":"product_cat","embeddable":true,"href":"https:\/\/www.amberemotion.com\/pl\/wp-json\/wp\/v2\/product_cat?post=6186"},{"taxonomy":"product_tag","embeddable":true,"href":"https:\/\/www.amberemotion.com\/pl\/wp-json\/wp\/v2\/product_tag?post=6186"}],"curies":[{"name":"wp","href":"https:\/\/api.w.org\/{rel}","templated":true}]}}