{"id":6172,"date":"2021-07-14T18:19:58","date_gmt":"2021-07-14T16:19:58","guid":{"rendered":"https:\/\/www.amberemotion.com\/product\/bez-kategorii\/ohrstecker-schmetterlinge\/"},"modified":"2023-11-29T22:25:55","modified_gmt":"2023-11-29T21:25:55","slug":"ohrstecker-schmetterlinge","status":"publish","type":"product","link":"https:\/\/www.amberemotion.com\/pl\/produkt\/ohrstecker-schmetterlinge.html","title":{"rendered":"Ohrstecker SCHMETTERLINGE"},"content":{"rendered":"<p class=\"align-left\" lang=\"am\">Die\u00a0<strong>Ohrstecker Schmetterlinge<\/strong>\u00a0kommen zu Ihnen in edler\u00a0<a class=\"internal-link\" title=\"Schmuckverpackung\" href=\"https:\/\/www.amberemotion.com\/service\/schmuckverpackung.html#c815\">Schmuckverpackung<\/a>\u00a0und auf Wunsch bieten wir unseren kreativen\u00a0<a class=\"external-link-new-window\" title=\"Geschenkservice\" href=\"https:\/\/www.amberemotion.com\/schoene-geschenke\/produkt\/geschenkservice-fuer-250-eur.html\" target=\"_blank\" rel=\"noopener\">Geschenkservice<\/a>\u00a0f\u00fcr 2,50 EUR an.<\/p>\n<p>Mehr \u00fcber die\u00a0<strong>Ohrstecker Schmetterlinge<\/strong>\u00a0auf:<br \/>\n<a class=\"internal-link\" title=\"Opens internal link in current window\" href=\"https:\/\/www.amberemotion.com\/kollektion\/schmetterling.html#c899\">Kollektion\u00a0SCHMETTERLINGE<\/a>,\u00a0<a class=\"external-link-new-window\" title=\"amberemotion blog\" href=\"http:\/\/amberemotion.blogspot.com\/2013\/11\/butterfly-collection-give-away.html\" target=\"_blank\" rel=\"noopener\">amberemotion.blog<\/a>,\u00a0<a class=\"external-link-new-window\" title=\"Butterfly-Ohrstecker &amp; Butterfly-Anh\u00e4nger mit Schlangenkette\" href=\"http:\/\/lifetime12.blogspot.com\/2014\/05\/butterfly-jewellery-for-spring.html\" target=\"_blank\" rel=\"noopener\">Lifetime<\/a>.<br \/>\nPapeterie:\u00a0<a class=\"external-link-new-window\" title=\"Verpackung, Zuhause &amp; Office\" href=\"https:\/\/www.kukuwaja.de\/\" target=\"_blank\" rel=\"noopener\">kukuwaja<\/a><\/p>\n<style>#porto-info-list89713919369f87be8a183f i { color: #21293c;font-size: 16px; }<\/style><ul id=\"porto-info-list89713919369f87be8a183f\" class=\"porto-info-list pl-4\">\n<li class=\"porto-info-list-item\"><i class=\"porto-info-icon fa fa-check-circle\"><\/i><div class=\"porto-info-list-item-desc\" style=\"font-size: 14px;\">\n<a class=\"internal-link\" href=\"https:\/\/www.amberemotion.com\/schmucklexikon\/silber.html\">925\u00a0Silber<\/a> massiv,<br \/>\n<\/div><\/li>\n<li class=\"porto-info-list-item\"><i class=\"porto-info-icon fa fa-check-circle\"><\/i><div class=\"porto-info-list-item-desc\" style=\"font-size: 14px;\">\nSchmetterling-Oberfl\u00e4che mattiert<br \/>\n<\/div><\/li>\n<li class=\"porto-info-list-item\"><i class=\"porto-info-icon fa fa-check-circle\"><\/i><div class=\"porto-info-list-item-desc\" style=\"font-size: 14px;\">\nInnenseite\u00a0gl\u00e4nzend<br \/>\n<\/div><\/li>\n<li class=\"porto-info-list-item\"><i class=\"porto-info-icon fa fa-check-circle\"><\/i><div class=\"porto-info-list-item-desc\" style=\"font-size: 14px;\">\nInnenseite\u00a0gl\u00e4nzend<br \/>\n<\/div><\/li>\n<li class=\"porto-info-list-item\"><i class=\"porto-info-icon fa fa-check-circle\"><\/i><div class=\"porto-info-list-item-desc\" style=\"font-size: 14px;\">\nSchmetterling-Gr\u00f6\u00dfe 7 x 7 mm<br \/>\n<\/div><\/li>\n<li class=\"porto-info-list-item\"><i class=\"porto-info-icon fa fa-check-circle\"><\/i><div class=\"porto-info-list-item-desc\" style=\"font-size: 14px;\">\nbei Version Ros\u00e9gold oder Gold wird 22 Karat (916\/- Gold) aufgebracht<br \/>\n<\/div><\/li>\n<p><\/ul>\n","protected":false},"excerpt":{"rendered":"<p class=\"bodytext\" style=\"text-align: center;\">Nicht nur im \u201eAlleinflug\u201c verzaubern diese hochwertigen, aus purem Silber hergestellten Ohrstecker Sinn und Herz aller Fr\u00fchlingsliebhaber, sondern auch in Kombination mit anderen Schmuckst\u00fccken derselben\u00a0<a class=\"external-link-new-window\" title=\"Silberschmuck aus unserer Kollektion SCHMETTERLING\" href=\"https:\/\/www.amberemotion.com\/kollektion\/schmetterling.html\" target=\"_blank\" rel=\"noopener\">SCHMETTERLING Kollektion<\/a>\u00a0verspr\u00fchen diese sch\u00f6nsten aller Zweifl\u00fcgler reine Lieblichkeit und den Duft von Freiheit.<\/p>\n","protected":false},"featured_media":5494,"template":"","meta":[],"product_cat":[136],"product_tag":[147,148],"class_list":{"0":"post-6172","1":"product","2":"type-product","3":"status-publish","4":"has-post-thumbnail","6":"product_cat-ohrringe-pl","7":"product_tag-enjoy-the-little-things-pl","8":"product_tag-schmetterling-pl","10":"first","11":"instock","12":"taxable","13":"shipping-taxable","14":"purchasable","15":"product-type-variable"},"acf":[],"aioseo_notices":[],"_links":{"self":[{"href":"https:\/\/www.amberemotion.com\/pl\/wp-json\/wp\/v2\/product\/6172","targetHints":{"allow":["GET"]}}],"collection":[{"href":"https:\/\/www.amberemotion.com\/pl\/wp-json\/wp\/v2\/product"}],"about":[{"href":"https:\/\/www.amberemotion.com\/pl\/wp-json\/wp\/v2\/types\/product"}],"wp:featuredmedia":[{"embeddable":true,"href":"https:\/\/www.amberemotion.com\/pl\/wp-json\/wp\/v2\/media\/5494"}],"wp:attachment":[{"href":"https:\/\/www.amberemotion.com\/pl\/wp-json\/wp\/v2\/media?parent=6172"}],"wp:term":[{"taxonomy":"product_cat","embeddable":true,"href":"https:\/\/www.amberemotion.com\/pl\/wp-json\/wp\/v2\/product_cat?post=6172"},{"taxonomy":"product_tag","embeddable":true,"href":"https:\/\/www.amberemotion.com\/pl\/wp-json\/wp\/v2\/product_tag?post=6172"}],"curies":[{"name":"wp","href":"https:\/\/api.w.org\/{rel}","templated":true}]}}