{"id":6156,"date":"2021-07-14T18:27:28","date_gmt":"2021-07-14T16:27:28","guid":{"rendered":"https:\/\/www.amberemotion.com\/product\/bez-kategorii\/ohrstecker-papierboot\/"},"modified":"2024-09-11T22:41:16","modified_gmt":"2024-09-11T20:41:16","slug":"ohrstecker-papierboot","status":"publish","type":"product","link":"https:\/\/www.amberemotion.com\/pl\/kolczyki-papierowa-lodka.html","title":{"rendered":"Kolczyki PAPIEROWA \u0141\u00d3DKA"},"content":{"rendered":"<p class=\"bodytext\"><strong>Kolczyki Papierowa \u0141\u00f3dka<\/strong> to wyj\u0105tkowe, r\u0119cznie robione kolczyki w stylu <strong>origami<\/strong>, kt\u00f3re symbolizuj\u0105 wolno\u015b\u0107 i lekko\u015b\u0107. Wykonane z wysokiej jako\u015bci <strong>srebra<\/strong> lub poz\u0142acane, s\u0105 idealne dla mi\u0142o\u015bnik\u00f3w <strong>minimalistycznej bi\u017cuterii<\/strong>. Ich subtelny, <strong>marynistyczny motyw<\/strong> sprawia, \u017ce \u015bwietnie komponuj\u0105 si\u0119 z codziennymi i eleganckimi stylizacjami. <strong>Delikatne kolczyki<\/strong> w kszta\u0142cie papierowej \u0142\u00f3dki s\u0105 doskona\u0142ym wyborem na prezent dla os\u00f3b ceni\u0105cych sobie oryginalne i symboliczne dodatki. Niezale\u017cnie od okazji, te kolczyki dodadz\u0105 ka\u017cdemu outfitowi unikalnego charakteru.<\/p>\n","protected":false},"excerpt":{"rendered":"<p class=\"bodytext\" style=\"text-align: center;\">Delikatne, minimalistyczne kolczyki w stylu origami, idealne dla mi\u0142o\u015bnik\u00f3w bi\u017cuterii z symbolik\u0105 wolno\u015bci i lekko\u015bci.<\/p>\n","protected":false},"featured_media":22466,"template":"","meta":[],"product_cat":[136],"product_tag":[147,154],"class_list":{"0":"post-6156","1":"product","2":"type-product","3":"status-publish","4":"has-post-thumbnail","6":"product_cat-ohrringe-pl","7":"product_tag-enjoy-the-little-things-pl","8":"product_tag-papierboot-pl","10":"first","11":"instock","12":"taxable","13":"shipping-taxable","14":"purchasable","15":"product-type-variable"},"acf":[],"aioseo_notices":[],"_links":{"self":[{"href":"https:\/\/www.amberemotion.com\/pl\/wp-json\/wp\/v2\/product\/6156","targetHints":{"allow":["GET"]}}],"collection":[{"href":"https:\/\/www.amberemotion.com\/pl\/wp-json\/wp\/v2\/product"}],"about":[{"href":"https:\/\/www.amberemotion.com\/pl\/wp-json\/wp\/v2\/types\/product"}],"wp:featuredmedia":[{"embeddable":true,"href":"https:\/\/www.amberemotion.com\/pl\/wp-json\/wp\/v2\/media\/22466"}],"wp:attachment":[{"href":"https:\/\/www.amberemotion.com\/pl\/wp-json\/wp\/v2\/media?parent=6156"}],"wp:term":[{"taxonomy":"product_cat","embeddable":true,"href":"https:\/\/www.amberemotion.com\/pl\/wp-json\/wp\/v2\/product_cat?post=6156"},{"taxonomy":"product_tag","embeddable":true,"href":"https:\/\/www.amberemotion.com\/pl\/wp-json\/wp\/v2\/product_tag?post=6156"}],"curies":[{"name":"wp","href":"https:\/\/api.w.org\/{rel}","templated":true}]}}