{"id":6002,"date":"2021-07-14T22:30:08","date_gmt":"2021-07-14T20:30:08","guid":{"rendered":"https:\/\/www.amberemotion.com\/product\/bez-kategorii\/geometrisches-armband-geo-no-1\/"},"modified":"2024-01-06T19:21:35","modified_gmt":"2024-01-06T18:21:35","slug":"geometrisches-armband-geo-no-1","status":"publish","type":"product","link":"https:\/\/www.amberemotion.com\/pl\/produkt\/geometrisches-armband-geo-no-1.html","title":{"rendered":"Geometrisches Armband GEO No.1"},"content":{"rendered":"<p>Dieses dezente\u00a0<strong>geometrische Armband<\/strong>, welches in der Farbe Gold, Silber oder Ros\u00e9 erh\u00e4ltlich ist, l\u00e4sst sich aufgrund seiner Schlichtheit spielend leicht mit anderen Accessoires von unserer\u00a0<a class=\"internal-link\" title=\"Geometrischer Schmuck online\" href=\"https:\/\/www.amberemotion.com\/kollektion\/geometric.html#c881\">Schmuck-Kollektion GEOMETRIC<\/a>\u00a0kombinieren und wird so zu einem Schmuckst\u00fcck, an dem Sie sich nicht werden satt sehen k\u00f6nnen.<\/p>\n<p class=\"bodytext\">Das\u00a0<strong>geometrische Armband<\/strong>\u00a0<b>GEO No.1<\/b>\u00a0kommt zu Ihnen in edler\u00a0<a class=\"internal-link\" title=\"Opens internal link in current window\" href=\"https:\/\/www.amberemotion.com\/service\/schmuckverpackung.html#c815\">Schmuckverpackung<\/a>\u00a0und auf Wunsch bieten wir unseren kreativen\u00a0<a class=\"external-link-new-window\" title=\"Geschenkservice\" href=\"http:\/\/www.amberemotion.de\/schoene-geschenke\/produkt\/geschenkservice-fuer-250-eur.html\" target=\"_blank\" rel=\"noopener\">Geschenkservice<\/a>\u00a0f\u00fcr 2,50 EUR an.<\/p>\n<style>#porto-info-list105886429769dfec1f4a11a i { color: #21293c;font-size: 16px; }<\/style><ul id=\"porto-info-list105886429769dfec1f4a11a\" class=\"porto-info-list pl-4\">\n<li class=\"porto-info-list-item\"><i class=\"porto-info-icon fa fa-check-circle\"><\/i><div class=\"porto-info-list-item-desc\" style=\"font-size: 14px;\">\n<a class=\"internal-link\" title=\"925 Silber im Schmucklexikon\" href=\"https:\/\/www.amberemotion.com\/schmucklexikon\/silber.html#c104\">925\/- Silber<\/a><br \/>\n<\/div><\/li>\n<li class=\"porto-info-list-item\"><i class=\"porto-info-icon fa fa-check-circle\"><\/i><div class=\"porto-info-list-item-desc\" style=\"font-size: 14px;\">\naufgebracht 22 Karat Goldplattierung (916\/- Gold) gl\u00e4nzend<br \/>\n<\/div><\/li>\n<li class=\"porto-info-list-item\"><i class=\"porto-info-icon fa fa-check-circle\"><\/i><div class=\"porto-info-list-item-desc\" style=\"font-size: 14px;\">\nDurchmesser des Kreises: 8 mm<br \/>\n<\/div><\/li>\n<li class=\"porto-info-list-item\"><i class=\"porto-info-icon fa fa-check-circle\"><\/i><div class=\"porto-info-list-item-desc\" style=\"font-size: 14px;\">\nfeine diamantierte Gliederkette 16 cm plus Verl\u00e4ngerung 3 cm<br \/>\n<\/div><\/li>\n<p><\/ul>\n","protected":false},"excerpt":{"rendered":"<p class=\"bodytext\" style=\"text-align: center;\">Das Kreissymbol steht f\u00fcr so einiges: Unendlichkeit, Vollkommenheit oder Einheit. Unser in liebevoller Handarbeit gefertigtes\u00a0<strong>geometrisches Armband<\/strong>\u00a0<b>GEO No. 1<\/b>\u00a0wird dieser Bedeutung auf ganzer Linie gerecht, indem es das Kreissymbol gekonnt in Szene setzt und seiner Tr\u00e4gerin einen Hauch vollkommene, minimalistische Eleganz verleiht.<\/p>\n","protected":false},"featured_media":6010,"template":"","meta":[],"product_cat":[207],"product_tag":[],"class_list":{"0":"post-6002","1":"product","2":"type-product","3":"status-publish","4":"has-post-thumbnail","6":"product_cat-armbander-pl","8":"first","9":"instock","10":"taxable","11":"shipping-taxable","12":"purchasable","13":"product-type-variable"},"acf":[],"aioseo_notices":[],"_links":{"self":[{"href":"https:\/\/www.amberemotion.com\/pl\/wp-json\/wp\/v2\/product\/6002","targetHints":{"allow":["GET"]}}],"collection":[{"href":"https:\/\/www.amberemotion.com\/pl\/wp-json\/wp\/v2\/product"}],"about":[{"href":"https:\/\/www.amberemotion.com\/pl\/wp-json\/wp\/v2\/types\/product"}],"wp:featuredmedia":[{"embeddable":true,"href":"https:\/\/www.amberemotion.com\/pl\/wp-json\/wp\/v2\/media\/6010"}],"wp:attachment":[{"href":"https:\/\/www.amberemotion.com\/pl\/wp-json\/wp\/v2\/media?parent=6002"}],"wp:term":[{"taxonomy":"product_cat","embeddable":true,"href":"https:\/\/www.amberemotion.com\/pl\/wp-json\/wp\/v2\/product_cat?post=6002"},{"taxonomy":"product_tag","embeddable":true,"href":"https:\/\/www.amberemotion.com\/pl\/wp-json\/wp\/v2\/product_tag?post=6002"}],"curies":[{"name":"wp","href":"https:\/\/api.w.org\/{rel}","templated":true}]}}