{"id":5904,"date":"2021-07-14T22:53:10","date_gmt":"2021-07-14T20:53:10","guid":{"rendered":"https:\/\/www.amberemotion.com\/product\/bez-kategorii\/armband-stern\/"},"modified":"2023-04-05T22:02:35","modified_gmt":"2023-04-05T20:02:35","slug":"armband-stern","status":"publish","type":"product","link":"https:\/\/www.amberemotion.com\/pl\/produkt\/armband-stern.html","title":{"rendered":"Armband STERN"},"content":{"rendered":"<p class=\"bodytext\">Ein Armband mit einem Stern aus Sterling Silber ist ein wunderbarer Schmuckartikel, der das Handgelenk der Tr\u00e4gerin oder des Tr\u00e4gers zum Strahlen bringt und jedem Outfit eine verspielte Note verleiht. Das Symbol des Sterns wird oft mit Gl\u00fcck, Treue und Spiritualit\u00e4t assoziiert, weshalb es bei Armb\u00e4ndern sehr beliebt ist. Unser Schmuck-Shop bietet eine exquisite Kollektion von Armb\u00e4ndern, die alle handgefertigt und von h\u00f6chster Qualit\u00e4t sind. Ein Armband mit einem Sternchen l\u00e4sst sich leicht mit anderen Schmuckst\u00fccken kombinieren und verleiht jedem Look das gewisse Etwas.<\/p>\n<p class=\"bodytext\">Das\u00a0<strong>Armband STERN<\/strong> kommt zu Ihnen in edler <a class=\"internal-link\" title=\"Schmuckverpackung\" href=\"https:\/\/www.amberemotion.com\/service\/schmuckverpackung.html\">Schmuckverpackung\u00a0<\/a>und auf Wunsch bieten wir unseren kreativen\u00a0<a class=\"external-link-new-window\" title=\"Geschenkservice\" href=\"http:\/\/www.amberemotion.de\/schoene-geschenke\/produkt\/geschenkservice-fuer-250-eur.html\" target=\"_blank\" rel=\"noopener\">Geschenkservice<\/a>\u00a0f\u00fcr 2,50 EUR an.<\/p>\n<style>#porto-info-list58406364269fc6124120de i { color: #21293c;font-size: 16px; }<\/style><ul id=\"porto-info-list58406364269fc6124120de\" class=\"porto-info-list pl-4\">\n<li class=\"porto-info-list-item\"><i class=\"porto-info-icon fa fa-check-circle\"><\/i><div class=\"porto-info-list-item-desc\" style=\"font-size: 14px;\">\n<a class=\"internal-link\" title=\"Opens internal link in current window\" href=\"https:\/\/www.amberemotion.com\/schmucklexikon\/silber.html#c104\">925 Silber<\/a> (gl\u00e4nzend)<br \/>\n<\/div><\/li>\n<li class=\"porto-info-list-item\"><i class=\"porto-info-icon fa fa-check-circle\"><\/i><div class=\"porto-info-list-item-desc\" style=\"font-size: 14px;\">\nfeine diamantierte Gliederkette 16 cm plus\u00a0Verl\u00e4ngerung 3 cm<br \/>\n<\/div><\/li>\n<li class=\"porto-info-list-item\"><i class=\"porto-info-icon fa fa-check-circle\"><\/i><div class=\"porto-info-list-item-desc\" style=\"font-size: 14px;\">\nStern-Gr\u00f6\u00dfe 8 mm mit kleinen Silber\u00f6sen (gel\u00f6tet)<br \/>\n<\/div><\/li>\n<li class=\"porto-info-list-item\"><i class=\"porto-info-icon fa fa-check-circle\"><\/i><div class=\"porto-info-list-item-desc\" style=\"font-size: 14px;\">\nStern aus massivem Silber<br \/>\n<\/div><\/li>\n<p><\/ul>\n","protected":false},"excerpt":{"rendered":"<p class=\"bodytext\" style=\"text-align: center;\">Das\u00a0<strong>Armband STERN<\/strong>\u00a0mit dem zuckers\u00fc\u00dfen\u00a0Sternchen\u00a0an einer filigranen Ankerkette.<br \/>\nLeicht kombinierbar mit anderen Schmuckst\u00fccken der\u00a0Silberschmuck Kollektion\u00a0<a class=\"internal-link\" title=\"Silberschmuck Kollektion STERN\" href=\"https:\/\/www.amberemotion.com\/kollektion\/little-star.html#c885\">STERN<\/a><b>\u00a0<\/b>und immer passend l\u00e4sst Sie dieses wandelbare Armband Ihrem Alltag und zu jedem Anlass definitiv sternengleich erstrahlen.<\/p>\n","protected":false},"featured_media":5912,"template":"","meta":[],"product_cat":[207],"product_tag":[147,195],"class_list":{"0":"post-5904","1":"product","2":"type-product","3":"status-publish","4":"has-post-thumbnail","6":"product_cat-armbander-pl","7":"product_tag-enjoy-the-little-things-pl","8":"product_tag-little-star-pl","10":"first","11":"instock","12":"taxable","13":"shipping-taxable","14":"purchasable","15":"product-type-variable"},"acf":[],"aioseo_notices":[],"_links":{"self":[{"href":"https:\/\/www.amberemotion.com\/pl\/wp-json\/wp\/v2\/product\/5904","targetHints":{"allow":["GET"]}}],"collection":[{"href":"https:\/\/www.amberemotion.com\/pl\/wp-json\/wp\/v2\/product"}],"about":[{"href":"https:\/\/www.amberemotion.com\/pl\/wp-json\/wp\/v2\/types\/product"}],"wp:featuredmedia":[{"embeddable":true,"href":"https:\/\/www.amberemotion.com\/pl\/wp-json\/wp\/v2\/media\/5912"}],"wp:attachment":[{"href":"https:\/\/www.amberemotion.com\/pl\/wp-json\/wp\/v2\/media?parent=5904"}],"wp:term":[{"taxonomy":"product_cat","embeddable":true,"href":"https:\/\/www.amberemotion.com\/pl\/wp-json\/wp\/v2\/product_cat?post=5904"},{"taxonomy":"product_tag","embeddable":true,"href":"https:\/\/www.amberemotion.com\/pl\/wp-json\/wp\/v2\/product_tag?post=5904"}],"curies":[{"name":"wp","href":"https:\/\/api.w.org\/{rel}","templated":true}]}}