{"id":5868,"date":"2021-07-14T22:56:27","date_gmt":"2021-07-14T20:56:27","guid":{"rendered":"https:\/\/www.amberemotion.com\/product\/bez-kategorii\/maritimes-armband-papierboot\/"},"modified":"2024-09-11T15:36:33","modified_gmt":"2024-09-11T13:36:33","slug":"maritimes-armband-papierboot","status":"publish","type":"product","link":"https:\/\/www.amberemotion.com\/pl\/bransoletka-papierowa-lodka.html","title":{"rendered":"Bransoletka PAPIEROWA \u0141\u00d3DKA"},"content":{"rendered":"<p class=\"bodytext\"><strong>Bransoletka papierowa \u0142\u00f3dka<\/strong> to idealny wyb\u00f3r dla mi\u0142o\u015bnik\u00f3w <strong>bi\u017cuteria morska<\/strong> i tych, kt\u00f3rzy ceni\u0105 <strong>bransoletka symbol wolno\u015bci<\/strong>. Jako <strong>minimalistyczna bransoletka<\/strong> z kolekcji Papierowa \u0141\u00f3dka, \u0142\u0105czy w sobie <strong>bi\u017cuteria z motywem \u0142\u00f3dki<\/strong> z elegancj\u0105 i delikatno\u015bci\u0105. Ta <strong>bransoletka \u0142\u00f3dka<\/strong> jest nie tylko <strong>delikatna bransoletka<\/strong>, ale r\u00f3wnie\u017c wyj\u0105tkowa <strong>bransoletka marynistyczna<\/strong>, kt\u00f3ra doda ka\u017cdemu stylowi subtelny, ale wyrazisty akcent.<\/p>\n","protected":false},"excerpt":{"rendered":"<p class=\"bodytext\" style=\"text-align: center;\">Bransoletka papierowa \u0142\u00f3dka z kolekcji Papierowa \u0141\u00f3dka to filigranowa bi\u017cuteria morska, idealna dla mi\u0142o\u015bnik\u00f3w minimalistycznych wzor\u00f3w i symboli wolno\u015bci. Perfekcyjny dodatek na ka\u017cd\u0105 okazj\u0119.<\/p>\n","protected":false},"featured_media":24414,"template":"","meta":[],"product_cat":[207,349],"product_tag":[147,154],"class_list":{"0":"post-5868","1":"product","2":"type-product","3":"status-publish","4":"has-post-thumbnail","6":"product_cat-armbander-pl","7":"product_cat-bestsellery","8":"product_tag-enjoy-the-little-things-pl","9":"product_tag-papierboot-pl","11":"first","12":"instock","13":"featured","14":"taxable","15":"shipping-taxable","16":"purchasable","17":"product-type-variable"},"acf":[],"aioseo_notices":[],"_links":{"self":[{"href":"https:\/\/www.amberemotion.com\/pl\/wp-json\/wp\/v2\/product\/5868","targetHints":{"allow":["GET"]}}],"collection":[{"href":"https:\/\/www.amberemotion.com\/pl\/wp-json\/wp\/v2\/product"}],"about":[{"href":"https:\/\/www.amberemotion.com\/pl\/wp-json\/wp\/v2\/types\/product"}],"wp:featuredmedia":[{"embeddable":true,"href":"https:\/\/www.amberemotion.com\/pl\/wp-json\/wp\/v2\/media\/24414"}],"wp:attachment":[{"href":"https:\/\/www.amberemotion.com\/pl\/wp-json\/wp\/v2\/media?parent=5868"}],"wp:term":[{"taxonomy":"product_cat","embeddable":true,"href":"https:\/\/www.amberemotion.com\/pl\/wp-json\/wp\/v2\/product_cat?post=5868"},{"taxonomy":"product_tag","embeddable":true,"href":"https:\/\/www.amberemotion.com\/pl\/wp-json\/wp\/v2\/product_tag?post=5868"}],"curies":[{"name":"wp","href":"https:\/\/api.w.org\/{rel}","templated":true}]}}