{"id":5836,"date":"2021-07-14T22:59:50","date_gmt":"2021-07-14T20:59:50","guid":{"rendered":"https:\/\/www.amberemotion.com\/product\/bez-kategorii\/armband-schmetterling\/"},"modified":"2023-04-05T21:11:26","modified_gmt":"2023-04-05T19:11:26","slug":"armband-schmetterling","status":"publish","type":"product","link":"https:\/\/www.amberemotion.com\/pl\/produkt\/armband-schmetterling.html","title":{"rendered":"Armband SCHMETTERLING | Silberne Armb\u00e4nder"},"content":{"rendered":"<p>Das aufwendig verarbeitete\u00a0<strong>Armband<\/strong>\u00a0aus unserer erlesenen\u00a0<a class=\"internal-link\" title=\"Schmuck Kollektion SCHMETTERLING - Silberschmuck\" href=\"https:\/\/www.amberemotion.com\/kollektion\/schmetterling.html#c899\">Schmuckkollektion\u00a0SCHMETTERLING<\/a>\u00a0verspr\u00fcht\u00a0einen Hauch Fr\u00fchlingsduft und Sommerstimmung. Unser Schmuck-Shop bietet Ihnen eine breite Auswahl an Armb\u00e4ndern, die handgefertigt und von h\u00f6chster Qualit\u00e4t sind. W\u00e4hlen Sie das perfekte Armband aus Sterling Silber und lassen Sie sich von der Sch\u00f6nheit des Schmetterlings inspirieren.<\/p>\n<p class=\"bodytext\">Das\u00a0<strong><b>Armband\u00a0<\/b>SCHMETTERLING<\/strong>\u00a0kommt zu Ihnen in edler\u00a0<a class=\"internal-link\" title=\"Schmuckverpackung\" href=\"https:\/\/www.amberemotion.com\/service\/schmuckverpackung.html\">Schmuckverpackung\u00a0<\/a>und auf Wunsch bieten wir unseren kreativen\u00a0<a class=\"external-link-new-window\" title=\"Geschenkservice\" href=\"http:\/\/www.amberemotion.de\/schoene-geschenke\/produkt\/geschenkservice-fuer-250-eur.html\" target=\"_blank\" rel=\"noopener\">Geschenkservice<\/a>\u00a0f\u00fcr 2,50 EUR an.<\/p>\n<p>Mehr zum\u00a0<strong>Armband SCHMETTERLING<\/strong>\u00a0finden Sie auf\u00a0<a class=\"external-link-new-window\" href=\"http:\/\/amberemotion.blogspot.com\/2015\/05\/bracelet-little-butterfly_1.html\" target=\"_blank\" rel=\"noopener\">amberemotion.blog<\/a>.<\/p>\n<style>#porto-info-list6672154569f8629702701 i { color: #21293c;font-size: 16px; }<\/style><ul id=\"porto-info-list6672154569f8629702701\" class=\"porto-info-list pl-4\">\n<li class=\"porto-info-list-item\"><i class=\"porto-info-icon fa fa-check-circle\"><\/i><div class=\"porto-info-list-item-desc\" style=\"font-size: 14px;\">\n<a class=\"internal-link\" href=\"https:\/\/www.amberemotion.com\/schmucklexikon\/silber.html\"><strong>925\u00a0Silber<\/strong><\/a> Schmetterling-Oberfl\u00e4che mattiert &amp; Innenseite gl\u00e4nzend<br \/>\n<\/div><\/li>\n<li class=\"porto-info-list-item\"><i class=\"porto-info-icon fa fa-check-circle\"><\/i><div class=\"porto-info-list-item-desc\" style=\"font-size: 14px;\">\ndiamantierte Ankerkette 18 cm (16 &#8211; 18 cm verstellbar)<br \/>\n<\/div><\/li>\n<li class=\"porto-info-list-item\"><i class=\"porto-info-icon fa fa-check-circle\"><\/i><div class=\"porto-info-list-item-desc\" style=\"font-size: 14px;\">\nSchmetterling-Gr\u00f6\u00dfe 7 mm an die Kette\u00a0gel\u00f6tet<br \/>\n<\/div><\/li>\n<li class=\"porto-info-list-item\"><i class=\"porto-info-icon fa fa-check-circle\"><\/i><div class=\"porto-info-list-item-desc\" style=\"font-size: 14px;\">\nbei Version Ros\u00e9gold oder Gold wird 22 Karat (916\/- Gold) aufgebracht<br \/>\n<\/div><\/li>\n<p>&nbsp;<\/p>\n<p><\/ul>\n","protected":false},"excerpt":{"rendered":"<p>Ein Schmetterling Armband ist das perfekte Accessoire f\u00fcr Damen, die auf der Suche nach einem stilvollen und eleganten Schmuckst\u00fcck sind.\u00a0\u00a0Egal ob als Armband oder Armreif, ein Schmetterling Armband aus Sterling Silber ist eine wundersch\u00f6ne Erg\u00e4nzung zu jedem Outfit. Das gl\u00e4nzende Silber verleiht dem Schmuckst\u00fcck ein zeitloses Aussehen und l\u00e4sst sich leicht mit anderen Schmuckst\u00fccken kombinieren.<\/p>\n","protected":false},"featured_media":9410,"template":"","meta":[],"product_cat":[207],"product_tag":[147,148],"class_list":{"0":"post-5836","1":"product","2":"type-product","3":"status-publish","4":"has-post-thumbnail","6":"product_cat-armbander-pl","7":"product_tag-enjoy-the-little-things-pl","8":"product_tag-schmetterling-pl","10":"first","11":"instock","12":"featured","13":"taxable","14":"shipping-taxable","15":"purchasable","16":"product-type-variable"},"acf":[],"aioseo_notices":[],"_links":{"self":[{"href":"https:\/\/www.amberemotion.com\/pl\/wp-json\/wp\/v2\/product\/5836","targetHints":{"allow":["GET"]}}],"collection":[{"href":"https:\/\/www.amberemotion.com\/pl\/wp-json\/wp\/v2\/product"}],"about":[{"href":"https:\/\/www.amberemotion.com\/pl\/wp-json\/wp\/v2\/types\/product"}],"wp:featuredmedia":[{"embeddable":true,"href":"https:\/\/www.amberemotion.com\/pl\/wp-json\/wp\/v2\/media\/9410"}],"wp:attachment":[{"href":"https:\/\/www.amberemotion.com\/pl\/wp-json\/wp\/v2\/media?parent=5836"}],"wp:term":[{"taxonomy":"product_cat","embeddable":true,"href":"https:\/\/www.amberemotion.com\/pl\/wp-json\/wp\/v2\/product_cat?post=5836"},{"taxonomy":"product_tag","embeddable":true,"href":"https:\/\/www.amberemotion.com\/pl\/wp-json\/wp\/v2\/product_tag?post=5836"}],"curies":[{"name":"wp","href":"https:\/\/api.w.org\/{rel}","templated":true}]}}