{"id":5827,"date":"2021-07-14T23:06:26","date_gmt":"2021-07-14T21:06:26","guid":{"rendered":"https:\/\/www.amberemotion.com\/product\/bez-kategorii\/damen-armband-infinity\/"},"modified":"2024-10-07T16:45:25","modified_gmt":"2024-10-07T14:45:25","slug":"schlangenarmband","status":"publish","type":"product","link":"https:\/\/www.amberemotion.com\/pl\/bransoletka-zmijka.html","title":{"rendered":"Bransoletka \u017cmijka"},"content":{"rendered":"<p class=\"bodytext\"><strong>Bransoletka \u017cmijka<\/strong> ze z\u0142ota lub srebra \u0142\u0105czy w sobie mistyczny design i luksusow\u0105 elegancj\u0119. To <strong>bransoletka w kszta\u0142cie w\u0119\u017ca<\/strong> idealnie oplata nadgarstek, staj\u0105c si\u0119 prawdziwym wyr\u00f3\u017cnikiem stylu. Niezale\u017cnie od tego, czy noszona jako <strong>bi\u017cuteria z motywem w\u0119\u017ca<\/strong> na wyj\u0105tkowe okazje, czy jako stylowy dodatek na co dzie\u0144, <strong>z\u0142ota bransoletka w\u0105\u017c<\/strong> dodaje ka\u017cdej stylizacji wyj\u0105tkowego charakteru. Wysoka jako\u015b\u0107 wykonania oraz l\u015bni\u0105cy design sprawiaj\u0105, \u017ce ten <strong>srebrny lub z\u0142oty w\u0119\u017cowy armreif<\/strong> to ekskluzywny element bi\u017cuterii. Dzi\u0119ki <strong>bransoletce w\u0105\u017c<\/strong> podkre\u015blisz swoj\u0105 elegancj\u0119 i wyrazisz swoj\u0105 indywidualno\u015b\u0107.<\/p>\n","protected":false},"excerpt":{"rendered":"<div class=\"flex max-w-full flex-col flex-grow\">\n<div class=\"min-h-8 text-message flex w-full flex-col items-end gap-2 whitespace-normal break-words [.text-message+&amp;]:mt-5\" dir=\"auto\" data-message-author-role=\"assistant\" data-message-id=\"a789eb22-d1c2-4e28-a4ca-e06ad7ae11d4\">\n<div class=\"flex w-full flex-col gap-1 empty:hidden first:pt-[3px]\">\n<div class=\"markdown prose w-full break-words dark:prose-invert light\">\n<p style=\"text-align: center;\">P\u0142aska i delikatna <strong>bransoletka \u017cmijka<\/strong> to elegancka <strong>bransoletka owijana<\/strong> w stylowym w\u0119\u017cowym designie. \u015awietnie pasuje do ka\u017cdego zegarka na z\u0142otej lub srebrnej bransolecie.<\/p>\n<\/div>\n<\/div>\n<\/div>\n<\/div>\n<div class=\"mb-2 flex gap-3 empty:hidden -ml-2\">\n<div class=\"items-center justify-start rounded-xl p-1 flex\">\n<div class=\"flex items-center\">\n<div class=\"flex\"><\/div>\n<div class=\"flex items-center pb-0\"><\/div>\n<\/div>\n<\/div>\n<\/div>\n","protected":false},"featured_media":23446,"template":"","meta":[],"product_cat":[207,349],"product_tag":[],"class_list":{"0":"post-5827","1":"product","2":"type-product","3":"status-publish","4":"has-post-thumbnail","6":"product_cat-armbander-pl","7":"product_cat-bestsellery","9":"first","10":"instock","11":"taxable","12":"shipping-taxable","13":"purchasable","14":"product-type-variable"},"acf":[],"aioseo_notices":[],"_links":{"self":[{"href":"https:\/\/www.amberemotion.com\/pl\/wp-json\/wp\/v2\/product\/5827","targetHints":{"allow":["GET"]}}],"collection":[{"href":"https:\/\/www.amberemotion.com\/pl\/wp-json\/wp\/v2\/product"}],"about":[{"href":"https:\/\/www.amberemotion.com\/pl\/wp-json\/wp\/v2\/types\/product"}],"wp:featuredmedia":[{"embeddable":true,"href":"https:\/\/www.amberemotion.com\/pl\/wp-json\/wp\/v2\/media\/23446"}],"wp:attachment":[{"href":"https:\/\/www.amberemotion.com\/pl\/wp-json\/wp\/v2\/media?parent=5827"}],"wp:term":[{"taxonomy":"product_cat","embeddable":true,"href":"https:\/\/www.amberemotion.com\/pl\/wp-json\/wp\/v2\/product_cat?post=5827"},{"taxonomy":"product_tag","embeddable":true,"href":"https:\/\/www.amberemotion.com\/pl\/wp-json\/wp\/v2\/product_tag?post=5827"}],"curies":[{"name":"wp","href":"https:\/\/api.w.org\/{rel}","templated":true}]}}