{"id":5810,"date":"2021-07-14T23:09:59","date_gmt":"2021-07-14T21:09:59","guid":{"rendered":"https:\/\/www.amberemotion.com\/product\/bez-kategorii\/damen-armreif-charlotte-stern\/"},"modified":"2023-01-01T14:01:25","modified_gmt":"2023-01-01T13:01:25","slug":"damen-armreif-charlotte-stern","status":"publish","type":"product","link":"https:\/\/www.amberemotion.com\/pl\/produkt\/damen-armreif-charlotte-stern.html","title":{"rendered":"Damen Armreif CHARLOTTE-STERN"},"content":{"rendered":"<p class=\"bodytext\">An einer feins\u00e4uberlich gel\u00f6teten Silber\u00f6se baumelt der kleine Anh\u00e4nger STERN, am schlichten Silberarmreif\u00a0CHARLOTTE. Produkt dieser verf\u00fchrerischen Kombination ist der\u00a0<strong>Damen Armreif<\/strong>\u00a0<b>CHARLOTTE-STERN<\/b>, welches die Vorz\u00fcge beider Schmuckst\u00fccke vereint und so zu einem Prachtexemplar wird, das zudem Verspieltheit und Eleganz gekonnt miteinander verkn\u00fcpft.<\/p>\n<p class=\"bodytext\"><strong>Damen Armreif CHARLOTTE-STERN<\/strong>\u00a0kommt zu Ihnen in edler\u00a0<a class=\"internal-link\" title=\"Schmuckverpackung\" href=\"https:\/\/www.amberemotion.com\/service\/schmuckverpackung.html\">Schmuckverpackung\u00a0<\/a>und auf Wunsch bieten wir unseren kreativen\u00a0<a class=\"external-link-new-window\" title=\"Geschenkservice\" href=\"http:\/\/www.amberemotion.de\/schoene-geschenke\/produkt\/geschenkservice-fuer-250-eur.html\" target=\"_blank\" rel=\"noopener\">Geschenkservice<\/a>\u00a0f\u00fcr 2,50 EUR an.<\/p>\n<p>Mehr Fotos &amp; Kommentare zu diesem\u00a0<strong>Damen Armreif<\/strong>\u00a0finden Sie gern auf\u00a0<a class=\"external-link-new-window\" title=\"Armband Charlotte-Star\" href=\"http:\/\/amberemotion.blogspot.com\/2013\/06\/mein-charlotte-star-mit-der-schonsten.html\" target=\"_blank\" rel=\"noopener\">amberemotion.blog<\/a>,\u00a0<a class=\"external-link-new-window\" title=\"CHARLOTTE-Star Armreif auf BelleBlanc\" href=\"http:\/\/www.belle-blanc.blogspot.com\/2013\/09\/twinkle-twinkle-little-star.html\" target=\"_blank\" rel=\"noopener\">BelleBlanc<\/a>.<\/p>\n<style>#porto-info-list104564440869f2cf441d0e5 i { color: #21293c;font-size: 16px; }<\/style><ul id=\"porto-info-list104564440869f2cf441d0e5\" class=\"porto-info-list pl-4\">\n<li class=\"porto-info-list-item\"><i class=\"porto-info-icon fa fa-check-circle\"><\/i><div class=\"porto-info-list-item-desc\" style=\"font-size: 14px;\">\nGl\u00e4nzendes\u00a0<a class=\"internal-link\" title=\"Opens internal link in current window\" href=\"https:\/\/www.amberemotion.com\/schmucklexikon\/silber.html#c104\">925\/- Silber<\/a>, ,<br \/>\n<\/div><\/li>\n<li class=\"porto-info-list-item\"><i class=\"porto-info-icon fa fa-check-circle\"><\/i><div class=\"porto-info-list-item-desc\" style=\"font-size: 14px;\">\nArmbandschiene mit rundem Profil von 2 mm<br \/>\n<\/div><\/li>\n<li class=\"porto-info-list-item\"><i class=\"porto-info-icon fa fa-check-circle\"><\/i><div class=\"porto-info-list-item-desc\" style=\"font-size: 14px;\">\n\u00d8 6,5 cm, Stern-Gr\u00f6\u00dfe 8 mm mit Silber\u00f6se 4 mm (gel\u00f6tet).<br \/>\n<\/div><\/li>\n<p>&nbsp;<\/p>\n<p><\/ul>\n","protected":false},"excerpt":{"rendered":"<p class=\"bodytext\" style=\"text-align: center;\"><strong>Damen Armreif<\/strong><b>\u00a0CHARLOTTE-STERN<\/b>: klassische Eleganz trifft auf schlichte Niedlichkeit: Zusammen\u00a0 bilden das schlichte\u00a0<a class=\"external-link-new-window\" title=\"Opens external link in new window\" href=\"https:\/\/www.amberemotion.com\/armbaender\/produkt\/armreif-charlotte-no-2.html\" target=\"_blank\" rel=\"noopener\">Armreif CHARLOTTE<\/a>\u00a0und das entz\u00fcckende\u00a0<a class=\"external-link-new-window\" title=\"Opens external link in new window\" href=\"https:\/\/www.amberemotion.com\/halsschmuck\/produkt\/little-star-ohne-kette.html\" target=\"_blank\" rel=\"noopener\">Sternchen<\/a>.<\/p>\n","protected":false},"featured_media":5811,"template":"","meta":[],"product_cat":[207],"product_tag":[197,147,195],"class_list":{"0":"post-5810","1":"product","2":"type-product","3":"status-publish","4":"has-post-thumbnail","6":"product_cat-armbander-pl","7":"product_tag-charlotte-pl","8":"product_tag-enjoy-the-little-things-pl","9":"product_tag-little-star-pl","11":"first","12":"instock","13":"taxable","14":"shipping-taxable","15":"purchasable","16":"product-type-simple"},"acf":[],"aioseo_notices":[],"_links":{"self":[{"href":"https:\/\/www.amberemotion.com\/pl\/wp-json\/wp\/v2\/product\/5810","targetHints":{"allow":["GET"]}}],"collection":[{"href":"https:\/\/www.amberemotion.com\/pl\/wp-json\/wp\/v2\/product"}],"about":[{"href":"https:\/\/www.amberemotion.com\/pl\/wp-json\/wp\/v2\/types\/product"}],"wp:featuredmedia":[{"embeddable":true,"href":"https:\/\/www.amberemotion.com\/pl\/wp-json\/wp\/v2\/media\/5811"}],"wp:attachment":[{"href":"https:\/\/www.amberemotion.com\/pl\/wp-json\/wp\/v2\/media?parent=5810"}],"wp:term":[{"taxonomy":"product_cat","embeddable":true,"href":"https:\/\/www.amberemotion.com\/pl\/wp-json\/wp\/v2\/product_cat?post=5810"},{"taxonomy":"product_tag","embeddable":true,"href":"https:\/\/www.amberemotion.com\/pl\/wp-json\/wp\/v2\/product_tag?post=5810"}],"curies":[{"name":"wp","href":"https:\/\/api.w.org\/{rel}","templated":true}]}}