{"id":5789,"date":"2021-07-14T23:18:26","date_gmt":"2021-07-14T21:18:26","guid":{"rendered":"https:\/\/www.amberemotion.com\/product\/bez-kategorii\/damen-armreif-charlotte-no-1\/"},"modified":"2025-01-03T21:19:40","modified_gmt":"2025-01-03T20:19:40","slug":"damen-armreif-charlotte-no-1","status":"publish","type":"product","link":"https:\/\/www.amberemotion.com\/pl\/produkt\/damen-armreif-charlotte-no-1.html","title":{"rendered":"Damen Armreif. Stapelarmreif"},"content":{"rendered":"<p><strong>Damen Armreif Stapelarmreif<\/strong> eignet sich auch als <strong>Stapelarmreif<\/strong> und erg\u00e4nzt wundersch\u00f6n Ihren t\u00e4glichen Outfit.\u00a0Die Sch\u00f6nheit dieser zarten <strong>Damen Armreifen<\/strong> liegt in ihrer Einfachheit und ihrem trendigen Design. Ob solo getragen oder in Kombination mit anderem <strong>Armschmuck<\/strong> \u2013 ist dieser <strong>runde goldene silberne Armreif\u00a0<\/strong>eine elegante Auswahl f\u00fcr Ihren Alltagslook oder Ihre Abendgarderobe. Das Stapeln oder &#8222;<strong>Armreif-Stacking<\/strong>&#8221; ist sehr beliebt und bietet Ihnen die M\u00f6glichkeit Ihren individuellen Stil zum Ausdruck zu bringen. Kreieren Sie Ihren eigenen, einzigartigen Look.<br \/>\nAuf Wunsch bieten wir Ihnen auch unseren kreativen <a title=\"Geschenkservice\" href=\"https:\/\/www.amberemotion.com\/damen-armreif-stapelarmreif.html\" target=\"_blank\" rel=\"noopener\">Geschenkservice<\/a> an.<\/p>\n","protected":false},"excerpt":{"rendered":"<p style=\"text-align: center;\">Handgefertigter Armreif CHARLOTTE, ideal zum Stapeln als Stapelarmreif oder einzeln.<\/p>\n","protected":false},"featured_media":23142,"template":"","meta":[],"product_cat":[207,349],"product_tag":[197],"class_list":{"0":"post-5789","1":"product","2":"type-product","3":"status-publish","4":"has-post-thumbnail","6":"product_cat-armbander-pl","7":"product_cat-bestsellery","8":"product_tag-charlotte-pl","10":"first","11":"instock","12":"taxable","13":"shipping-taxable","14":"purchasable","15":"product-type-variable"},"acf":[],"aioseo_notices":[],"_links":{"self":[{"href":"https:\/\/www.amberemotion.com\/pl\/wp-json\/wp\/v2\/product\/5789","targetHints":{"allow":["GET"]}}],"collection":[{"href":"https:\/\/www.amberemotion.com\/pl\/wp-json\/wp\/v2\/product"}],"about":[{"href":"https:\/\/www.amberemotion.com\/pl\/wp-json\/wp\/v2\/types\/product"}],"wp:featuredmedia":[{"embeddable":true,"href":"https:\/\/www.amberemotion.com\/pl\/wp-json\/wp\/v2\/media\/23142"}],"wp:attachment":[{"href":"https:\/\/www.amberemotion.com\/pl\/wp-json\/wp\/v2\/media?parent=5789"}],"wp:term":[{"taxonomy":"product_cat","embeddable":true,"href":"https:\/\/www.amberemotion.com\/pl\/wp-json\/wp\/v2\/product_cat?post=5789"},{"taxonomy":"product_tag","embeddable":true,"href":"https:\/\/www.amberemotion.com\/pl\/wp-json\/wp\/v2\/product_tag?post=5789"}],"curies":[{"name":"wp","href":"https:\/\/api.w.org\/{rel}","templated":true}]}}