{"id":5760,"date":"2021-07-14T23:23:48","date_gmt":"2021-07-14T21:23:48","guid":{"rendered":"https:\/\/www.amberemotion.com\/product\/bez-kategorii\/armreif-charlotte-schmetterling\/"},"modified":"2023-04-05T22:26:44","modified_gmt":"2023-04-05T20:26:44","slug":"armreif-charlotte-schmetterling","status":"publish","type":"product","link":"https:\/\/www.amberemotion.com\/pl\/produkt\/armreif-charlotte-schmetterling.html","title":{"rendered":"Armreif SCHMETTERLING"},"content":{"rendered":"<p class=\"bodytext\">An einer feins\u00e4uberlich gel\u00f6teten Silber\u00f6se baumelt der kleine Schmetterling, am schlichten Silberarmreif. Produkt dieser verf\u00fchrerischen Kombination ist der <strong>Armreif CHARLOTTE-SCHMETTERLING<\/strong>, welcher die Vorz\u00fcge beider Schmuckst\u00fccke vereint und so zu einem Prachtexemplar wird, das zudem Verspieltheit und Eleganz gekonnt miteinander verkn\u00fcpft.<\/p>\n<p class=\"bodytext\">Mehr Fotos &amp; Kommentare zu dem\u00a0<strong>Armreif<\/strong>\u00a0finden Sie auf\u00a0<a class=\"external-link-new-window\" title=\"CHARLOTTE-Butterfly auf dem Blog\" href=\"http:\/\/amberemotion.blogspot.com\/2014\/08\/charlotte-butterfly.html\" target=\"_blank\" rel=\"noopener\">amberemotion.blog<\/a>.<\/p>\n<p class=\"bodytext\">Der\u00a0<strong>Damen\u00a0<\/strong><strong>Armreif <\/strong><strong>Schmetterling\u00a0<\/strong>kommt zu Ihnen in edler\u00a0<a class=\"internal-link\" title=\"Schmuckverpackung\" href=\"https:\/\/www.amberemotion.com\/service\/schmuckverpackung.html\">Schmuckverpackung\u00a0<\/a>und auf Wunsch bieten wir unseren kreativen\u00a0<a class=\"external-link-new-window\" title=\"Geschenkservice\" href=\"http:\/\/www.amberemotion.de\/schoene-geschenke\/produkt\/geschenkservice-fuer-250-eur.html\" target=\"_blank\" rel=\"noopener\">Geschenkservice<\/a>\u00a0f\u00fcr 2,50 EUR an.<\/p>\n<style>#porto-info-list95006504969f862920bef7 i { color: #21293c;font-size: 16px; }<\/style><ul id=\"porto-info-list95006504969f862920bef7\" class=\"porto-info-list pl-4\">\n<li class=\"porto-info-list-item\"><i class=\"porto-info-icon fa fa-check-circle\"><\/i><div class=\"porto-info-list-item-desc\" style=\"font-size: 14px;\">\n<a class=\"internal-link\" href=\"https:\/\/www.amberemotion.com\/schmucklexikon\/silber.html\">925 Silber<\/a><br \/>\n<\/div><\/li>\n<li class=\"porto-info-list-item\"><i class=\"porto-info-icon fa fa-check-circle\"><\/i><div class=\"porto-info-list-item-desc\" style=\"font-size: 14px;\">\nSchmetterling-Oberfl\u00e4che mattiert und Innenseite gl\u00e4nzend<br \/>\n<\/div><\/li>\n<li class=\"porto-info-list-item\"><i class=\"porto-info-icon fa fa-check-circle\"><\/i><div class=\"porto-info-list-item-desc\" style=\"font-size: 14px;\">\nArmreifschiene 2 mm<br \/>\n<\/div><\/li>\n<li class=\"porto-info-list-item\"><i class=\"porto-info-icon fa fa-check-circle\"><\/i><div class=\"porto-info-list-item-desc\" style=\"font-size: 14px;\">\nDurchmesser 6,5 cm<br \/>\n<\/div><\/li>\n<li class=\"porto-info-list-item\"><i class=\"porto-info-icon fa fa-check-circle\"><\/i><div class=\"porto-info-list-item-desc\" style=\"font-size: 14px;\">\nSchmetterling-Gr\u00f6\u00dfe 7 mm mit Silber\u00f6se 4 mm (gel\u00f6tet)<br \/>\n<\/div><\/li>\n<p><\/ul>\n","protected":false},"excerpt":{"rendered":"<p class=\"bodytext\" style=\"text-align: center;\">Ein Armreif ist ein klassischer Schmuckartikel, der seit Jahrhunderten von Frauen getragen wird. Ein besonders sch\u00f6nes Design f\u00fcr einen Armreif ist ein Schmetterling. Armreifen aus Silber f\u00fcr Damen sind besonders beliebt, da sie eine zeitlose Eleganz verk\u00f6rpern. Sterling Silber Armreifen f\u00fcr Damen sind eine wunderbare Erg\u00e4nzung zu jedem Schmuckk\u00e4stchen und lassen sich leicht mit anderen Schmuckst\u00fccken kombinieren.<\/p>\n<p class=\"bodytext\" style=\"text-align: center;\">Klassische Eleganz trifft auf schlichte Niedlichkeit: Zusammen bilden der schlichte <strong>Damen\u00a0Armreif CHARLOTTE\u00a0<\/strong>und der entz\u00fcckende\u00a0<strong>Schmetterling<\/strong>\u00a0aus der\u00a0<a class=\"internal-link\" title=\"Opens internal link in current window\" href=\"https:\/\/www.amberemotion.com\/kollektion\/schmetterling.html#c899\">Kollektion SCHMETTERLING<\/a>\u00a0das perfekte Team.<\/p>\n","protected":false},"featured_media":5761,"template":"","meta":[],"product_cat":[207],"product_tag":[197,147,148],"class_list":{"0":"post-5760","1":"product","2":"type-product","3":"status-publish","4":"has-post-thumbnail","6":"product_cat-armbander-pl","7":"product_tag-charlotte-pl","8":"product_tag-enjoy-the-little-things-pl","9":"product_tag-schmetterling-pl","11":"first","12":"instock","13":"taxable","14":"shipping-taxable","15":"purchasable","16":"product-type-simple"},"acf":[],"aioseo_notices":[],"_links":{"self":[{"href":"https:\/\/www.amberemotion.com\/pl\/wp-json\/wp\/v2\/product\/5760","targetHints":{"allow":["GET"]}}],"collection":[{"href":"https:\/\/www.amberemotion.com\/pl\/wp-json\/wp\/v2\/product"}],"about":[{"href":"https:\/\/www.amberemotion.com\/pl\/wp-json\/wp\/v2\/types\/product"}],"wp:featuredmedia":[{"embeddable":true,"href":"https:\/\/www.amberemotion.com\/pl\/wp-json\/wp\/v2\/media\/5761"}],"wp:attachment":[{"href":"https:\/\/www.amberemotion.com\/pl\/wp-json\/wp\/v2\/media?parent=5760"}],"wp:term":[{"taxonomy":"product_cat","embeddable":true,"href":"https:\/\/www.amberemotion.com\/pl\/wp-json\/wp\/v2\/product_cat?post=5760"},{"taxonomy":"product_tag","embeddable":true,"href":"https:\/\/www.amberemotion.com\/pl\/wp-json\/wp\/v2\/product_tag?post=5760"}],"curies":[{"name":"wp","href":"https:\/\/api.w.org\/{rel}","templated":true}]}}