{"id":5716,"date":"2021-07-15T21:42:12","date_gmt":"2021-07-15T19:42:12","guid":{"rendered":"https:\/\/www.amberemotion.com\/product\/bez-kategorii\/ring-cross\/"},"modified":"2023-03-26T22:41:11","modified_gmt":"2023-03-26T20:41:11","slug":"ring-cross","status":"publish","type":"product","link":"https:\/\/www.amberemotion.com\/pl\/produkt\/ring-cross.html","title":{"rendered":"Herrenring mit Bernstein CROSS"},"content":{"rendered":"<p>Das raffinierte Design: die glatt polierte Au\u00dfenseite dieses\u00a0Silberschmucks\u00a0fasst den\u00a0<a class=\"internal-link\" title=\"Bernstein\" href=\"https:\/\/www.amberemotion.com\/schmucklexikon\/bernstein-naturbernstein.html\">Naturbernstein<\/a>\u00a0in ein kreuzf\u00f6rmiges Muster. Die mattierte Innenseite bildet einen sch\u00f6nen Kontrast zur gl\u00e4nzenden Oberfl\u00e4che. Der ausgefallene Herrenring ist durch die etwas weichen Kanten sehr angenehm zu tragen.<\/p>\n<p class=\"bodytext\">Dieser\u00a0<strong>Herrenring mit Bernstein<\/strong>\u00a0kommt\u00a0zu Ihnen in edler\u00a0<a class=\"internal-link\" title=\"Schmuckverpackung\" href=\"https:\/\/www.amberemotion.com\/service\/schmuckverpackung.html\">Schmuckverpackung\u00a0<\/a>und auf Wunsch bieten wir unseren kreativen\u00a0<a class=\"external-link-new-window\" title=\"Geschenkservice\" href=\"http:\/\/www.amberemotion.de\/schoene-geschenke\/produkt\/geschenkservice-fuer-250-eur.html\" target=\"_blank\" rel=\"noopener\">Geschenkservice<\/a>\u00a0f\u00fcr 2,50 EUR an.<\/p>\n<style>#porto-info-list208503215069f5fddd80db4 i { color: #21293c;font-size: 16px; }<\/style><ul id=\"porto-info-list208503215069f5fddd80db4\" class=\"porto-info-list pl-4\">\n<li class=\"porto-info-list-item\"><i class=\"porto-info-icon fa fa-check-circle\"><\/i><div class=\"porto-info-list-item-desc\" style=\"font-size: 14px;\">\n925er\u00a0<a class=\"internal-link\" title=\"Silber\" href=\"https:\/\/www.amberemotion.com\/schmucklexikon\/silber.html\">Silber<\/a> (gl\u00e4nzend)<br \/>\n<\/div><\/li>\n<li class=\"porto-info-list-item\"><i class=\"porto-info-icon fa fa-check-circle\"><\/i><div class=\"porto-info-list-item-desc\" style=\"font-size: 14px;\">\nNaturbernstein in Dunkel-Cognac<br \/>\n<\/div><\/li>\n<li class=\"porto-info-list-item\"><i class=\"porto-info-icon fa fa-check-circle\"><\/i><div class=\"porto-info-list-item-desc\" style=\"font-size: 14px;\">\nRingschiene 8 mm breit inkl. Bernsteinstreifen 2 mm, St\u00e4rke ca. 1,6 mm<br \/>\n<\/div><\/li>\n<p><\/ul>\n","protected":false},"excerpt":{"rendered":"<p class=\"bodytext\" style=\"text-align: center;\">Der\u00a0ausgefallene\u00a0<strong>Herrenring mit Bernstein<\/strong>\u00a0CROSS vereint den k\u00fchl metallischen Glanz des Silbers mit der cognacfarbenen Aura des Naturbernsteins.<\/p>\n","protected":false},"featured_media":5717,"template":"","meta":[],"product_cat":[205],"product_tag":[],"class_list":{"0":"post-5716","1":"product","2":"type-product","3":"status-publish","4":"has-post-thumbnail","6":"product_cat-herrenschmuck-pl","8":"first","9":"instock","10":"taxable","11":"shipping-taxable","12":"purchasable","13":"product-type-simple"},"acf":[],"aioseo_notices":[],"_links":{"self":[{"href":"https:\/\/www.amberemotion.com\/pl\/wp-json\/wp\/v2\/product\/5716","targetHints":{"allow":["GET"]}}],"collection":[{"href":"https:\/\/www.amberemotion.com\/pl\/wp-json\/wp\/v2\/product"}],"about":[{"href":"https:\/\/www.amberemotion.com\/pl\/wp-json\/wp\/v2\/types\/product"}],"wp:featuredmedia":[{"embeddable":true,"href":"https:\/\/www.amberemotion.com\/pl\/wp-json\/wp\/v2\/media\/5717"}],"wp:attachment":[{"href":"https:\/\/www.amberemotion.com\/pl\/wp-json\/wp\/v2\/media?parent=5716"}],"wp:term":[{"taxonomy":"product_cat","embeddable":true,"href":"https:\/\/www.amberemotion.com\/pl\/wp-json\/wp\/v2\/product_cat?post=5716"},{"taxonomy":"product_tag","embeddable":true,"href":"https:\/\/www.amberemotion.com\/pl\/wp-json\/wp\/v2\/product_tag?post=5716"}],"curies":[{"name":"wp","href":"https:\/\/api.w.org\/{rel}","templated":true}]}}