{"id":5711,"date":"2021-07-15T21:46:43","date_gmt":"2021-07-15T19:46:43","guid":{"rendered":"https:\/\/www.amberemotion.com\/product\/bez-kategorii\/ring-double\/"},"modified":"2023-02-18T22:36:11","modified_gmt":"2023-02-18T21:36:11","slug":"ring-double","status":"publish","type":"product","link":"https:\/\/www.amberemotion.com\/pl\/produkt\/ring-double.html","title":{"rendered":"Moderner Bernsteinring DOUBLE"},"content":{"rendered":"<p>Der Herrenring als Silberschmuck passt auch zu den Manschettenkn\u00f6pfen aus der gleichen Schmuckkollektion und ist ebenso als einzelnes Accessoire f\u00fcr Damen oder als Freundschaftsringe erh\u00e4ltlich.<\/p>\n<p class=\"bodytext\">Dieser\u00a0<strong>massive Herrenring mit Bernstein<\/strong>\u00a0kommt\u00a0zu Ihnen in edler\u00a0<a class=\"internal-link\" title=\"Schmuckverpackung\" href=\"https:\/\/www.amberemotion.com\/service\/schmuckverpackung.html\">Schmuckverpackung<\/a>\u00a0und auf Wunsch bieten wir unseren kreativen\u00a0<a class=\"external-link-new-window\" title=\"Geschenkservice\" href=\"http:\/\/www.amberemotion.de\/schoene-geschenke\/produkt\/geschenkservice-fuer-250-eur.html\" target=\"_blank\" rel=\"noopener\">Geschenkservice<\/a>\u00a0f\u00fcr 2,50 EUR an.<\/p>\n<style>#porto-info-list168918245069f615553447b i { color: #21293c;font-size: 16px; }<\/style><ul id=\"porto-info-list168918245069f615553447b\" class=\"porto-info-list pl-4\">\n<li class=\"porto-info-list-item\"><i class=\"porto-info-icon fa fa-check-circle\"><\/i><div class=\"porto-info-list-item-desc\" style=\"font-size: 14px;\">\n925er\u00a0<a class=\"internal-link\" title=\"Silber\" href=\"https:\/\/www.amberemotion.com\/schmucklexikon\/silber.html\">Silber<\/a> (gl\u00e4nzend)<br \/>\n<\/div><\/li>\n<li class=\"porto-info-list-item\"><i class=\"porto-info-icon fa fa-check-circle\"><\/i><div class=\"porto-info-list-item-desc\" style=\"font-size: 14px;\">\nklarer\u00a0<a class=\"internal-link\" title=\"Naturbernstein\" href=\"https:\/\/www.amberemotion.com\/schmucklexikon\/bernstein-naturbernstein.html\">Naturbernstein<\/a>\u00a0in Dunkel-Cognac<br \/>\n<\/div><\/li>\n<li class=\"porto-info-list-item\"><i class=\"porto-info-icon fa fa-check-circle\"><\/i><div class=\"porto-info-list-item-desc\" style=\"font-size: 14px;\">\nRingschiene\u00a09 mm breit inkl. 2 Bernsteinstreifen je 2 mm, St\u00e4rke ca. 1,6 mm<br \/>\n<\/div><\/li>\n<p><\/ul>\n","protected":false},"excerpt":{"rendered":"<p class=\"bodytext\" style=\"text-align: center;\">Dieser\u00a0<strong>massive Herrenring mit Bernstein<\/strong>\u00a0zeigt mit seinem geradlinigen Styling die Pefektion. Das hell gl\u00e4nzende Silber der Oberfl\u00e4che rahmt zwei parallele,\u00a0schimmernde Linien aus\u00a0<a class=\"internal-link\" title=\"Naturbernstein\" href=\"https:\/\/www.amberemotion.com\/schmucklexikon\/bernstein-naturbernstein.html\">Naturbernstein<\/a>\u00a0ein.<\/p>\n","protected":false},"featured_media":5713,"template":"","meta":[],"product_cat":[205],"product_tag":[],"class_list":{"0":"post-5711","1":"product","2":"type-product","3":"status-publish","4":"has-post-thumbnail","6":"product_cat-herrenschmuck-pl","8":"first","9":"instock","10":"taxable","11":"shipping-taxable","12":"purchasable","13":"product-type-simple"},"acf":[],"aioseo_notices":[],"_links":{"self":[{"href":"https:\/\/www.amberemotion.com\/pl\/wp-json\/wp\/v2\/product\/5711","targetHints":{"allow":["GET"]}}],"collection":[{"href":"https:\/\/www.amberemotion.com\/pl\/wp-json\/wp\/v2\/product"}],"about":[{"href":"https:\/\/www.amberemotion.com\/pl\/wp-json\/wp\/v2\/types\/product"}],"wp:featuredmedia":[{"embeddable":true,"href":"https:\/\/www.amberemotion.com\/pl\/wp-json\/wp\/v2\/media\/5713"}],"wp:attachment":[{"href":"https:\/\/www.amberemotion.com\/pl\/wp-json\/wp\/v2\/media?parent=5711"}],"wp:term":[{"taxonomy":"product_cat","embeddable":true,"href":"https:\/\/www.amberemotion.com\/pl\/wp-json\/wp\/v2\/product_cat?post=5711"},{"taxonomy":"product_tag","embeddable":true,"href":"https:\/\/www.amberemotion.com\/pl\/wp-json\/wp\/v2\/product_tag?post=5711"}],"curies":[{"name":"wp","href":"https:\/\/api.w.org\/{rel}","templated":true}]}}