{"id":5705,"date":"2021-07-15T21:49:11","date_gmt":"2021-07-15T19:49:11","guid":{"rendered":"https:\/\/www.amberemotion.com\/product\/bez-kategorii\/herrenarmreif-arrow\/"},"modified":"2023-01-01T13:44:51","modified_gmt":"2023-01-01T12:44:51","slug":"herrenarmreif-arrow","status":"publish","type":"product","link":"https:\/\/www.amberemotion.com\/pl\/produkt\/herrenarmreif-arrow.html","title":{"rendered":"Herrenarmreif ARROW"},"content":{"rendered":"<p>Dank unserer erlesenen Handarbeit-Schmiedekunst ist er au\u00dferdem elastisch genug, um durch leichtes Dehnen der \u00d6ffnung ein einfaches An- und Ablegen des Armreifes zu erm\u00f6glichen.\u00a0Sein au\u00dfergew\u00f6hnliches Design sowie die hochwertige, feine Verarbeitung machen diesen\u00a0<strong>Armreif<\/strong>\u00a0zu einem\u00a0<strong>Herrenschmuckst\u00fcck<\/strong>\u00a0der Extraklasse.<\/p>\n<p class=\"bodytext\">Dieser\u00a0<strong>Herrenarmreif<\/strong>\u00a0<b>ARROW<\/b>\u00a0kommt zu Ihnen in edler\u00a0<a class=\"internal-link\" title=\"Schmuckverpackung\" href=\"https:\/\/www.amberemotion.com\/service\/schmuckverpackung.html#c815\">Schmuckverpackung<\/a>\u00a0und auf Wunsch bieten wir unseren kreativen\u00a0<a class=\"external-link-new-window\" title=\"Geschenkservice\" href=\"http:\/\/www.amberemotion.de\/schoene-geschenke\/produkt\/geschenkservice-fuer-250-eur.html\" target=\"_blank\" rel=\"noopener\">Geschenkservice<\/a>\u00a0f\u00fcr 2,50 EUR an.<\/p>\n<style>#porto-info-list190074360469f5e85634baa i { color: #21293c;font-size: 16px; }<\/style><ul id=\"porto-info-list190074360469f5e85634baa\" class=\"porto-info-list pl-4\">\n<li class=\"porto-info-list-item\"><i class=\"porto-info-icon fa fa-check-circle\"><\/i><div class=\"porto-info-list-item-desc\" style=\"font-size: 14px;\">\n<a class=\"internal-link\" title=\"Opens internal link in current window\" href=\"https:\/\/www.amberemotion.com\/schmucklexikon\/silber.html#c104\">925\/- Silber<\/a> massiv, gl\u00e4nzend<br \/>\n<\/div><\/li>\n<li class=\"porto-info-list-item\"><i class=\"porto-info-icon fa fa-check-circle\"><\/i><div class=\"porto-info-list-item-desc\" style=\"font-size: 14px;\">\novale Armreif-Schiene mit flachem Profil &amp; der St\u00e4rke 3 mm,<br \/>\n<\/div><\/li>\n<li class=\"porto-info-list-item\"><i class=\"porto-info-icon fa fa-check-circle\"><\/i><div class=\"porto-info-list-item-desc\" style=\"font-size: 14px;\">\nEndungen 1 cm, Innenumfang 19 cm inkl. ca. 3 cm L\u00fccke\/\u00d6ffnung<br \/>\n<\/div><\/li>\n<p><\/ul>\n","protected":false},"excerpt":{"rendered":"<p class=\"bodytext\" style=\"text-align: center;\">Das perfekte Schmuckst\u00fcck f\u00fcr all jene Herren, die auch in puncto Accessoires Stil beweisen m\u00f6chten: Unser raffinierte\u00a0<strong>Herrenarmreif<\/strong>\u00a0aus massivem Silber umschlingt in edler, schlichtgehaltener Pfeilform das Handgelenk.<\/p>\n","protected":false},"featured_media":5707,"template":"","meta":[],"product_cat":[205],"product_tag":[],"class_list":{"0":"post-5705","1":"product","2":"type-product","3":"status-publish","4":"has-post-thumbnail","6":"product_cat-herrenschmuck-pl","8":"first","9":"instock","10":"taxable","11":"shipping-taxable","12":"purchasable","13":"product-type-simple"},"acf":[],"aioseo_notices":[],"_links":{"self":[{"href":"https:\/\/www.amberemotion.com\/pl\/wp-json\/wp\/v2\/product\/5705","targetHints":{"allow":["GET"]}}],"collection":[{"href":"https:\/\/www.amberemotion.com\/pl\/wp-json\/wp\/v2\/product"}],"about":[{"href":"https:\/\/www.amberemotion.com\/pl\/wp-json\/wp\/v2\/types\/product"}],"wp:featuredmedia":[{"embeddable":true,"href":"https:\/\/www.amberemotion.com\/pl\/wp-json\/wp\/v2\/media\/5707"}],"wp:attachment":[{"href":"https:\/\/www.amberemotion.com\/pl\/wp-json\/wp\/v2\/media?parent=5705"}],"wp:term":[{"taxonomy":"product_cat","embeddable":true,"href":"https:\/\/www.amberemotion.com\/pl\/wp-json\/wp\/v2\/product_cat?post=5705"},{"taxonomy":"product_tag","embeddable":true,"href":"https:\/\/www.amberemotion.com\/pl\/wp-json\/wp\/v2\/product_tag?post=5705"}],"curies":[{"name":"wp","href":"https:\/\/api.w.org\/{rel}","templated":true}]}}