{"id":5654,"date":"2021-07-15T22:16:45","date_gmt":"2021-07-15T20:16:45","guid":{"rendered":"https:\/\/www.amberemotion.com\/product\/bez-kategorii\/herrenring-avalon-no-2-grade\/"},"modified":"2025-12-30T11:33:38","modified_gmt":"2025-12-30T10:33:38","slug":"herrenring-avalon-no-2-grade","status":"publish","type":"product","link":"https:\/\/www.amberemotion.com\/pl\/produkt\/herrenring-avalon-no-2-grade.html","title":{"rendered":"Herrenring AVALON No. 2 grade"},"content":{"rendered":"<p class=\"bodytext\">Ein schmaler Streifen aus cognacfarbenen\u00a0<a class=\"internal-link\" title=\"Bernstein\" href=\"https:\/\/www.amberemotion.com\/schmucklexikon\/bernsteinschmuck.html\">Naturbernstein<\/a>, der sich mit der hochwertigen Pracht eines Edelsteins messen kann, durchzieht wie ein Band die aus Silber gefertigte, gl\u00e4nzende Ringschiene und l\u00e4sst dieses Schmuckst\u00fcck zu dem werden, was es ist und immer bleiben wird: Ein zeitlos sch\u00f6ner Klassiker als\u00a0<strong>Silberschmuck<\/strong>.<\/p>\n<p class=\"bodytext\">Dieser Ring kommt\u00a0zu Ihnen in edler\u00a0<a class=\"internal-link\" title=\"Schmuckverpackung\" href=\"https:\/\/www.amberemotion.com\/service\/schmuckverpackung.html\">Schmuckverpackung\u00a0<\/a>und auf Wunsch bieten wir unseren kreativen\u00a0<a class=\"external-link-new-window\" title=\"Geschenkservice\" href=\"http:\/\/www.amberemotion.de\/schoene-geschenke\/produkt\/geschenkservice-fuer-250-eur.html\" target=\"_blank\" rel=\"noopener\">Geschenkservice<\/a>\u00a0f\u00fcr 2,50 EUR an.<\/p>\n<style>#porto-info-list91191322169f8628902a41 i { color: #21293c;font-size: 16px; }<\/style><ul id=\"porto-info-list91191322169f8628902a41\" class=\"porto-info-list pl-4\">\n<li class=\"porto-info-list-item\"><i class=\"porto-info-icon fa fa-check-circle\"><\/i><div class=\"porto-info-list-item-desc\" style=\"font-size: 14px;\">\n925er Silber (gl\u00e4nzend)<br \/>\n<\/div><\/li>\n<li class=\"porto-info-list-item\"><i class=\"porto-info-icon fa fa-check-circle\"><\/i><div class=\"porto-info-list-item-desc\" style=\"font-size: 14px;\">\nklarer Naturbernstein in r\u00f6tlichem\u00a0Dunkel-Cognac<br \/>\n<\/div><\/li>\n<li class=\"porto-info-list-item\"><i class=\"porto-info-icon fa fa-check-circle\"><\/i><div class=\"porto-info-list-item-desc\" style=\"font-size: 14px;\">\nRingschiene 6 mm inkl. Bernsteinstreifen 2 mm<br \/>\n<\/div><\/li>\n<li class=\"porto-info-list-item\"><i class=\"porto-info-icon fa fa-check-circle\"><\/i><div class=\"porto-info-list-item-desc\" style=\"font-size: 14px;\">\nSt\u00e4rke ca. 1,6 mm<br \/>\n<\/div><\/li>\n<p><\/ul>\n","protected":false},"excerpt":{"rendered":"<p class=\"bodytext\" style=\"text-align: center;\">Hochwertig und in nobler, maskuliner Schlichtheit kommt dieses Schmuckst\u00fcck daher, welches sowohl alltags- als auch ausgehtauglich ist.<\/p>\n","protected":false},"featured_media":5655,"template":"","meta":[],"product_cat":[205],"product_tag":[],"class_list":{"0":"post-5654","1":"product","2":"type-product","3":"status-publish","4":"has-post-thumbnail","6":"product_cat-herrenschmuck-pl","8":"first","9":"instock","10":"taxable","11":"shipping-taxable","12":"purchasable","13":"product-type-simple"},"acf":[],"aioseo_notices":[],"_links":{"self":[{"href":"https:\/\/www.amberemotion.com\/pl\/wp-json\/wp\/v2\/product\/5654","targetHints":{"allow":["GET"]}}],"collection":[{"href":"https:\/\/www.amberemotion.com\/pl\/wp-json\/wp\/v2\/product"}],"about":[{"href":"https:\/\/www.amberemotion.com\/pl\/wp-json\/wp\/v2\/types\/product"}],"wp:featuredmedia":[{"embeddable":true,"href":"https:\/\/www.amberemotion.com\/pl\/wp-json\/wp\/v2\/media\/5655"}],"wp:attachment":[{"href":"https:\/\/www.amberemotion.com\/pl\/wp-json\/wp\/v2\/media?parent=5654"}],"wp:term":[{"taxonomy":"product_cat","embeddable":true,"href":"https:\/\/www.amberemotion.com\/pl\/wp-json\/wp\/v2\/product_cat?post=5654"},{"taxonomy":"product_tag","embeddable":true,"href":"https:\/\/www.amberemotion.com\/pl\/wp-json\/wp\/v2\/product_tag?post=5654"}],"curies":[{"name":"wp","href":"https:\/\/api.w.org\/{rel}","templated":true}]}}