{"id":5646,"date":"2021-07-15T22:22:58","date_gmt":"2021-07-15T20:22:58","guid":{"rendered":"https:\/\/www.amberemotion.com\/product\/bez-kategorii\/ringe-avalon-no-1-gewolbt\/"},"modified":"2026-02-16T13:41:57","modified_gmt":"2026-02-16T12:41:57","slug":"ringe-avalon-no-1-gewolbt","status":"publish","type":"product","link":"https:\/\/www.amberemotion.com\/pl\/produkt\/ringe-avalon-no-1-gewolbt.html","title":{"rendered":"Trauringe mit Bernstein | AMBER Ovalprofil No. 1"},"content":{"rendered":"<h1 data-start=\"2430\" data-end=\"2499\"><strong data-start=\"2430\" data-end=\"2499\">Trauringe mit Bernstein<\/strong><\/h1>\n<p data-start=\"2501\" data-end=\"2831\">Unsere <em data-start=\"2508\" data-end=\"2533\">Trauringe mit Bernstein<\/em> verbinden die nat\u00fcrliche Sch\u00f6nheit echten Bernsteins mit der Klarheit eines modernen, oval gew\u00f6lbten Profils. Gefertigt aus hochwertigem <em data-start=\"2671\" data-end=\"2692\">925 Sterling Silber<\/em>, \u00fcberzeugen diese zarten Eheringe durch au\u00dfergew\u00f6hnlichen Tragekomfort und eine harmonische Form, die sich perfekt an die Hand anschmiegt. Der warme Glanz des Bernsteins verleiht jedem Ring eine einzigartige Ausstrahlung und macht jedes Paar zu einem Unikat. Die sanft gew\u00f6lbte, ovale Ringschiene sorgt daf\u00fcr, dass diese <em data-start=\"3015\" data-end=\"3039\">Eheringe mit Bernstein<\/em> nicht nur \u00e4sthetisch, sondern auch im Alltag besonders angenehm zu tragen sind.<\/p>\n<p data-start=\"3121\" data-end=\"3279\">Hier k\u00f6nnen Sie Ihre\u00a0<strong><a title=\"RINGGR\u00d6SSE ERMITTELN\" href=\"https:\/\/www.amberemotion.com\/schmucklexikon\/ringgroessen.html\" target=\"_blank\" rel=\"noopener\">RINGGR\u00d6SSE ERMITTELN<\/a><br \/>\n<\/strong>Befindet sich Ihre\u00a0<a class=\"internal-link\" title=\"Ringgr\u00f6\u00dfe\" href=\"\/amberemotion\/schmucklexikon\/ringgroesen.html\">Ringgr\u00f6\u00dfe<\/a> nicht im Auswahlbereich, w\u00e4hlen Sie bitte: &#8222;<i>auf Anfrage: gew\u00fcnschte Gr\u00f6\u00dfe<\/i>&#8221; und schreiben Sie diese ins Fenster darunter.<\/p>\n<h2 data-start=\"969\" data-end=\"1006\">WARUM PARTNERRINGE MIT BERNSTEIN?<\/h2>\n<p data-start=\"1008\" data-end=\"1300\">Bernstein ist ein Naturmaterial, das seit Jahrhunderten als Symbol f\u00fcr N\u00e4he, W\u00e4rme und Verbundenheit gesch\u00e4tzt wird. In Partnerringen entfaltet er seine besondere Wirkung, denn jede Struktur und jeder Farbton erz\u00e4hlt eine eigene Geschichte und macht das Ringpaar unverwechselbar pers\u00f6nlich.<\/p>\n<h2 data-start=\"1307\" data-end=\"1356\">OVALPROFIL \u2013 SANFTE FORM F\u00dcR T\u00c4GLICHES TRAGEN<\/h2>\n<p data-start=\"1358\" data-end=\"1620\">Das leicht gew\u00f6lbte Ovalprofil sorgt f\u00fcr eine weiche Linienf\u00fchrung und ein nat\u00fcrliches Tragegef\u00fchl. Durch die ausgewogene Form liegen die Ringe angenehm am Finger, ohne aufzutragen. So entsteht eine dezente Eleganz, die sich m\u00fchelos in den Alltag integriert.<\/p>\n<h2 data-start=\"1627\" data-end=\"1665\">HANDWERKLICHE FERTIGUNG AUS SILBER<\/h2>\n<p data-start=\"1667\" data-end=\"1912\">Diese Partnerringe werden aus Silber gefertigt und in traditioneller Handarbeit vollendet. Die sorgf\u00e4ltige Verarbeitung jedes einzelnen Details verleiht den Ringen ihre ruhige Ausstrahlung und sorgt f\u00fcr eine langlebige Qualit\u00e4t, die man sp\u00fcrt.<\/p>\n<h2 data-start=\"1919\" data-end=\"1953\">IHRE VORTEILE AUF EINEN BLICK:<\/h2>\n<ul data-start=\"1955\" data-end=\"2200\">\n<li data-start=\"1955\" data-end=\"2008\">\n<p data-start=\"1957\" data-end=\"2008\">Partnerringe aus Silber mit nat\u00fcrlichem Bernstein<\/p>\n<\/li>\n<li data-start=\"1955\" data-end=\"2008\">\n<p data-start=\"1957\" data-end=\"2008\">Individuelle Maserung. Jedes Ringpaar einzigartig<\/p>\n<\/li>\n<li data-start=\"1955\" data-end=\"2008\">\n<p data-start=\"1957\" data-end=\"2008\">Weich gew\u00f6lbtes Ovalprofil f\u00fcr angenehmes Tragen<\/p>\n<\/li>\n<li data-start=\"1955\" data-end=\"2008\">\n<p data-start=\"1957\" data-end=\"2008\">Zur\u00fcckhaltende Eleganz f\u00fcr jeden Tag<\/p>\n<\/li>\n<li data-start=\"1955\" data-end=\"2008\">\n<p data-start=\"1957\" data-end=\"2008\">Personalisierbar durch optionale Gravur<\/p>\n<\/li>\n<\/ul>\n","protected":false},"excerpt":{"rendered":"<p style=\"text-align: center;\" data-pm-slice=\"1 1 []\">Diese exklusiven, handgefertigten Ringe mit Naturbernstein werden individuell in unserer Manufaktur ausschlie\u00dflich auf Anfrage gefertigt und sind aufgrund dieser besonderen Anfertigung vom Umtausch und von der R\u00fcckgabe ausgeschlossen. Sie k\u00f6nnen jedoch verf\u00fcgbare Musterringe bestellen, um sich vorab von Design und Qualit\u00e4t zu \u00fcberzeugen. Nach der R\u00fccksendung wird der Betrag (ausgenommen Versandkosten) entweder vollst\u00e4ndig erstattet oder mit der Bestellung Ihrer Ringe in den gew\u00fcnschten Gr\u00f6\u00dfen verrechnet.<\/p>\n<p>Bei diesen Ringen ist die GRAVUR leider nicht m\u00f6glich.<\/p>\n","protected":false},"featured_media":26302,"template":"","meta":[],"product_cat":[143],"product_tag":[],"class_list":{"0":"post-5646","1":"product","2":"type-product","3":"status-publish","4":"has-post-thumbnail","6":"product_cat-trauringe--partnerringe-pl","8":"first","9":"instock","10":"taxable","11":"shipping-taxable","12":"purchasable","13":"product-type-simple"},"acf":[],"aioseo_notices":[],"_links":{"self":[{"href":"https:\/\/www.amberemotion.com\/pl\/wp-json\/wp\/v2\/product\/5646","targetHints":{"allow":["GET"]}}],"collection":[{"href":"https:\/\/www.amberemotion.com\/pl\/wp-json\/wp\/v2\/product"}],"about":[{"href":"https:\/\/www.amberemotion.com\/pl\/wp-json\/wp\/v2\/types\/product"}],"wp:featuredmedia":[{"embeddable":true,"href":"https:\/\/www.amberemotion.com\/pl\/wp-json\/wp\/v2\/media\/26302"}],"wp:attachment":[{"href":"https:\/\/www.amberemotion.com\/pl\/wp-json\/wp\/v2\/media?parent=5646"}],"wp:term":[{"taxonomy":"product_cat","embeddable":true,"href":"https:\/\/www.amberemotion.com\/pl\/wp-json\/wp\/v2\/product_cat?post=5646"},{"taxonomy":"product_tag","embeddable":true,"href":"https:\/\/www.amberemotion.com\/pl\/wp-json\/wp\/v2\/product_tag?post=5646"}],"curies":[{"name":"wp","href":"https:\/\/api.w.org\/{rel}","templated":true}]}}