{"id":5640,"date":"2021-07-15T22:25:36","date_gmt":"2021-07-15T20:25:36","guid":{"rendered":"https:\/\/www.amberemotion.com\/product\/bez-kategorii\/ringe-avalon-no-2-gewolbt\/"},"modified":"2026-02-16T13:37:08","modified_gmt":"2026-02-16T12:37:08","slug":"ringe-avalon-no-2-gewolbt","status":"publish","type":"product","link":"https:\/\/www.amberemotion.com\/pl\/produkt\/ringe-avalon-no-2-gewolbt.html","title":{"rendered":"Partnerringe Silber mit Bernstein | AMBER Ovalprofil No. 2"},"content":{"rendered":"<h1 data-start=\"1603\" data-end=\"1852\">Partnerringe Silber mit Bernstein<\/h1>\n<p data-start=\"1603\" data-end=\"1852\">Die Ringe stehen f\u00fcr Verbundenheit, Nat\u00fcrlichkeit und zeitlose Eleganz. Unsere <strong data-start=\"1273\" data-end=\"1314\">Partnerringe aus Silber mit Bernstein<\/strong> verbinden zeitloses Design mit nat\u00fcrlicher Sch\u00f6nheit. Jeder Ring wird in sorgf\u00e4ltiger Handarbeit gefertigt und vereint hochwertiges Silber mit echtem, nat\u00fcrlichem Bernstein. Das <strong data-start=\"1501\" data-end=\"1522\">sanfte Ovalprofil<\/strong> sorgt f\u00fcr eine harmonisch gerundete Form und bietet einen au\u00dfergew\u00f6hnlich hohen Tragekomfort \u2013 ideal f\u00fcr den t\u00e4glichen Gebrauch. Die warme Ausstrahlung des Bernsteins verleiht den Ringen eine besondere Tiefe und macht jedes St\u00fcck einzigartig. Diese <strong data-start=\"1780\" data-end=\"1810\">Partnerringe mit Bernstein<\/strong> stehen f\u00fcr Verbundenheit, Best\u00e4ndigkeit und eine stille, elegante \u00c4sthetik, die die Zeit \u00fcberdauert.<\/p>\n<p data-start=\"1603\" data-end=\"1852\">Hier k\u00f6nnen Sie Ihre\u00a0<strong><a title=\"RINGGR\u00d6SSE ERMITTELN\" href=\"https:\/\/www.amberemotion.com\/schmucklexikon\/ringgroessen.html\" target=\"_blank\" rel=\"noopener\">RINGGR\u00d6SSE ERMITTELN<\/a><br \/>\n<\/strong>Befindet sich Ihre\u00a0<a class=\"internal-link\" title=\"Ringgr\u00f6\u00dfe\" href=\"\/amberemotion\/schmucklexikon\/ringgroesen.html\">Ringgr\u00f6\u00dfe<\/a> nicht im Auswahlbereich, w\u00e4hlen Sie bitte: &#8222;<i>auf Anfrage: gew\u00fcnschte Gr\u00f6\u00dfe<\/i>&#8221; und schreiben Sie diese ins Fenster darunter.<\/p>\n<h2 class=\"p1\"><b>WARUM PARTNERRINGE MIT BERNSTEIN?<\/b><\/h2>\n<p class=\"p2\">Bernstein ist ein nat\u00fcrliches Material mit jahrtausendealter Geschichte. Seine warme Farbe und organische Struktur machen jeden Ring zu einem Unikat und verleihen ihm eine besondere emotionale Bedeutung.<\/p>\n<h2 class=\"p1\"><b>OVALPROFIL \u2013 KOMFORT UND ZEITLOSE ELEGANZ<\/b><\/h2>\n<p class=\"p2\">Das Ovalprofil zeichnet sich durch seine sanft gerundete Form aus, die sich angenehm an den Finger anschmiegt.<br \/>\nEs bietet h\u00f6chsten Tragekomfort und sorgt f\u00fcr eine ruhige, elegante Ausstrahlung.<br \/>\nDadurch wirken die Ringe zeitlos, ausgewogen und besonders harmonisch.<\/p>\n<h2 class=\"p1\"><b>HANDGEFERTIGTE QUALIT\u00c4T AUS SILBER<\/b><\/h2>\n<p class=\"p2\">Alle <b>Partnerringe aus Silber mit Bernstein<\/b> werden in pr\u00e4ziser Handarbeit gefertigt. Jedes Detail wird sorgf\u00e4ltig ausgearbeitet, um eine langlebige Qualit\u00e4t und ein angenehmes Tragegef\u00fchl zu gew\u00e4hrleisten.<\/p>\n<h2 class=\"p1\"><b>IHRE VORTEILE AUF EINEN BLICK:<\/b><\/h2>\n<ul>\n<li>Handgefertigte Partnerringe aus Silber<\/li>\n<li>Nat\u00fcrlicher Bernstein. Jedes St\u00fcck ein Unikat<\/li>\n<li>Sanftes Ovalprofil f\u00fcr hohen Tragekomfort<\/li>\n<li>Zeitloses Design f\u00fcr den Alltag<\/li>\n<li>Optional mit Gravur erh\u00e4ltlich<\/li>\n<\/ul>\n","protected":false},"excerpt":{"rendered":"<p style=\"text-align: center;\">Der Ovalprofil sorgt f\u00fcr eine sanft gerundete Form, h\u00f6chsten Tragekomfort und eine zeitlose, elegante Ausstrahlung.<\/p>\n<p style=\"text-align: center;\">Diese exklusiven, handgefertigten Ringe mit Naturbernstein werden individuell in unserer Manufaktur ausschlie\u00dflich auf Anfrage gefertigt und sind aufgrund dieser besonderen Anfertigung vom Umtausch und von der R\u00fcckgabe ausgeschlossen. Sie k\u00f6nnen jedoch verf\u00fcgbare Musterringe bestellen, um sich vorab von Design und Qualit\u00e4t zu \u00fcberzeugen. Nach der R\u00fccksendung wird der Betrag (ausgenommen Versandkosten) entweder vollst\u00e4ndig erstattet oder mit der Bestellung Ihrer Ringe in den gew\u00fcnschten Gr\u00f6\u00dfen verrechnet.<\/p>\n","protected":false},"featured_media":26295,"template":"","meta":[],"product_cat":[143],"product_tag":[],"class_list":{"0":"post-5640","1":"product","2":"type-product","3":"status-publish","4":"has-post-thumbnail","6":"product_cat-trauringe--partnerringe-pl","8":"first","9":"instock","10":"taxable","11":"shipping-taxable","12":"purchasable","13":"product-type-simple"},"acf":[],"aioseo_notices":[],"_links":{"self":[{"href":"https:\/\/www.amberemotion.com\/pl\/wp-json\/wp\/v2\/product\/5640","targetHints":{"allow":["GET"]}}],"collection":[{"href":"https:\/\/www.amberemotion.com\/pl\/wp-json\/wp\/v2\/product"}],"about":[{"href":"https:\/\/www.amberemotion.com\/pl\/wp-json\/wp\/v2\/types\/product"}],"wp:featuredmedia":[{"embeddable":true,"href":"https:\/\/www.amberemotion.com\/pl\/wp-json\/wp\/v2\/media\/26295"}],"wp:attachment":[{"href":"https:\/\/www.amberemotion.com\/pl\/wp-json\/wp\/v2\/media?parent=5640"}],"wp:term":[{"taxonomy":"product_cat","embeddable":true,"href":"https:\/\/www.amberemotion.com\/pl\/wp-json\/wp\/v2\/product_cat?post=5640"},{"taxonomy":"product_tag","embeddable":true,"href":"https:\/\/www.amberemotion.com\/pl\/wp-json\/wp\/v2\/product_tag?post=5640"}],"curies":[{"name":"wp","href":"https:\/\/api.w.org\/{rel}","templated":true}]}}