{"id":5530,"date":"2021-07-15T23:13:22","date_gmt":"2021-07-15T21:13:22","guid":{"rendered":"https:\/\/www.amberemotion.com\/product\/bez-kategorii\/bernsteinringe-classic-yellow\/"},"modified":"2021-07-15T23:13:22","modified_gmt":"2021-07-15T21:13:22","slug":"bernsteinringe-classic-yellow","status":"publish","type":"product","link":"https:\/\/www.amberemotion.com\/pl\/produkt\/bernsteinringe-classic-yellow.html","title":{"rendered":"Hochzeitsringe mit Bernstein LOTHIAN"},"content":{"rendered":"<p class=\"bodytext\">Eine Kombination aus schlichter Klassik und wertvoller Einzigartigkeit: Die\u00a0<strong>Hochzeitsringe mit Bernstein<\/strong>\u00a0<b>LOTHIAN<\/b>\u00a0\u00fcberzeugen druch klassische, moderne sowie besondere Gestaltung.<\/p>\n<p>Ein d\u00fcnner Streifen aus klarem, cognacfarbenem\u00a0<a class=\"internal-link\" title=\"Naturbernstein\" href=\"https:\/\/www.amberemotion.com\/schmucklexikon\/bernstein-naturbernstein.html\"><strong>Naturbernstein<\/strong><\/a>, dessen Sch\u00f6nheit aufgrund seiner aufwendigen Verarbeitung der eines Edelsteins gleichkommt, durchzieht pures\u00a0<strong><a class=\"internal-link\" title=\"Opens internal link in current window\" href=\"https:\/\/www.amberemotion.com\/schmucklexikon\/silber.html#c104\">Silber<\/a><\/strong>.<br \/>\nEin aufregender Kontrast, der durch die mattierte Innenseite und die gl\u00e4nzende Oberfl\u00e4che erzeugt wird, unterstreicht das edle und durchdachte Design dieser Symboltr\u00e4ger als Silberschmuck\u00a0f\u00fcr all jene Paare, die ihre Verbundenheit mit Stil nach Au\u00dfen tragen m\u00f6chten.<\/p>\n<p class=\"bodytext\">Diese\u00a0<strong>Hochzeitsringe mit Bernstein<\/strong>\u00a0kommen zu Ihnen in edler\u00a0<a class=\"internal-link\" title=\"Schmuckverpackung\" href=\"https:\/\/www.amberemotion.com\/service\/schmuckverpackung.html#c815\">Schmuckverpackung<\/a>\u00a0und auf Wunsch bieten wir unseren kreativen\u00a0<a class=\"external-link-new-window\" title=\"Geschenkservice\" href=\"https:\/\/www.amberemotion.com\/schoene-geschenke\/produkt\/geschenkservice-fuer-250-eur.html\" target=\"_blank\" rel=\"noopener\">Geschenkservice<\/a>\u00a0f\u00fcr 2,50 EUR an.<\/p>\n<style>#porto-info-list120801980669f8992a080e1 i { color: #21293c;font-size: 16px; }<\/style><ul id=\"porto-info-list120801980669f8992a080e1\" class=\"porto-info-list pl-4\">\n<li class=\"porto-info-list-item\"><i class=\"porto-info-icon fa fa-check-circle\"><\/i><div class=\"porto-info-list-item-desc\" style=\"font-size: 14px;\">\n925er Silber (gl\u00e4nzend)<br \/>\n<\/div><\/li>\n<li class=\"porto-info-list-item\"><i class=\"porto-info-icon fa fa-check-circle\"><\/i><div class=\"porto-info-list-item-desc\" style=\"font-size: 14px;\">\nklarer\u00a0<a class=\"internal-link\" title=\"Naturbernstein\" href=\"https:\/\/www.amberemotion.com\/schmucklexikon\/bernstein-naturbernstein.html\">Naturbernstein<\/a> in Dunkel-Cognac<br \/>\n<\/div><\/li>\n<li class=\"porto-info-list-item\"><i class=\"porto-info-icon fa fa-check-circle\"><\/i><div class=\"porto-info-list-item-desc\" style=\"font-size: 14px;\">\nRingschiene 8 mm breit inkl. Bernsteinstreifen\u00a03 mm<br \/>\n<\/div><\/li>\n<p>&nbsp;<\/p>\n<p><\/ul>\n<p>&nbsp;<\/p>\n","protected":false},"excerpt":{"rendered":"<p class=\"bodytext\">Lorem ipsum dolor sit amet, consectetur adipiscing elit, sed do eiusmod tempor incididunt ut labore et dolore magna aliqua. Ut enim ad minim veniam, nostrud ipsum consectetur sed do, quis nostrud exercitation ullamco laboris nisi ut aliquip ex ea commodo consequat. Duis aute irure dolor in reprehenderit in voluptate velit esse cillum dolore eu fugiat nulla pariatur. Excepteur sint occaecat.<\/p>\n","protected":false},"featured_media":5531,"template":"","meta":[],"product_cat":[143],"product_tag":[],"class_list":{"0":"post-5530","1":"product","2":"type-product","3":"status-publish","4":"has-post-thumbnail","6":"product_cat-trauringe--partnerringe-pl","8":"first","9":"instock","10":"taxable","11":"shipping-taxable","12":"purchasable","13":"product-type-simple"},"acf":[],"aioseo_notices":[],"_links":{"self":[{"href":"https:\/\/www.amberemotion.com\/pl\/wp-json\/wp\/v2\/product\/5530","targetHints":{"allow":["GET"]}}],"collection":[{"href":"https:\/\/www.amberemotion.com\/pl\/wp-json\/wp\/v2\/product"}],"about":[{"href":"https:\/\/www.amberemotion.com\/pl\/wp-json\/wp\/v2\/types\/product"}],"wp:featuredmedia":[{"embeddable":true,"href":"https:\/\/www.amberemotion.com\/pl\/wp-json\/wp\/v2\/media\/5531"}],"wp:attachment":[{"href":"https:\/\/www.amberemotion.com\/pl\/wp-json\/wp\/v2\/media?parent=5530"}],"wp:term":[{"taxonomy":"product_cat","embeddable":true,"href":"https:\/\/www.amberemotion.com\/pl\/wp-json\/wp\/v2\/product_cat?post=5530"},{"taxonomy":"product_tag","embeddable":true,"href":"https:\/\/www.amberemotion.com\/pl\/wp-json\/wp\/v2\/product_tag?post=5530"}],"curies":[{"name":"wp","href":"https:\/\/api.w.org\/{rel}","templated":true}]}}