{"id":5512,"date":"2021-07-17T15:41:18","date_gmt":"2021-07-17T13:41:18","guid":{"rendered":"https:\/\/www.amberemotion.com\/product\/bez-kategorii\/brautkette-schmetterling-classic\/"},"modified":"2023-01-01T12:46:02","modified_gmt":"2023-01-01T11:46:02","slug":"brautkette-schmetterling-classic","status":"publish","type":"product","link":"https:\/\/www.amberemotion.com\/pl\/produkt\/brautkette-schmetterling-classic.html","title":{"rendered":"Brautkette SCHMETTERLING (classic)"},"content":{"rendered":"<p>Dabei verspr\u00fcht dieser filigrane Zweifl\u00fcgler, der weder zu auff\u00e4llig noch zu unscheinbar daherkommt, gerne einen Hauch seines Liebreizes und Charmes. Aus purem Silber hergestellt und sowohl liebevoll, als auch aufwendig verarbeitet ist diese entz\u00fcckende Halskette nicht nur eines jener Schmuckst\u00fccke, die man immer wieder gerne tr\u00e4gt, sondern auch eines, auf dem jahrelang die Erinnerung an den bedeutendsten Tag des Lebens in ungetr\u00fcbter Sch\u00f6nheit haften bleibt.<\/p>\n<p class=\"bodytext\">Die\u00a0<strong>Halskette Schmetterling<\/strong>\u00a0kommt zu Ihnen in edler\u00a0<a class=\"external-link-new-window\" title=\"Schmuckverpackung\" href=\"https:\/\/www.amberemotion.com\/service\/schmuckverpackung.html\" target=\"_blank\" rel=\"noopener\">Schmuckverpackung<\/a>\u00a0und auf Anfrage bieten wir unseren kreativen\u00a0<a class=\"external-link-new-window\" title=\"Geschenkservice\" href=\"https:\/\/www.amberemotion.com\/schoene-geschenke\/produkt\/geschenkservice-fuer-250-eur.html\" target=\"_blank\" rel=\"noopener\">Geschenkservice<\/a>\u00a0f\u00fcr entz\u00fcckende Geschenkgestaltung an.<\/p>\n<p class=\"align-left\" lang=\"am\">Mehr\u00a0zur\u00a0<strong>Halskette SCHMETTERLING\u00a0<\/strong>auf:\u00a0<a class=\"internal-link\" title=\"Kollektion SCHMETTERLINGE\" href=\"https:\/\/www.amberemotion.com\/kollektion\/schmetterling.html\">Kollektion SCHMETTERLINGE<\/a>,\u00a0<a class=\"external-link-new-window\" title=\"amberemotion blog\" href=\"http:\/\/amberemotion.blogspot.com\/2013\/11\/butterfly-collection-give-away.html\" target=\"_blank\" rel=\"noopener\">amberemotion.blog<\/a>,\u00a0<a class=\"external-link-new-window\" title=\"Wiener Wohnsinn\" href=\"http:\/\/wienerwohnsinn.at\/2013\/11\/17\/christmas-party-outfit\" target=\"_blank\" rel=\"noopener\">Wiener Wohnsinn<\/a>,\u00a0<a class=\"external-link-new-window\" title=\"Butterfly Anh\u00e4nger mit Schlangenkette\" href=\"http:\/\/lifetime12.blogspot.com\/2014\/05\/butterfly-jewellery-for-spring.html\" target=\"_blank\" rel=\"noopener\">Lifetime<\/a>.<\/p>\n<p><b>SCHMETTERLING &#8222;classic&#8221; &amp; &#8222;small&#8221;<br \/>\n<\/b>In der\u00a0SCHMETTERLING-Kollektion\u00a0finden Sie 2 Schmetterling-Versionen: &#8222;small&#8221; &amp; &#8222;classic&#8221;. Sie\u00a0k\u00f6nnen\u00a0beim Schmetterling \u201eclassic\u201c Ihre Lieblingsketten beliebig wechseln, dagegen ist\u00a0beim\u00a0Schmetterling \u201esmall\u201c das\u00a0zarte Silberseil fest integriert.<\/p>\n<p><a href=\"http:\/\/www.kukuwaja.de\/\">http:\/\/www.kukuwaja.de\/<\/a><\/p>\n<style>#porto-info-list16934247569f9c7e61f2f5 i { color: #21293c;font-size: 16px; }<\/style><ul id=\"porto-info-list16934247569f9c7e61f2f5\" class=\"porto-info-list pl-4\">\n<li class=\"porto-info-list-item\"><i class=\"porto-info-icon fa fa-check-circle\"><\/i><div class=\"porto-info-list-item-desc\" style=\"font-size: 14px;\">\n<a class=\"internal-link\" title=\"Silber\" href=\"https:\/\/www.amberemotion.com\/schmucklexikon\/silber.html\">925\/- Silber<\/a><br \/>\n<\/div><\/li>\n<li class=\"porto-info-list-item\"><i class=\"porto-info-icon fa fa-check-circle\"><\/i><div class=\"porto-info-list-item-desc\" style=\"font-size: 14px;\">\nSchmetterling-Gr\u00f6\u00dfe 13 x 13\u00a0mm<br \/>\n<\/div><\/li>\n<li class=\"porto-info-list-item\"><i class=\"porto-info-icon fa fa-check-circle\"><\/i><div class=\"porto-info-list-item-desc\" style=\"font-size: 14px;\">\nOberfl\u00e4che mattiert &amp; Innenseite gl\u00e4nzend<br \/>\n<\/div><\/li>\n<li class=\"porto-info-list-item\"><i class=\"porto-info-icon fa fa-check-circle\"><\/i><div class=\"porto-info-list-item-desc\" style=\"font-size: 14px;\">\nintergrierte Silber\u00f6se auf der R\u00fcckseite f\u00fcr alle Ketten-Versionen<br \/>\n<\/div><\/li>\n<li class=\"porto-info-list-item\"><i class=\"porto-info-icon fa fa-check-circle\"><\/i><div class=\"porto-info-list-item-desc\" style=\"font-size: 14px;\">\ndiamantierte Ankerkette<br \/>\n<\/div><\/li>\n<p><\/ul>\n<p>&nbsp;<\/p>\n","protected":false},"excerpt":{"rendered":"<p class=\"bodytext\" style=\"text-align: center;\">Anmutig, lieblich und elegant: Mit diesen Attributen sollte wohl eine jede Braut zum Altar schreiten. Die zierliche und hochwertige\u00a0<strong>Halskette SCHMETTERLING<\/strong>\u00a0aus unserer erlesenen\u00a0<a class=\"internal-link\" title=\"Opens internal link in current window\" href=\"https:\/\/www.amberemotion.com\/kollektion\/schmetterling.html#c899\">Kollektion SCHMETTERLING<\/a>\u00a0begleitet die wohl wichtigste Person einer Hochzeit gerne durch die Stunden eines Tages, an dem alle Blicke auf ihr liegen.<\/p>\n","protected":false},"featured_media":5495,"template":"","meta":[],"product_cat":[187],"product_tag":[147,148],"class_list":{"0":"post-5512","1":"product","2":"type-product","3":"status-publish","4":"has-post-thumbnail","6":"product_cat-brautschmuck-pl","7":"product_tag-enjoy-the-little-things-pl","8":"product_tag-schmetterling-pl","10":"first","11":"instock","12":"featured","13":"taxable","14":"shipping-taxable","15":"purchasable","16":"product-type-variable"},"acf":[],"aioseo_notices":[],"_links":{"self":[{"href":"https:\/\/www.amberemotion.com\/pl\/wp-json\/wp\/v2\/product\/5512","targetHints":{"allow":["GET"]}}],"collection":[{"href":"https:\/\/www.amberemotion.com\/pl\/wp-json\/wp\/v2\/product"}],"about":[{"href":"https:\/\/www.amberemotion.com\/pl\/wp-json\/wp\/v2\/types\/product"}],"wp:featuredmedia":[{"embeddable":true,"href":"https:\/\/www.amberemotion.com\/pl\/wp-json\/wp\/v2\/media\/5495"}],"wp:attachment":[{"href":"https:\/\/www.amberemotion.com\/pl\/wp-json\/wp\/v2\/media?parent=5512"}],"wp:term":[{"taxonomy":"product_cat","embeddable":true,"href":"https:\/\/www.amberemotion.com\/pl\/wp-json\/wp\/v2\/product_cat?post=5512"},{"taxonomy":"product_tag","embeddable":true,"href":"https:\/\/www.amberemotion.com\/pl\/wp-json\/wp\/v2\/product_tag?post=5512"}],"curies":[{"name":"wp","href":"https:\/\/api.w.org\/{rel}","templated":true}]}}