{"id":5422,"date":"2021-07-17T16:47:27","date_gmt":"2021-07-17T14:47:27","guid":{"rendered":"https:\/\/www.amberemotion.com\/product\/bez-kategorii\/armreif-charlotte-no-3\/"},"modified":"2023-01-01T01:53:56","modified_gmt":"2023-01-01T00:53:56","slug":"armreif-charlotte-no-3","status":"publish","type":"product","link":"https:\/\/www.amberemotion.com\/pl\/produkt\/armreif-charlotte-no-3.html","title":{"rendered":"Armreif CHARLOTTE No. 3"},"content":{"rendered":"<p class=\"bodytext\">Das weder zu unauff\u00e4llige, noch zu protzige Armband\u00a0CHARLOTTE No. 3, welches aus purem 925\/- Sterling Silber gefertigt wurde, ist eine gute Wahl, um an diesem bedeutungsvollen Tag strahlen zu k\u00f6nnen. Die f\u00fcr alle Schmuckst\u00fccke der MADEMOISELLE-Collection charakteristische runde Form verleiht der Braut einen letzten besonderen Hauch an Weiblichkeit und Grazie.<\/p>\n<p class=\"bodytext\">Mehr zu diesem Armreif\u00a0finden Sie gern auf\u00a0<a class=\"external-link-new-window\" title=\"MADEMOISELLE COLLECTION\" href=\"http:\/\/amberemotion.blogspot.com\/2012\/11\/mademoiselle-collection-give-away.html\" target=\"_blank\" rel=\"noopener\">amberemotion.blog<\/a>,\u00a0<a class=\"external-link-new-window\" title=\"Verlockendes von CHARLOTTE 3\" href=\"http:\/\/verlockendes.blogspot.com\/2013\/02\/mein-neuer-traumschmuck-einladung-zum.html\" target=\"_blank\" rel=\"noopener\">Verlockendes<\/a>,\u00a0<a class=\"external-link-new-window\" title=\"Dreierlei Liebelei von CHARLOTTE 3\" href=\"http:\/\/dreierlei-liebelei.blogspot.com\/2013\/02\/happy-valentines-day.html\" target=\"_blank\" rel=\"noopener\">Dreierlei Liebelei<\/a>,\u00a0<a class=\"external-link-new-window\" title=\"Saskia rund um die Uhr von CHARLOTTE 3\" href=\"http:\/\/saskiarundumdieuhr.blogspot.de\/2013\/02\/valentinstag.html\" target=\"_blank\" rel=\"noopener\">Saskia rund um die Uhr<\/a><\/p>\n<p class=\"bodytext\">Der Armreif\u00a0CHARLOTTE No. 3\u00a0kommt zu Ihnen in edler\u00a0<a class=\"internal-link\" title=\"Schmuckverpackung\" href=\"https:\/\/www.amberemotion.com\/service\/schmuckverpackung.html\">Schmuckverpackung\u00a0<\/a>und auf Wunsch bieten wir unseren kreativen\u00a0<a class=\"external-link-new-window\" title=\"Geschenkservice\" href=\"http:\/\/www.amberemotion.de\/schoene-geschenke\/produkt\/geschenkservice-fuer-250-eur.html\" target=\"_blank\" rel=\"noopener\">Geschenkservice<\/a>\u00a0f\u00fcr 2,50 EUR an.<\/p>\n<style>#porto-info-list26322591969f2cf685cc1d i { color: #21293c;font-size: 16px; }<\/style><ul id=\"porto-info-list26322591969f2cf685cc1d\" class=\"porto-info-list pl-4\">\n<li class=\"porto-info-list-item\"><i class=\"porto-info-icon fa fa-check-circle\"><\/i><div class=\"porto-info-list-item-desc\" style=\"font-size: 14px;\">\nGl\u00e4nzendes 925\/- Silber,<br \/>\n<\/div><\/li>\n<li class=\"porto-info-list-item\"><i class=\"porto-info-icon fa fa-check-circle\"><\/i><div class=\"porto-info-list-item-desc\" style=\"font-size: 14px;\">\nArmbandschiene\u00a0mit rundem Profil von\u00a03 mm, \u00d8 6,5 cm.<br \/>\n<\/div><\/li>\n<p><\/ul>\n","protected":false},"excerpt":{"rendered":"<p class=\"bodytext\" style=\"text-align: center;\">Das bestm\u00f6glichste Begleitst\u00fcck f\u00fcr eine Braut, die ihren Herzklopfen-erzeugenden Weg zum Altar antritt.<\/p>\n","protected":false},"featured_media":5423,"template":"","meta":[],"product_cat":[187],"product_tag":[197],"class_list":{"0":"post-5422","1":"product","2":"type-product","3":"status-publish","4":"has-post-thumbnail","6":"product_cat-brautschmuck-pl","7":"product_tag-charlotte-pl","9":"first","10":"instock","11":"featured","12":"taxable","13":"shipping-taxable","14":"purchasable","15":"product-type-simple"},"acf":[],"aioseo_notices":[],"_links":{"self":[{"href":"https:\/\/www.amberemotion.com\/pl\/wp-json\/wp\/v2\/product\/5422","targetHints":{"allow":["GET"]}}],"collection":[{"href":"https:\/\/www.amberemotion.com\/pl\/wp-json\/wp\/v2\/product"}],"about":[{"href":"https:\/\/www.amberemotion.com\/pl\/wp-json\/wp\/v2\/types\/product"}],"wp:featuredmedia":[{"embeddable":true,"href":"https:\/\/www.amberemotion.com\/pl\/wp-json\/wp\/v2\/media\/5423"}],"wp:attachment":[{"href":"https:\/\/www.amberemotion.com\/pl\/wp-json\/wp\/v2\/media?parent=5422"}],"wp:term":[{"taxonomy":"product_cat","embeddable":true,"href":"https:\/\/www.amberemotion.com\/pl\/wp-json\/wp\/v2\/product_cat?post=5422"},{"taxonomy":"product_tag","embeddable":true,"href":"https:\/\/www.amberemotion.com\/pl\/wp-json\/wp\/v2\/product_tag?post=5422"}],"curies":[{"name":"wp","href":"https:\/\/api.w.org\/{rel}","templated":true}]}}