{"id":5394,"date":"2020-07-17T16:58:09","date_gmt":"2020-07-17T14:58:09","guid":{"rendered":"https:\/\/www.amberemotion.com\/product\/bez-kategorii\/brautkette-sweetheart\/"},"modified":"2023-01-12T14:14:28","modified_gmt":"2023-01-12T13:14:28","slug":"brautkette-sweetheart","status":"publish","type":"product","link":"https:\/\/www.amberemotion.com\/pl\/produkt\/brautkette-sweetheart.html","title":{"rendered":"Brautkette SWEETHEART"},"content":{"rendered":"<p>Liebevoll verarbeitet, zart und zuckers\u00fc\u00df: Dieser kleine\u00a0<strong>Herzchen-Anh\u00e4nger<\/strong>\u00a0sieht garantiert an jedem Hals entz\u00fcckend aus. Mit schlichter Eleganz, die niemals \u201etoo much\u201c oder zu unauff\u00e4llig sein wird, ist die SWEETHEART-Kette, die (nach Wahl) an einer Schlangen- oder filigranen Gliederkette baumelt, auf anmutige und geschmackvolle Weise f\u00fcr ganz besondere Anl\u00e4sse geeignet.<\/p>\n<p class=\"bodytext\">In den kleinen Dingen des Lebens liegt die Sch\u00f6nheit: Dies best\u00e4tigt\u00a0das hauchzarte Herzchen aus unserer erlesenen\u00a0<a class=\"internal-link\" title=\"Opens internal link in current window\" href=\"https:\/\/www.amberemotion.com\/kollektion\/enjoy-the-little-things.html#c884\">Kollektion Enjoy the little Things<\/a>\u00a0\u2013 eine Hommage an all die wundersch\u00f6nen Kleinigkeiten, die das Leben bereith\u00e4lt.<\/p>\n<p class=\"bodytext\">Diese\u00a0<strong>Brautkette Silberherzchen<\/strong>\u00a0kommt zu Ihnen in edler\u00a0<a class=\"internal-link\" title=\"Schmuckverpackung\" href=\"https:\/\/www.amberemotion.com\/service\/schmuckverpackung.html\">Schmuckverpackung\u00a0<\/a>und auf Wunsch bieten wir unseren kreativen\u00a0<a class=\"external-link-new-window\" title=\"Geschenkservice\" href=\"http:\/\/www.amberemotion.de\/schoene-geschenke\/produkt\/geschenkservice-fuer-250-eur.html\" target=\"_blank\" rel=\"noopener\">Geschenkservice<\/a>\u00a0f\u00fcr 2,50 EUR an.<\/p>\n<p>Mehr zu dieser\u00a0<strong>Brautkette<\/strong>\u00a0finden Sie\u00a0auf\u00a0<a class=\"external-link-new-window\" title=\"Herzchen sweetheart\" href=\"http:\/\/amberemotion.blogspot.com\/2012\/09\/sweetheart-for-give-away.html\" target=\"_blank\" rel=\"noopener\">amberemotion.blog<\/a>,\u00a0<a class=\"external-link-new-window\" title=\"Blog von Rebecca: Verlockendes\" href=\"http:\/\/verlockendes.blogspot.com\/2013\/02\/mein-neuer-traumschmuck-einladung-zum.html\" target=\"_blank\" rel=\"noopener\">Verlockendes<\/a>,\u00a0<a class=\"external-link-new-window\" title=\"Herzchen auf Elfenkindberlin\" href=\"http:\/\/www.elfenkindberlin.de\/2013\/06\/06\/mommyme-give-away\" target=\"_blank\" rel=\"noopener\">Elfenkindberlin<\/a>.<\/p>\n<style>#porto-info-list16417855946a050922aedaf i { color: #21293c;font-size: 16px; }<\/style><ul id=\"porto-info-list16417855946a050922aedaf\" class=\"porto-info-list pl-4\">\n<li class=\"porto-info-list-item\"><i class=\"porto-info-icon fa fa-check-circle\"><\/i><div class=\"porto-info-list-item-desc\" style=\"font-size: 14px;\">\n925er\u00a0<a class=\"internal-link\" title=\"Silberarmband CHARLOTTE 4\" href=\"https:\/\/www.amberemotion.com\/schmucklexikon\/silber.html\">Silber<\/a> massiv (gl\u00e4nzend)<br \/>\n<\/div><\/li>\n<li class=\"porto-info-list-item\"><i class=\"porto-info-icon fa fa-check-circle\"><\/i><div class=\"porto-info-list-item-desc\" style=\"font-size: 14px;\">\nHerzchen-Gr\u00f6\u00dfe 8 x 8 mm plus Silber\u00f6se 4 mm<br \/>\n<\/div><\/li>\n<li class=\"porto-info-list-item\"><i class=\"porto-info-icon fa fa-check-circle\"><\/i><div class=\"porto-info-list-item-desc\" style=\"font-size: 14px;\">\nzarte Schlangen- oder Gliederkette aus 925er Silber 42 cm<br \/>\n<\/div><\/li>\n<p><\/ul>\n","protected":false},"excerpt":{"rendered":"<p class=\"bodytext\" style=\"text-align: center;\">Dieser zarte Silberschmuck\u00a0scheint die perfekte Antwort auf die Frage nach einer passenden\u00a0<strong>Brautkette<\/strong>, die Sie an dem sch\u00f6nsten Tag in Ihrem Leben begleitet \u2013 schlie\u00dflich besitzt kaum ein anderes Zeichen eine solch gro\u00dfe Symbolkraft wie dies bei dem Herzsymbol der Fall ist.<\/p>\n","protected":false},"featured_media":5398,"template":"","meta":[],"product_cat":[187],"product_tag":[147],"class_list":{"0":"post-5394","1":"product","2":"type-product","3":"status-publish","4":"has-post-thumbnail","6":"product_cat-brautschmuck-pl","7":"product_tag-enjoy-the-little-things-pl","9":"first","10":"instock","11":"taxable","12":"shipping-taxable","13":"purchasable","14":"product-type-simple"},"acf":[],"aioseo_notices":[],"_links":{"self":[{"href":"https:\/\/www.amberemotion.com\/pl\/wp-json\/wp\/v2\/product\/5394","targetHints":{"allow":["GET"]}}],"collection":[{"href":"https:\/\/www.amberemotion.com\/pl\/wp-json\/wp\/v2\/product"}],"about":[{"href":"https:\/\/www.amberemotion.com\/pl\/wp-json\/wp\/v2\/types\/product"}],"wp:featuredmedia":[{"embeddable":true,"href":"https:\/\/www.amberemotion.com\/pl\/wp-json\/wp\/v2\/media\/5398"}],"wp:attachment":[{"href":"https:\/\/www.amberemotion.com\/pl\/wp-json\/wp\/v2\/media?parent=5394"}],"wp:term":[{"taxonomy":"product_cat","embeddable":true,"href":"https:\/\/www.amberemotion.com\/pl\/wp-json\/wp\/v2\/product_cat?post=5394"},{"taxonomy":"product_tag","embeddable":true,"href":"https:\/\/www.amberemotion.com\/pl\/wp-json\/wp\/v2\/product_tag?post=5394"}],"curies":[{"name":"wp","href":"https:\/\/api.w.org\/{rel}","templated":true}]}}