{"id":5366,"date":"2021-07-17T17:09:16","date_gmt":"2021-07-17T15:09:16","guid":{"rendered":"https:\/\/www.amberemotion.com\/product\/bez-kategorii\/namenskette-mit-lebensbaum-stern\/"},"modified":"2024-05-18T08:30:23","modified_gmt":"2024-05-18T06:30:23","slug":"namenskette-mit-lebensbaum-stern","status":"publish","type":"product","link":"https:\/\/www.amberemotion.com\/pl\/produkt\/namenskette-mit-lebensbaum-stern.html","title":{"rendered":"Namenskette, Taufkette mit Gravur, Lebensbaum, Stern, Geburtsstein, Geschenkbox"},"content":{"rendered":"<p>Diese Taufkette ist ein bezauberndes, personalisiertes Geschenk mit Namensgravur des T\u00e4uflings, Lebensbaum, Geburtsstein und Stern. Ein Lebensbaum symbolisiert Wachstum und St\u00e4rke, w\u00e4hrend ein Geburtsstein die einmalige Pers\u00f6nlichkeit des Kindes. Stern steht f\u00fcr Hoffnung und Gl\u00fcck und erg\u00e4nzt diese s\u00fc\u00dfe Namenskette. Gestalten Sie Ihr Geschenk ganz nach Ihren pers\u00f6nlichen W\u00fcnschen: w\u00e4hlen Sie Ihre Lieblingsfarbe der funkelnden Glitzer f\u00fcr die <a title=\"Geschenkservice\" href=\"https:\/\/www.amberemotion.com\/service\/geschenkservice.html\">Geschenkbox<\/a>\u00a0in rosa, blau, oder gold und verfassen Ihren pers\u00f6nlichen Taufspruch f\u00fcr Ihr Patenkind. Somit schenken Sie dem Kind, egal ob M\u00e4dchen oder Jungen ein besonderes Erinnerungsst\u00fcck an seine Taufe, Geburt, Kommunion oder Einschulung.<\/p>\n<p style=\"text-align: left;\"><strong>DETAILS<\/strong><\/p>\n<p>Alle Teile aus 925er Silber<strong><br \/>\n<\/strong><strong>\ud83d\udd8a\ufe0f\u00a0<\/strong>Namensanh\u00e4nger mir Gravur: Durchmesser 16 mm<br \/>\n&#8211; Gravur mit Schriftart s. Foto: Rund ca. 18 Zeichen z.B. Luca (mit\/ohne Herz, Fisch oder Stern) 23.08.2022. Horizontal ca. 8 Zeichen z.B. Josef (mit\/ohne Herz, Fisch oder Stern)<br \/>\n&#8211; Lebensbaum-Anh\u00e4nger: 16 x 14 mm<br \/>\n&#8211; Geburtsstein als origineller Swarovski-Crystal (Farbe zur Auswahl) mit Krawatte (\u00d6se)<br \/>\n&#8211; Anker- oder Kugelkette mit L\u00e4nge 41 cm (39 + 2 cm Verl\u00e4ngerung)<br \/>\n&#8211; Am Verschluss kleiner Gl\u00fccksstern<\/p>\n<p style=\"text-align: left;\"><strong>GESCHENKBOX<\/strong><\/p>\n<p style=\"text-align: left;\"><strong>\ud83d\udd8a\ufe0f\u00a0<\/strong>Pers\u00f6nlicher Text auf dem Label: Rosette oder Viereck in Scrapbooking-Technik. Wir fertigen es f\u00fcr jedes Kind individuell mit funkelnden Glitzern in gew\u00fcnschter Farbe an.<\/p>\n","protected":false},"excerpt":{"rendered":"<p style=\"text-align: center;\">Personalisierte Namenskette mit Gravur auch als Taufkette &#8222;Zur Erinnerung an Deine Taufe&#8221; oder Geburt, Kommunion oder Konfirmation.<\/p>\n","protected":false},"featured_media":12606,"template":"","meta":[],"product_cat":[320],"product_tag":[314],"class_list":{"0":"post-5366","1":"product","2":"type-product","3":"status-publish","4":"has-post-thumbnail","6":"product_cat-taufschmuck-pl","7":"product_tag-geschenkbox-taufe-pl","9":"first","10":"instock","11":"taxable","12":"shipping-taxable","13":"purchasable","14":"product-type-simple"},"acf":[],"aioseo_notices":[],"_links":{"self":[{"href":"https:\/\/www.amberemotion.com\/pl\/wp-json\/wp\/v2\/product\/5366","targetHints":{"allow":["GET"]}}],"collection":[{"href":"https:\/\/www.amberemotion.com\/pl\/wp-json\/wp\/v2\/product"}],"about":[{"href":"https:\/\/www.amberemotion.com\/pl\/wp-json\/wp\/v2\/types\/product"}],"wp:featuredmedia":[{"embeddable":true,"href":"https:\/\/www.amberemotion.com\/pl\/wp-json\/wp\/v2\/media\/12606"}],"wp:attachment":[{"href":"https:\/\/www.amberemotion.com\/pl\/wp-json\/wp\/v2\/media?parent=5366"}],"wp:term":[{"taxonomy":"product_cat","embeddable":true,"href":"https:\/\/www.amberemotion.com\/pl\/wp-json\/wp\/v2\/product_cat?post=5366"},{"taxonomy":"product_tag","embeddable":true,"href":"https:\/\/www.amberemotion.com\/pl\/wp-json\/wp\/v2\/product_tag?post=5366"}],"curies":[{"name":"wp","href":"https:\/\/api.w.org\/{rel}","templated":true}]}}