{"id":5314,"date":"2021-07-17T19:10:15","date_gmt":"2021-07-17T17:10:15","guid":{"rendered":"https:\/\/www.amberemotion.com\/product\/bez-kategorii\/taufkette-boy-mit-engelflugel\/"},"modified":"2024-05-18T09:16:56","modified_gmt":"2024-05-18T07:16:56","slug":"taufkette-boy-mit-engelflugel","status":"publish","type":"product","link":"https:\/\/www.amberemotion.com\/pl\/produkt\/taufkette-boy-mit-engelflugel.html","title":{"rendered":"Taufkette Junge mit Engelsfl\u00fcgel"},"content":{"rendered":"<p><strong>DETAILS<\/strong><\/p>\n<p>Der personalisierte\u00a0Namensanh\u00e4nger mit einem ausgeschnittenen kleinen Jungen hat einen Durchmesser von ca. 16 mm, der Anh\u00e4nger mit originellem Swarovski-Crystal (Farbe zur Auswahl) ist ca. 15 mm hoch inkl. Krawatte (\u00d6se) und kann auch separat getragen werden, die Kugel- oder Ankerkette (zur Auswahl) mit L\u00e4nge (zur Auswahl), am Verschluss der Kette ist ein ENGELFL\u00dcGEL ca. 22 mm hoch und 6,5 mm breit befestigt. Alle Teile sind aus SILBER (925er Silber) mit Liebe handgefertigt.<\/p>\n<p><strong>GRAVUR F\u00dcR ANH\u00c4NGER<\/strong><\/p>\n<p>Gravur mit Schriftart s. Foto: Name mit ca. 8 Zeichen rund schr\u00e4g nach oben (vor oder hinter dem Namen k\u00f6nnen optional folgende Symbole: Herz, Stern oder das gew\u00fcnschte Symbol stehen).<\/p>\n<p><strong>TEXT F\u00dcR BOX<\/strong><\/p>\n<p>Unser zauberhaftes SCRAPBOOKING-Label ist ganz an Sie angepasst und mit Ihrem pers\u00f6nlichen Text verseht. Das Label als ROSETTE oder VIERECK ist von uns ganz in Hand gefertigt: geschnitten und liebevoll mit zarten funkelnden Silber-Glitzern in verschiedenen Pastell-Farben (zur Auswahl).<\/p>\n","protected":false},"excerpt":{"rendered":"<p>Personalisierte Namenskette zur Taufe mit Engelsfl\u00fcgel f\u00fcr Jungen. Ein perfektes Taufgeschenk mit Gravur und traumhafter Schmuckverpackung.<\/p>\n","protected":false},"featured_media":5319,"template":"","meta":[],"product_cat":[137,320],"product_tag":[314],"class_list":{"0":"post-5314","1":"product","2":"type-product","3":"status-publish","4":"has-post-thumbnail","6":"product_cat-schone-geschenke-pl","7":"product_cat-taufschmuck-pl","8":"product_tag-geschenkbox-taufe-pl","10":"first","11":"instock","12":"taxable","13":"shipping-taxable","14":"purchasable","15":"product-type-simple"},"acf":[],"aioseo_notices":[],"_links":{"self":[{"href":"https:\/\/www.amberemotion.com\/pl\/wp-json\/wp\/v2\/product\/5314","targetHints":{"allow":["GET"]}}],"collection":[{"href":"https:\/\/www.amberemotion.com\/pl\/wp-json\/wp\/v2\/product"}],"about":[{"href":"https:\/\/www.amberemotion.com\/pl\/wp-json\/wp\/v2\/types\/product"}],"wp:featuredmedia":[{"embeddable":true,"href":"https:\/\/www.amberemotion.com\/pl\/wp-json\/wp\/v2\/media\/5319"}],"wp:attachment":[{"href":"https:\/\/www.amberemotion.com\/pl\/wp-json\/wp\/v2\/media?parent=5314"}],"wp:term":[{"taxonomy":"product_cat","embeddable":true,"href":"https:\/\/www.amberemotion.com\/pl\/wp-json\/wp\/v2\/product_cat?post=5314"},{"taxonomy":"product_tag","embeddable":true,"href":"https:\/\/www.amberemotion.com\/pl\/wp-json\/wp\/v2\/product_tag?post=5314"}],"curies":[{"name":"wp","href":"https:\/\/api.w.org\/{rel}","templated":true}]}}