{"id":5302,"date":"2021-07-17T19:13:48","date_gmt":"2021-07-17T17:13:48","guid":{"rendered":"https:\/\/www.amberemotion.com\/product\/bez-kategorii\/taufkette-mit-madchen\/"},"modified":"2023-04-18T22:41:09","modified_gmt":"2023-04-18T20:41:09","slug":"taufkette-mit-madchen","status":"publish","type":"product","link":"https:\/\/www.amberemotion.com\/pl\/produkt\/taufkette-mit-madchen.html","title":{"rendered":"Kinderkette mit Gravur f\u00fcr M\u00e4dchen"},"content":{"rendered":"<p>\u2727 DETAILS<\/p>\n<p>Der M\u00e4dchen-Anh\u00e4nger ist ca. 16 mm lang und ca. 8 mm breit, der Anh\u00e4nger mit originellem Swarovski-Crystal (Farbe zur Auswahl) ist ca. 15 mm hoch inkl. Krawatte (\u00d6se) und kann auch separat getragen werden, die Kugel- oder Ankerkette (zur Auswahl) mit L\u00e4nge (zur Auswahl). Alle Teile dieser M\u00e4dchen-Kette sind aus SILBER (925er Silber) handgefertigt.<\/p>\n<p>\u2727 Gravur f\u00fcr Anh\u00e4nger:<\/p>\n<p>Gravur mit Schriftart s. Foto: Name oder Name mit z.B. Geburts- oder Taufdatum, ca. 18 Zeichen rund oder ca. 8 Zeichen horizontal inkl. Satz- und Leerzeichen (vor oder hinter dem Namen bzw. zwischen dem Namen oder Datum k\u00f6nnen optional folgende Symbole: Herz, Stern oder das gew\u00fcnschte Symbol stehen).<\/p>\n<p>\u2727 Text f\u00fcr Box:<\/p>\n<p>Unser zauberhaftes SCRAPBOOKING-Label ist ganz an Sie angepasst und mit Ihrem pers\u00f6nlichen Text verseht. Das Label als ROSETTE oder VIERECK ist von uns ganz in Hand gefertigt: geschnitten und liebevoll mit zarten funkelnden Silber-Glitzern in verschiedenen Pastell-Farben (zur Auswahl).<\/p>\n","protected":false},"excerpt":{"rendered":"<p>Diese Namenskette mit M\u00e4dchen Anh\u00e4nger und Gravur kommt zu Ihnen mit traumhafter Verpackung und personalisierter Beschriftung. Originelles Taufgeschenk f\u00fcr M\u00e4dchen.<\/p>\n","protected":false},"featured_media":5307,"template":"","meta":[],"product_cat":[137],"product_tag":[314],"class_list":{"0":"post-5302","1":"product","2":"type-product","3":"status-publish","4":"has-post-thumbnail","6":"product_cat-schone-geschenke-pl","7":"product_tag-geschenkbox-taufe-pl","9":"first","10":"instock","11":"taxable","12":"shipping-taxable","13":"purchasable","14":"product-type-simple"},"acf":[],"aioseo_notices":[],"_links":{"self":[{"href":"https:\/\/www.amberemotion.com\/pl\/wp-json\/wp\/v2\/product\/5302","targetHints":{"allow":["GET"]}}],"collection":[{"href":"https:\/\/www.amberemotion.com\/pl\/wp-json\/wp\/v2\/product"}],"about":[{"href":"https:\/\/www.amberemotion.com\/pl\/wp-json\/wp\/v2\/types\/product"}],"wp:featuredmedia":[{"embeddable":true,"href":"https:\/\/www.amberemotion.com\/pl\/wp-json\/wp\/v2\/media\/5307"}],"wp:attachment":[{"href":"https:\/\/www.amberemotion.com\/pl\/wp-json\/wp\/v2\/media?parent=5302"}],"wp:term":[{"taxonomy":"product_cat","embeddable":true,"href":"https:\/\/www.amberemotion.com\/pl\/wp-json\/wp\/v2\/product_cat?post=5302"},{"taxonomy":"product_tag","embeddable":true,"href":"https:\/\/www.amberemotion.com\/pl\/wp-json\/wp\/v2\/product_tag?post=5302"}],"curies":[{"name":"wp","href":"https:\/\/api.w.org\/{rel}","templated":true}]}}