{"id":5289,"date":"2021-07-17T19:17:43","date_gmt":"2021-07-17T17:17:43","guid":{"rendered":"https:\/\/www.amberemotion.com\/product\/bez-kategorii\/taufkette-mit-jungen\/"},"modified":"2024-12-16T12:00:36","modified_gmt":"2024-12-16T11:00:36","slug":"geschenkgutschein","status":"publish","type":"product","link":"https:\/\/www.amberemotion.com\/pl\/ringe-pl\/produkt\/geschenkgutschein.html","title":{"rendered":"Geschenkgutschein"},"content":{"rendered":"<div class=\"flex max-w-full flex-col flex-grow\">\n<div class=\"min-h-8 text-message flex w-full flex-col items-end gap-2 whitespace-normal break-words [.text-message+&amp;]:mt-5\" dir=\"auto\" data-message-author-role=\"assistant\" data-message-id=\"60d5af6a-bf5d-4e2f-8652-9c17c84c0ecf\">\n<div class=\"flex w-full flex-col gap-1 empty:hidden first:pt-[3px]\">\n<div class=\"markdown prose w-full break-words dark:prose-invert light\">\n<p><strong>Geschenkgutschein<\/strong> ist nur online in unserem Shop: www.amberemotion.com einl\u00f6sbar.<br \/>\nDer Gutschein kann nur einmalig und in einem Betrag eingel\u00f6st werden. Bei einer Einl\u00f6sung unter dem Gutscheinwert verf\u00e4llt der Restbetrag. Liegt der Bestellwert \u00fcber dem Gutscheinwert, gelten die \u00fcblichen Zahlungsmethoden.<br \/>\nEine nachtr\u00e4gliche Verrechnung oder Auszahlung in bar ist nicht m\u00f6glich. amberemotion \u00fcbernimmt keine Verantwortung bei Verlust, Diebstahl oder Unlesbarkeit des Gutscheins.<\/p>\n<\/div>\n<\/div>\n<\/div>\n<\/div>\n<div class=\"mb-2 flex gap-3 empty:hidden -ml-2\">\n<div class=\"items-center justify-start rounded-xl p-1 flex\">\n<div class=\"flex items-center\">\n<div class=\"flex\"><\/div>\n<div class=\"flex items-center pb-0\"><\/div>\n<\/div>\n<\/div>\n<\/div>\n","protected":false},"excerpt":{"rendered":"<p style=\"text-align: center;\">Der Gutschein wird per E-Mail als PDF zum Selbstausdrucken versendet.<\/p>\n","protected":false},"featured_media":23396,"template":"","meta":[],"product_cat":[207,347,349,322,238,205,136,135,137,320,143],"product_tag":[],"class_list":{"0":"post-5289","1":"product","2":"type-product","3":"status-publish","4":"has-post-thumbnail","6":"product_cat-armbander-pl","7":"product_cat-bestseller-pl","8":"product_cat-bestsellery","9":"product_cat-buchstabenschmuck-pl","10":"product_cat-halsschmuck-pl","11":"product_cat-herrenschmuck-pl","12":"product_cat-ohrringe-pl","13":"product_cat-pierscionki","14":"product_cat-schone-geschenke-pl","15":"product_cat-taufschmuck-pl","16":"product_cat-trauringe--partnerringe-pl","18":"first","19":"instock","20":"taxable","21":"shipping-taxable","22":"purchasable","23":"product-type-variable"},"acf":[],"aioseo_notices":[],"_links":{"self":[{"href":"https:\/\/www.amberemotion.com\/pl\/wp-json\/wp\/v2\/product\/5289","targetHints":{"allow":["GET"]}}],"collection":[{"href":"https:\/\/www.amberemotion.com\/pl\/wp-json\/wp\/v2\/product"}],"about":[{"href":"https:\/\/www.amberemotion.com\/pl\/wp-json\/wp\/v2\/types\/product"}],"wp:featuredmedia":[{"embeddable":true,"href":"https:\/\/www.amberemotion.com\/pl\/wp-json\/wp\/v2\/media\/23396"}],"wp:attachment":[{"href":"https:\/\/www.amberemotion.com\/pl\/wp-json\/wp\/v2\/media?parent=5289"}],"wp:term":[{"taxonomy":"product_cat","embeddable":true,"href":"https:\/\/www.amberemotion.com\/pl\/wp-json\/wp\/v2\/product_cat?post=5289"},{"taxonomy":"product_tag","embeddable":true,"href":"https:\/\/www.amberemotion.com\/pl\/wp-json\/wp\/v2\/product_tag?post=5289"}],"curies":[{"name":"wp","href":"https:\/\/api.w.org\/{rel}","templated":true}]}}