{"id":5224,"date":"2021-07-17T19:31:25","date_gmt":"2021-07-17T17:31:25","guid":{"rendered":"https:\/\/www.amberemotion.com\/product\/bez-kategorii\/namenskette-mit-papierboot\/"},"modified":"2024-05-18T09:19:32","modified_gmt":"2024-05-18T07:19:32","slug":"namenskette-mit-papierboot","status":"publish","type":"product","link":"https:\/\/www.amberemotion.com\/pl\/produkt\/namenskette-mit-papierboot.html","title":{"rendered":"Halskette mit Gravur &#8211; Kette Papierboot"},"content":{"rendered":"<p>\u2727 DETAILS<\/p>\n<p>Alle Teile sind aus SILBER (925er Silber), der runde Namensanh\u00e4nger hat einen Durchmesser von ca. 16 mm, der Papierboot-Anh\u00e4nger ist ca. 16 mm lang und 14 mm breit, der Anh\u00e4nger mit originellem Swarovski-Crystal (Farbe zur Auswahl) ist ca. 15 mm hoch inkl. Krawatte (\u00d6se) und kann auch separat getragen werden, die Kugel- oder Ankerkette (zur Auswahl) mit L\u00e4nge (zur Auswahl), am Verschluss der Kette ist ein kleines durchbrochendes Gl\u00fccksternchen befestigt<\/p>\n<p>\u2727 Anh\u00e4nger: Ihre Gravur<\/p>\n<p>Gravur mit Schriftart s. Foto: Name oder Name mit z.B. Geburts- oder Taufdatum, ca. 18 Zeichen rund oder ca. 8 Zeichen horizontal inkl. Satz- und Leerzeichen (vor oder hinter dem Namen bzw. zwischen dem Namen oder Datum k\u00f6nnen optional folgende Symbole: Herz, Stern oder das gew\u00fcnschte Symbol stehen.<\/p>\n<p>\u2727 Scrapbooking: Ihr Text<\/p>\n<p>Unser zauberhaftes SCRAPBOOKING-Label ist ganz an Sie angepasst und mit Ihrem pers\u00f6nlichen Text verseht. Das Label als ROSETTE oder VIERECK ist von uns ganz in Hand gefertigt: geschnitten und liebevoll mit zarten funkelnden Silber-Glitzern in verschiedenen Pastell-Farben (zur Auswahl).<\/p>\n","protected":false},"excerpt":{"rendered":"<p>Personalisierte Namenskette PAPIERBOOT mit Gravur. Diese zauberhafte Halskette kommt zu Ihnen mit traumhafter Verpackung mit unserem personalisierten SCRAPBOOKING-LABEL.<\/p>\n","protected":false},"featured_media":5231,"template":"","meta":[],"product_cat":[137,320],"product_tag":[314],"class_list":{"0":"post-5224","1":"product","2":"type-product","3":"status-publish","4":"has-post-thumbnail","6":"product_cat-schone-geschenke-pl","7":"product_cat-taufschmuck-pl","8":"product_tag-geschenkbox-taufe-pl","10":"first","11":"instock","12":"taxable","13":"shipping-taxable","14":"purchasable","15":"product-type-simple"},"acf":[],"aioseo_notices":[],"_links":{"self":[{"href":"https:\/\/www.amberemotion.com\/pl\/wp-json\/wp\/v2\/product\/5224","targetHints":{"allow":["GET"]}}],"collection":[{"href":"https:\/\/www.amberemotion.com\/pl\/wp-json\/wp\/v2\/product"}],"about":[{"href":"https:\/\/www.amberemotion.com\/pl\/wp-json\/wp\/v2\/types\/product"}],"wp:featuredmedia":[{"embeddable":true,"href":"https:\/\/www.amberemotion.com\/pl\/wp-json\/wp\/v2\/media\/5231"}],"wp:attachment":[{"href":"https:\/\/www.amberemotion.com\/pl\/wp-json\/wp\/v2\/media?parent=5224"}],"wp:term":[{"taxonomy":"product_cat","embeddable":true,"href":"https:\/\/www.amberemotion.com\/pl\/wp-json\/wp\/v2\/product_cat?post=5224"},{"taxonomy":"product_tag","embeddable":true,"href":"https:\/\/www.amberemotion.com\/pl\/wp-json\/wp\/v2\/product_tag?post=5224"}],"curies":[{"name":"wp","href":"https:\/\/api.w.org\/{rel}","templated":true}]}}