{"id":5205,"date":"2021-07-17T19:34:01","date_gmt":"2021-07-17T17:34:01","guid":{"rendered":"https:\/\/www.amberemotion.com\/product\/bez-kategorii\/namenskette-mit-schmetterling-engelflugel\/"},"modified":"2024-02-03T23:06:09","modified_gmt":"2024-02-03T22:06:09","slug":"namenskette-mit-schmetterling-engelflugel","status":"publish","type":"product","link":"https:\/\/www.amberemotion.com\/pl\/produkt\/namenskette-mit-schmetterling-engelflugel.html","title":{"rendered":"Namenskette mit Schmetterling, Engelsfl\u00fcgel"},"content":{"rendered":"<p>\u2727 DETAILS<\/p>\n<p>Alle Teile dieser Kinderkette sind aus SILBER (925er Silber), der runde Namensanh\u00e4nger hat einen Durchmesser von ca. 16 mm, kleiner Schmetterling-Gr\u00f6\u00dfe 7 x 7 mm, Au\u00dfenseite mattiert &amp; R\u00fcckseite gl\u00e4nzend, auf der R\u00fcckseite integrierte Silber\u00f6se, der kleine Schmetterling kann auch separat getragen werden. Der Anh\u00e4nger mit originellem Swarovski-Crystal (Farbe zur Auswahl) ist ca. 15 mm hoch inkl. Krawatte (\u00d6se) und kann auch separat getragen werden, die Kugel- oder Ankerkette (zur Auswahl) mit L\u00e4nge (zur Auswahl), am Verschluss der Kette ist ein kleines durchbrochendes Gl\u00fccksternchen befestigt.<\/p>\n<p>\u2727 Gravur f\u00fcr Anh\u00e4nger:<\/p>\n<p>Gravur mit Schriftart s. Foto: Name oder Name mit z.B. Geburts- oder Taufdatum, ca. 18 Zeichen rund oder ca. 8 Zeichen horizontal inkl. Satz- und Leerzeichen (vor oder hinter dem Namen bzw. zwischen dem Namen oder Datum k\u00f6nnen optional folgende Symbole: Herz, Stern oder das gew\u00fcnschte Symbol stehen.<\/p>\n<p>\u2727 Text f\u00fcr Box:<\/p>\n<p>Unser zauberhaftes SCRAPBOOKING-Label ist ganz an Sie angepasst und mit Ihrem pers\u00f6nlichen Text verseht. Das Label als ROSETTE oder VIERECK ist von uns ganz in Hand gefertigt: geschnitten und liebevoll mit zarten funkelnden Silber-Glitzern in verschiedenen Pastell-Farben (zur Auswahl).<\/p>\n","protected":false},"excerpt":{"rendered":"<p>\u2727 DETAILS Alle Teile dieser Kinderkette sind aus SILBER (925er Silber), der runde Namensanh\u00e4nger hat einen Durchmesser von ca. 16 mm, kleiner Schmetterling-Gr\u00f6\u00dfe 7 x 7 mm, Au\u00dfenseite mattiert &amp; R\u00fcckseite gl\u00e4nzend, auf der R\u00fcckseite integrierte Silber\u00f6se, der kleine Schmetterling kann auch separat getragen werden. Der Anh\u00e4nger mit originellem Swarovski-Crystal (Farbe zur Auswahl) ist ca. [&hellip;]<\/p>\n","protected":false},"featured_media":17204,"template":"","meta":[],"product_cat":[137],"product_tag":[314,148],"class_list":{"0":"post-5205","1":"product","2":"type-product","3":"status-publish","4":"has-post-thumbnail","6":"product_cat-schone-geschenke-pl","7":"product_tag-geschenkbox-taufe-pl","8":"product_tag-schmetterling-pl","10":"first","11":"instock","12":"taxable","13":"shipping-taxable","14":"purchasable","15":"product-type-simple"},"acf":[],"aioseo_notices":[],"_links":{"self":[{"href":"https:\/\/www.amberemotion.com\/pl\/wp-json\/wp\/v2\/product\/5205","targetHints":{"allow":["GET"]}}],"collection":[{"href":"https:\/\/www.amberemotion.com\/pl\/wp-json\/wp\/v2\/product"}],"about":[{"href":"https:\/\/www.amberemotion.com\/pl\/wp-json\/wp\/v2\/types\/product"}],"wp:featuredmedia":[{"embeddable":true,"href":"https:\/\/www.amberemotion.com\/pl\/wp-json\/wp\/v2\/media\/17204"}],"wp:attachment":[{"href":"https:\/\/www.amberemotion.com\/pl\/wp-json\/wp\/v2\/media?parent=5205"}],"wp:term":[{"taxonomy":"product_cat","embeddable":true,"href":"https:\/\/www.amberemotion.com\/pl\/wp-json\/wp\/v2\/product_cat?post=5205"},{"taxonomy":"product_tag","embeddable":true,"href":"https:\/\/www.amberemotion.com\/pl\/wp-json\/wp\/v2\/product_tag?post=5205"}],"curies":[{"name":"wp","href":"https:\/\/api.w.org\/{rel}","templated":true}]}}