{"id":5160,"date":"2021-07-17T19:38:00","date_gmt":"2021-07-17T17:38:00","guid":{"rendered":"https:\/\/www.amberemotion.com\/product\/bez-kategorii\/taufgeschenk-schutzengel\/"},"modified":"2023-04-17T14:17:11","modified_gmt":"2023-04-17T12:17:11","slug":"taufgeschenk-schutzengel","status":"publish","type":"product","link":"https:\/\/www.amberemotion.com\/pl\/produkt\/taufgeschenk-schutzengel.html","title":{"rendered":"SCHUTZENGEL im Rahmen &#8211; Engel zur Taufe"},"content":{"rendered":"<p>Der personalisierte Schutzengel kommt zu Ihnen eingerahmt, gut verpackt und beschriftet nach Ihren Vorgaben. Perfektes Geschenk zur Geburt, Taufe, Kommunion.<\/p>\n<p><strong>IHRE GESTALTUNG<\/strong><br \/>\nIm Standard bieten wir die Gestaltung und den Text wie auf den Musterfotos an, aber auf Wunsch bereiten wir Ihren individuellen Text gern vor.<\/p>\n<p><strong>DETAILS<\/strong><br \/>\nSchutzengel ist aus massivem 925\/- Sterling Silber und rhodiniert, Gestaltung laut der Musterfotos, Schutzengel-Gr\u00f6\u00dfe ca. 20 x 22 mm inkl. Silber\u00f6se, wei\u00dfer Bilderrahmen 23 x 23 cm.<\/p>\n","protected":false},"excerpt":{"rendered":"<p style=\"text-align: center;\">Mit hauchfeiner Zartheit und wundersch\u00f6ner Gestaltung im wei\u00dfen Rahmen besticht der Schutzengel mit schlichten Pastell-Schleife auf edler Weise und ist nicht nur ein sch\u00f6nes Taufgeschenk der ganz besonderen Art aber auch zu vielen anderen Anl\u00e4ssen wie Geburt, Kommunion, Konfirmation, Weihnachten oder einfach f\u00fcr einen geliebten Menschen.<\/p>\n","protected":false},"featured_media":11220,"template":"","meta":[],"product_cat":[137,320],"product_tag":[],"class_list":{"0":"post-5160","1":"product","2":"type-product","3":"status-publish","4":"has-post-thumbnail","6":"product_cat-schone-geschenke-pl","7":"product_cat-taufschmuck-pl","9":"first","10":"instock","11":"taxable","12":"shipping-taxable","13":"purchasable","14":"product-type-variable"},"acf":[],"aioseo_notices":[],"_links":{"self":[{"href":"https:\/\/www.amberemotion.com\/pl\/wp-json\/wp\/v2\/product\/5160","targetHints":{"allow":["GET"]}}],"collection":[{"href":"https:\/\/www.amberemotion.com\/pl\/wp-json\/wp\/v2\/product"}],"about":[{"href":"https:\/\/www.amberemotion.com\/pl\/wp-json\/wp\/v2\/types\/product"}],"wp:featuredmedia":[{"embeddable":true,"href":"https:\/\/www.amberemotion.com\/pl\/wp-json\/wp\/v2\/media\/11220"}],"wp:attachment":[{"href":"https:\/\/www.amberemotion.com\/pl\/wp-json\/wp\/v2\/media?parent=5160"}],"wp:term":[{"taxonomy":"product_cat","embeddable":true,"href":"https:\/\/www.amberemotion.com\/pl\/wp-json\/wp\/v2\/product_cat?post=5160"},{"taxonomy":"product_tag","embeddable":true,"href":"https:\/\/www.amberemotion.com\/pl\/wp-json\/wp\/v2\/product_tag?post=5160"}],"curies":[{"name":"wp","href":"https:\/\/api.w.org\/{rel}","templated":true}]}}