{"id":5144,"date":"2021-07-17T19:53:15","date_gmt":"2021-07-17T17:53:15","guid":{"rendered":"https:\/\/www.amberemotion.com\/product\/bez-kategorii\/schutzengel-mit-gravur\/"},"modified":"2024-05-18T09:02:28","modified_gmt":"2024-05-18T07:02:28","slug":"schutzengel-mit-gravur","status":"publish","type":"product","link":"https:\/\/www.amberemotion.com\/pl\/produkt\/schutzengel-mit-gravur.html","title":{"rendered":"SCHUTZENGEL Kette zur Taufe mit Gravur. Taufgeschenk in Geschenkbox"},"content":{"rendered":"<p>Unsere <strong>Schutzengel Kette Taufe mit Gravur<\/strong>\u00a0ist eine traumhafte\u00a0<strong>Geschenkidee<\/strong>\u00a0und symbolisiert Schutz, Liebe und F\u00fchrung. Wenn Sie nach einem besonderen <strong>Taufgeschenk<\/strong>\u00a0oder ein Geschenk zur Geburt suchen, ist diese <strong>Schutzengel Kette mit Gravur<\/strong> wie Name des Kindes ein wundervolles Geschenk f\u00fcr dieses besondere Ereignis. Zus\u00e4tzlich kann die Engel Kette mit Ihrer pers\u00f6nlichen Botschaft auf der Geschenkbox personalisiert werden und eignet sich perfekt als <strong>Taufgeschenk f\u00fcr M\u00e4dchen, Jungen oder Babys.<\/strong><\/p>\n<p>Unsere tiefe und saubere Gravur wie der Name des Kindes oder das Datum der Taufe macht das Geschenk noch pers\u00f6nlicher. Der Schutzengel-Anh\u00e4nger ist aus massivem Silber angefertigt. Der gesamte Schutzengel-Anh\u00e4nger besteht aus einem massivem St\u00fcck Silber und nicht aus einem hohlen oder teilweise gef\u00fcllten Metall. Dadurch ist die Engel Kette langlebiger und wird sicherlich als ein besonderes Familien-Erinnerungsst\u00fcck f\u00fcr viele Jahre gesch\u00e4tzt und an den besonderen Tag der wundersch\u00f6nen Taufe erinnern.<span class=\"Apple-converted-space\">\u00a0<\/span>Als Patentante oder Patenonkel schenken Sie Ihrem Patenkind einen s\u00fc\u00dfen Besch\u00fctzer, den Ihre Liebsten anhimmeln werden.<span class=\"Apple-converted-space\">\u00a0<\/span><\/p>\n<p><strong>DETAILS<\/strong><br \/>\n&#8211; Alle Teile aus 925er Silber<br \/>\n&#8211; Schutzengel-Gr\u00f6\u00dfe ca. 20 x 22 mm inkl. Silber\u00f6se aus massivem St\u00fcck Silber<br \/>\n&#8211; diamantierte Ankerkette 41 cm (39 + 2 cm Verl\u00e4ngerung)<br \/>\n&#8211; am Verschlu\u00df ein kleines Gl\u00fcckstern<br \/>\n<a href=\"http:\/\/amberemotion.blogspot.com\/2012\/08\/my-little-angel-give-away.html\" target=\"_blank\" rel=\"noopener\">blog.amberemotion<\/a>, <a title=\"Halskette Engel\" href=\"https:\/\/nicestthings.com\/2012\/08\/angel-wings-halskette-mit-engel-anhaenger-aus-silber\" target=\"_blank\" rel=\"noopener\">Nicest Things<\/a><\/p>\n<p><strong>GRAVUR<br \/>\n<\/strong>Eine pers\u00f6nliche Gravur wie der Name des T\u00e4uflings und das Datum der Taufe oder Geburt der R\u00fcckseite der Schutzengel Kette ist eine individuelle und unvergessliche Option, die dieses Taufgeschenk einzigartig machen.<br \/>\nGravur mit Schriftart s. Foto: z.B. Anna oder Charlotte (darunter optional das Datum z.B. 4.10.2022 oder ein Symbol: Fisch, Herz oder Stern)<\/p>\n<p><strong>GESCHENKBOX<br \/>\n<\/strong><strong><img decoding=\"async\" class=\"emoji\" role=\"img\" draggable=\"false\" src=\"https:\/\/s.w.org\/images\/core\/emoji\/14.0.0\/svg\/1f58a.svg\" alt=\"\ud83d\udd8a\ufe0f\" \/> <\/strong>Die <a title=\"Geschenkverpackung\" href=\"https:\/\/www.amberemotion.com\/service\/schmuckverpackung.html\">Geschenkverpackung<\/a> mit Ihrem pers\u00f6nlichen Taufspruch wird von uns mit viel Liebe angefertigt, die wir zusammen mit dieser Schutzengel Kette Ihrem Kind schicken. Es macht uns eine gro\u00dfe Freude,\u00a0dass Sie uns die Gelegenheit geben, dem T\u00e4ufling ein solch besonderes Geschenk individuell mit funkelnden Glitzern in bunten Farben wie rosa, gold, blau oder gr\u00fcn zu machen.<\/p>\n","protected":false},"excerpt":{"rendered":"<p class=\"bodytext\" style=\"text-align: center;\">Personalisierte Schutzengel Kette zur Taufe oder Geburt mit Gravur. Taufgeschenk f\u00fcr M\u00e4dchen, Jungen oder Babys.<\/p>\n","protected":false},"featured_media":11211,"template":"","meta":[],"product_cat":[349,320],"product_tag":[],"class_list":{"0":"post-5144","1":"product","2":"type-product","3":"status-publish","4":"has-post-thumbnail","6":"product_cat-bestsellery","7":"product_cat-taufschmuck-pl","9":"first","10":"instock","11":"featured","12":"taxable","13":"shipping-taxable","14":"purchasable","15":"product-type-simple"},"acf":[],"aioseo_notices":[],"_links":{"self":[{"href":"https:\/\/www.amberemotion.com\/pl\/wp-json\/wp\/v2\/product\/5144","targetHints":{"allow":["GET"]}}],"collection":[{"href":"https:\/\/www.amberemotion.com\/pl\/wp-json\/wp\/v2\/product"}],"about":[{"href":"https:\/\/www.amberemotion.com\/pl\/wp-json\/wp\/v2\/types\/product"}],"wp:featuredmedia":[{"embeddable":true,"href":"https:\/\/www.amberemotion.com\/pl\/wp-json\/wp\/v2\/media\/11211"}],"wp:attachment":[{"href":"https:\/\/www.amberemotion.com\/pl\/wp-json\/wp\/v2\/media?parent=5144"}],"wp:term":[{"taxonomy":"product_cat","embeddable":true,"href":"https:\/\/www.amberemotion.com\/pl\/wp-json\/wp\/v2\/product_cat?post=5144"},{"taxonomy":"product_tag","embeddable":true,"href":"https:\/\/www.amberemotion.com\/pl\/wp-json\/wp\/v2\/product_tag?post=5144"}],"curies":[{"name":"wp","href":"https:\/\/api.w.org\/{rel}","templated":true}]}}