{"id":5131,"date":"2021-07-17T20:11:59","date_gmt":"2021-07-17T18:11:59","guid":{"rendered":"https:\/\/www.amberemotion.com\/product\/bez-kategorii\/schmetterling-kette-mit-gravur\/"},"modified":"2023-01-29T10:57:55","modified_gmt":"2023-01-29T09:57:55","slug":"schmetterling-kette-mit-gravur","status":"publish","type":"product","link":"https:\/\/www.amberemotion.com\/pl\/produkt\/schmetterling-kette-mit-gravur.html","title":{"rendered":"SCHMETTERLING Kette mit Gravur"},"content":{"rendered":"<p>Ebenso wie die beliebtesten aller Zweifl\u00fcgler mit nur einem Fl\u00fcgelschlag ein L\u00e4cheln auf jedermanns Gesicht zaubern, so werden Sie auch mit diesem au\u00dfergew\u00f6hnlichen Geschenk eine Punktlandung hinlegen: Der liebevoll hergestellte Schmetterling, dessen Fl\u00fcgel auf der Au\u00dfenseite mattiert und auf der Innenseite gl\u00e4nzend sind, baumelt an einer zarten Kette (Kettenart nach Wahl) um den Hals seiner Tr\u00e4gerin. Diese ohnehin schon zauberhafte Halskette erh\u00e4lt durch eine individuelle Gravur auf der Fl\u00fcgelinnenseite eine ganz pers\u00f6nliche und damit \u00fcberaus besondere Note.<br \/>\nDank der hochwertigen Verarbeitung, des niedlichen Designs und der personalisierten Botschaft ist dieses au\u00dfergew\u00f6hnliche Schmuckst\u00fcck ein Geschenk der Extraklasse \u2013 f\u00fcr besondere Anl\u00e4sse oder auch einfach nur f\u00fcr einen geliebten Menschen, dem Sie zeigen m\u00f6chten, dass au\u00dfergew\u00f6hnliche Menschen ein ebenso au\u00dfergew\u00f6hnliches Schmuckst\u00fcck verdienen.<\/p>\n<p>Diese Kette mit Gravur kommt zu Ihnen in edler Schmuckverpackung und auf Wunsch bieten wir unseren kreativen Geschenkservice an.<\/p>\n<p><strong>DETAILS<\/strong><br \/>\n925\/- Silber massiv, Butterfly-Oberfl\u00e4che mattiert, Innenseite gl\u00e4nzend, Schmetterling-Gr\u00f6\u00dfe 13 x 13 mm, intergrierte Silber\u00f6se hinten, sch\u00f6ne Kette zur Auswahl.<\/p>\n<p>Bitte w\u00e4hlen Sie eine kurze Gravur wie: Paul oder Noelle und beachten Sie beim Schmuck mit pers\u00f6nlicher Gravur die Informationen zum Widerrufsrecht.<\/p>\n","protected":false},"excerpt":{"rendered":"<p class=\"bodytext\" style=\"text-align: center;\">Um einem Menschen oder Kind, dessen Namen einen festen Platz in Ihrem Herzen besitzt, eine noch gr\u00f6\u00dfere Freude bereiten zu k\u00f6nnen, l\u00e4sst sich dieses wunderh\u00fcbsche Schmuckst\u00fcck mit einer pers\u00f6nlichen Gravur &#8211; in Form des Namens des sp\u00e4teren Besitzers wie: Noelle<\/p>\n","protected":false},"featured_media":5132,"template":"","meta":[],"product_cat":[137],"product_tag":[147,148],"class_list":{"0":"post-5131","1":"product","2":"type-product","3":"status-publish","4":"has-post-thumbnail","6":"product_cat-schone-geschenke-pl","7":"product_tag-enjoy-the-little-things-pl","8":"product_tag-schmetterling-pl","10":"first","11":"instock","12":"taxable","13":"shipping-taxable","14":"purchasable","15":"product-type-variable"},"acf":[],"aioseo_notices":[],"_links":{"self":[{"href":"https:\/\/www.amberemotion.com\/pl\/wp-json\/wp\/v2\/product\/5131","targetHints":{"allow":["GET"]}}],"collection":[{"href":"https:\/\/www.amberemotion.com\/pl\/wp-json\/wp\/v2\/product"}],"about":[{"href":"https:\/\/www.amberemotion.com\/pl\/wp-json\/wp\/v2\/types\/product"}],"wp:featuredmedia":[{"embeddable":true,"href":"https:\/\/www.amberemotion.com\/pl\/wp-json\/wp\/v2\/media\/5132"}],"wp:attachment":[{"href":"https:\/\/www.amberemotion.com\/pl\/wp-json\/wp\/v2\/media?parent=5131"}],"wp:term":[{"taxonomy":"product_cat","embeddable":true,"href":"https:\/\/www.amberemotion.com\/pl\/wp-json\/wp\/v2\/product_cat?post=5131"},{"taxonomy":"product_tag","embeddable":true,"href":"https:\/\/www.amberemotion.com\/pl\/wp-json\/wp\/v2\/product_tag?post=5131"}],"curies":[{"name":"wp","href":"https:\/\/api.w.org\/{rel}","templated":true}]}}