{"id":5109,"date":"2021-07-17T20:21:52","date_gmt":"2021-07-17T18:21:52","guid":{"rendered":"https:\/\/www.amberemotion.com\/product\/bez-kategorii\/mutter-tochter-ketten-schmetterlinge\/"},"modified":"2023-11-29T23:07:22","modified_gmt":"2023-11-29T22:07:22","slug":"mutter-tochter-ketten-schmetterlinge","status":"publish","type":"product","link":"https:\/\/www.amberemotion.com\/pl\/produkt\/mutter-tochter-ketten-schmetterlinge.html","title":{"rendered":"Mama Tochter Kette"},"content":{"rendered":"<p>Diese atemberaubende Kette ist das perfekte Geschenk f\u00fcr jeden Anlass. Der filigrane Schmetterlingsanh\u00e4nger symbolisiert Freiheit und Eleganz und bietet einen funkelnden Touch, der euer Outfit aufwertet.<\/p>\n<p>An hochwertig hergestellten Ketten baumeln die beiden aus edlem 925 Silber gefertigten Schmetterlinge in zarter Anmut und sind dabei gleichzeitig ein Sinnbild f\u00fcr alles, was ein L\u00e4cheln ins Gesicht zaubert: Schwerelose Verspieltheit, die Leichtigkeit des Seins und endlose Freiheit.<br \/>\nFest steht somit: Dieses Schmetterling-Set schleicht sich flatternd in das Herz einer jeden Tochter und Mutter \u2013 ganz gleich, welchen Alters.<\/p>\n<p>Das Mutter-Tochter-Schmuckset kommt zu Ihnen in edler Schmuckverpackung und auf Anfrage bieten wir unseren kreativen Geschenkservice f\u00fcr entz\u00fcckende Geschenkgestaltung an.<\/p>\n<p><strong>DETAILS<\/strong><br \/>\n\u2022 Handmade, 925\/- Silber<br \/>\n\u2022 Schmetterling-Gr\u00f6\u00dfe 7 x 7 mm (small) \/ 13 x 13 mm (classic)<br \/>\n\u2022 Au\u00dfenseite mattiert &amp; R\u00fcckseite gl\u00e4nzend, intergrierte Silber\u00f6se auf der R\u00fcckseite f\u00fcr die meisten Ketten-Versionen<br \/>\n\u2022 diamantierte Ankerkette mit Gesamtl\u00e4nge von: 41 cm (39 + 2 cm Verl\u00e4ngerung) und 45 cm (42 + 3 cm Verl\u00e4ngerung).<\/p>\n","protected":false},"excerpt":{"rendered":"<p class=\"bodytext\" style=\"text-align: center;\">Diese Mutter-Tochter Schmetterling Ketten, so zart, bezaubernd und tiefgr\u00fcndig wie die Verbindung zwischen Mutter und Tochter: dieses besondere Mutter-Tochter Schmuckset besteht aus unserem grazilen Schmetterling in der Version Kinderkette und dem eleganten Schmetterling in der Version Classic und ist damit die perfekte Hommage an das einzigartige Band zwischen Mutter und Tochter.<\/p>\n","protected":false},"featured_media":5117,"template":"","meta":[],"product_cat":[238,137],"product_tag":[147,148],"class_list":{"0":"post-5109","1":"product","2":"type-product","3":"status-publish","4":"has-post-thumbnail","6":"product_cat-halsschmuck-pl","7":"product_cat-schone-geschenke-pl","8":"product_tag-enjoy-the-little-things-pl","9":"product_tag-schmetterling-pl","11":"first","12":"instock","13":"featured","14":"taxable","15":"shipping-taxable","16":"purchasable","17":"product-type-variable"},"acf":[],"aioseo_notices":[],"_links":{"self":[{"href":"https:\/\/www.amberemotion.com\/pl\/wp-json\/wp\/v2\/product\/5109","targetHints":{"allow":["GET"]}}],"collection":[{"href":"https:\/\/www.amberemotion.com\/pl\/wp-json\/wp\/v2\/product"}],"about":[{"href":"https:\/\/www.amberemotion.com\/pl\/wp-json\/wp\/v2\/types\/product"}],"wp:featuredmedia":[{"embeddable":true,"href":"https:\/\/www.amberemotion.com\/pl\/wp-json\/wp\/v2\/media\/5117"}],"wp:attachment":[{"href":"https:\/\/www.amberemotion.com\/pl\/wp-json\/wp\/v2\/media?parent=5109"}],"wp:term":[{"taxonomy":"product_cat","embeddable":true,"href":"https:\/\/www.amberemotion.com\/pl\/wp-json\/wp\/v2\/product_cat?post=5109"},{"taxonomy":"product_tag","embeddable":true,"href":"https:\/\/www.amberemotion.com\/pl\/wp-json\/wp\/v2\/product_tag?post=5109"}],"curies":[{"name":"wp","href":"https:\/\/api.w.org\/{rel}","templated":true}]}}