{"id":5062,"date":"2021-07-17T20:32:38","date_gmt":"2021-07-17T18:32:38","guid":{"rendered":"https:\/\/www.amberemotion.com\/product\/bez-kategorii\/mutter-tochter-ketten-dalapferde\/"},"modified":"2023-03-05T21:08:21","modified_gmt":"2023-03-05T20:08:21","slug":"mutter-tochter-ketten-dalapferde","status":"publish","type":"product","link":"https:\/\/www.amberemotion.com\/pl\/produkt\/mutter-tochter-ketten-dalapferde.html","title":{"rendered":"Mutter-Tochter Ketten PFERDE"},"content":{"rendered":"<p>Getreu seinem Kollektionsnamen bezaubern diese schlichten Silberketten nicht nur mit ihrem Design, sondern auch mit einer liebevollen und pr\u00e4zisen Handarbeit.<br \/>\nDie kleinen Kettchen haben eine fein mattierte Oberfl\u00e4che, w\u00e4hrend alle anderen Seiten gl\u00e4nzend sind. Dieser fantastische Kontrast zwischen matt &amp; glanz machen diese beiden Anh\u00e4nger nicht nur zu besonders edlen Schmuckst\u00fccken, sondern vollenden dieses Set zu einem Geschenk, das in Windeseile in das Herz von Mutter und Tochter galoppiert.<\/p>\n<p>Dieses Mutter-Tochter Schmuckset kommt zu Ihnen in edler Schmuckverpackung und auf Anfrage bieten wir unseren kreativen Geschenkservice f\u00fcr entz\u00fcckende Geschenkgestaltung an.<\/p>\n<p>Mehr zu diesem Mutter-Tochter Schmuckset finden Sie auf: Dalapferd-Kollektion, amberemotion.blog,<br \/>\nSeelenSachen, Nicest Things &amp; Lililotta Blog.<\/p>\n<p><strong>DETAILS<\/strong><br \/>\n925\/- Silber, Dalapferd-Gr\u00f6\u00dfe 12 x 12 mm (small) \/ 12 x 12 mm (classic), St\u00e4rke 2 mm, Au\u00dfenseite mattiert &amp; R\u00fcckseite gl\u00e4nzend, zwei intergrierte Silber\u00f6sen auf der R\u00fcckseite f\u00fcr die meisten Ketten-Versionen, feine diamantierte Ankerkette mit Gesamtl\u00e4nge: 42 cm.<\/p>\n","protected":false},"excerpt":{"rendered":"<p class=\"bodytext\" style=\"text-align: center;\">Ein Mutter-Tochter Schmuckset. Dieses Schmuckset besteht aus den beiden entz\u00fcckenden Silberketten DALAPFERD in Version classic &amp; small aus unserer erlesenen Schmuck-Kollektion DALAPFERD.<\/p>\n","protected":false},"featured_media":12906,"template":"","meta":[],"product_cat":[137],"product_tag":[158,147],"class_list":{"0":"post-5062","1":"product","2":"type-product","3":"status-publish","4":"has-post-thumbnail","6":"product_cat-schone-geschenke-pl","7":"product_tag-dalapferd-pl","8":"product_tag-enjoy-the-little-things-pl","10":"first","11":"instock","12":"taxable","13":"shipping-taxable","14":"purchasable","15":"product-type-simple"},"acf":[],"aioseo_notices":[],"_links":{"self":[{"href":"https:\/\/www.amberemotion.com\/pl\/wp-json\/wp\/v2\/product\/5062","targetHints":{"allow":["GET"]}}],"collection":[{"href":"https:\/\/www.amberemotion.com\/pl\/wp-json\/wp\/v2\/product"}],"about":[{"href":"https:\/\/www.amberemotion.com\/pl\/wp-json\/wp\/v2\/types\/product"}],"wp:featuredmedia":[{"embeddable":true,"href":"https:\/\/www.amberemotion.com\/pl\/wp-json\/wp\/v2\/media\/12906"}],"wp:attachment":[{"href":"https:\/\/www.amberemotion.com\/pl\/wp-json\/wp\/v2\/media?parent=5062"}],"wp:term":[{"taxonomy":"product_cat","embeddable":true,"href":"https:\/\/www.amberemotion.com\/pl\/wp-json\/wp\/v2\/product_cat?post=5062"},{"taxonomy":"product_tag","embeddable":true,"href":"https:\/\/www.amberemotion.com\/pl\/wp-json\/wp\/v2\/product_tag?post=5062"}],"curies":[{"name":"wp","href":"https:\/\/api.w.org\/{rel}","templated":true}]}}