{"id":5020,"date":"2021-07-17T20:38:00","date_gmt":"2021-07-17T18:38:00","guid":{"rendered":"https:\/\/www.amberemotion.com\/product\/bez-kategorii\/geschenk-im-rahmen-dalapferd\/"},"modified":"2023-04-01T21:18:11","modified_gmt":"2023-04-01T19:18:11","slug":"geschenk-im-rahmen-dalapferd","status":"publish","type":"product","link":"https:\/\/www.amberemotion.com\/pl\/produkt\/geschenk-im-rahmen-dalapferd.html","title":{"rendered":"Kettenanh\u00e4nger im Rahmen PFERD &#8211; Personalisiertes Schmuck Geschenk"},"content":{"rendered":"<p>Alles wird von uns in Handarbeit mit viel Liebe zum Detail angefertigt. Das Dalapferd im Rahmen ist ein ganz au\u00dfergew\u00f6hnliches Geschenk zu vielen Anl\u00e4ssen wie Geburt, Geburtstag, Taufe, Weihnachten oder einfach so f\u00fcr ein kleines oder gr\u00f6\u00dferes M\u00e4dchen. Das Schmuck-Dalapferd ist sehr hochwertig und aus massivem Silber angefertigt. Es kommt eingerahmt zu Ihnen, sch\u00f6n dekoriert auf einer schwarz-wei\u00dfen Rosette und beschriftet mit dem Wunsch-Namen oder Ihrer Wunsch-Gestaltung. Das Dalapferd l\u00e4sst sich ganz einfach aus den Bilderrahmen nehmen und kann dann wieder als Kettenanh\u00e4nger getragen werden. EIN SCH\u00d6NES GESCHENK F\u00dcR EIN M\u00c4DCHEN !<\/p>\n<p>Mehr zu diesem Geschenk im Rahmen finden Sie auf blog.amberemotion<\/p>\n<p><strong>INDIVIDUALISIERBARE GESTALTUNG:<\/strong><br \/>\nIm Standard bieten wir die Gestaltung und den Text wie auf den Musterfotos an, aber zum Thema &#8222;Schmuck selber gestalten&#8221; bereiten wir Ihren individuellen Text gern vor. F\u00fcr einen Jungen haben wir die Variante BLACK mit dem schwarzen Bilderrahmen.<\/p>\n<p><strong>DETAILS<\/strong><br \/>\n925\/- Silber massiv, Oberfl\u00e4che fein mattiert &amp; Aussen- &amp; R\u00fcckseite gl\u00e4nzend, Dala-Pferd-Gr\u00f6\u00dfe 15 x 15 mm, St\u00e4rke 2,8 m, wei\u00dfer Bilderrahmen 25 x 25 cm<\/p>\n","protected":false},"excerpt":{"rendered":"<p class=\"bodytext\" style=\"text-align: center;\">Perfektes Schmuckgeschenk im Rahmen mit Pferdchen f\u00fcr M\u00e4dchen. Der Kettenanh\u00e4nger PFERD ist in einen schlichten wei\u00dfen Bilderrahmen eingeschlossen.<\/p>\n<p class=\"bodytext\" style=\"text-align: center;\">Eine Legende besagt, dass das schwedische Dalapferd vor b\u00f6sen Geistern sch\u00fctzt, deswegen schenken Eltern ihren Kindern oft Dalapferde. F\u00fcr alle Liebhaber dieser h\u00fcbschen Dalapferde haben wir ein originelles Bild f\u00fcr das Kinderzimmer im skandinavischen Stil.<\/p>\n","protected":false},"featured_media":5038,"template":"","meta":[],"product_cat":[137],"product_tag":[158,147],"class_list":{"0":"post-5020","1":"product","2":"type-product","3":"status-publish","4":"has-post-thumbnail","6":"product_cat-schone-geschenke-pl","7":"product_tag-dalapferd-pl","8":"product_tag-enjoy-the-little-things-pl","10":"first","11":"instock","12":"taxable","13":"shipping-taxable","14":"purchasable","15":"product-type-variable"},"acf":[],"aioseo_notices":[],"_links":{"self":[{"href":"https:\/\/www.amberemotion.com\/pl\/wp-json\/wp\/v2\/product\/5020","targetHints":{"allow":["GET"]}}],"collection":[{"href":"https:\/\/www.amberemotion.com\/pl\/wp-json\/wp\/v2\/product"}],"about":[{"href":"https:\/\/www.amberemotion.com\/pl\/wp-json\/wp\/v2\/types\/product"}],"wp:featuredmedia":[{"embeddable":true,"href":"https:\/\/www.amberemotion.com\/pl\/wp-json\/wp\/v2\/media\/5038"}],"wp:attachment":[{"href":"https:\/\/www.amberemotion.com\/pl\/wp-json\/wp\/v2\/media?parent=5020"}],"wp:term":[{"taxonomy":"product_cat","embeddable":true,"href":"https:\/\/www.amberemotion.com\/pl\/wp-json\/wp\/v2\/product_cat?post=5020"},{"taxonomy":"product_tag","embeddable":true,"href":"https:\/\/www.amberemotion.com\/pl\/wp-json\/wp\/v2\/product_tag?post=5020"}],"curies":[{"name":"wp","href":"https:\/\/api.w.org\/{rel}","templated":true}]}}