{"id":5010,"date":"2021-07-17T20:49:35","date_gmt":"2021-07-17T18:49:35","guid":{"rendered":"https:\/\/www.amberemotion.com\/product\/bez-kategorii\/anhanger-mit-gravur-papierboot\/"},"modified":"2023-11-17T11:45:43","modified_gmt":"2023-11-17T10:45:43","slug":"anhanger-mit-gravur-papierboot","status":"publish","type":"product","link":"https:\/\/www.amberemotion.com\/pl\/produkt\/anhanger-mit-gravur-papierboot.html","title":{"rendered":"Anh\u00e4nger mit Gravur Papierboot"},"content":{"rendered":"<p>Machen Sie diesen zarten maritimen Anh\u00e4nger Papierschiff zu Ihrem ganz individuellen Schmuckst\u00fcck oder Geschenk und lassen Sie es von uns mit einem pers\u00f6nlichen kurzen Text gravieren wie:<\/p>\n<p>Charlotte<br \/>\n06.09.2005<\/p>\n<p><strong>DETAILS<\/strong><br \/>\n&#8211; 925\/- Silber massiv<br \/>\n&#8211; diamantierte Ankerkette oder Schlangenekette nach Wahl<br \/>\n&#8211; Anh\u00e4nger-Gr\u00f6\u00dfe 6 x 15 mm au\u00dfen gl\u00e4nzend, innen mattiert plus Silber\u00f6se 4 mm (gel\u00f6tet)<\/p>\n","protected":false},"excerpt":{"rendered":"<p class=\"bodytext\" style=\"text-align: center;\">In den kleinen Dingen des Lebens liegt die Sch\u00f6nheit: dies best\u00e4tigt auch dieser Anh\u00e4nger mit Gravur PAPIERBOOT &#8211; eine Hommage an all die wundersch\u00f6nen Kleinigkeiten, die das Leben bereith\u00e4lt.\u00a0Getreu seinem Kollektionsnamen PAPIERBOOT bezaubert dieser filigrane und handgefertigte Silberanh\u00e4nger mit graziler Zartheit und einer liebevoll ausgearbeiteten Gestaltung.<\/p>\n","protected":false},"featured_media":10702,"template":"","meta":[],"product_cat":[137],"product_tag":[147,154],"class_list":{"0":"post-5010","1":"product","2":"type-product","3":"status-publish","4":"has-post-thumbnail","6":"product_cat-schone-geschenke-pl","7":"product_tag-enjoy-the-little-things-pl","8":"product_tag-papierboot-pl","10":"first","11":"instock","12":"taxable","13":"shipping-taxable","14":"purchasable","15":"product-type-simple"},"acf":[],"aioseo_notices":[],"_links":{"self":[{"href":"https:\/\/www.amberemotion.com\/pl\/wp-json\/wp\/v2\/product\/5010","targetHints":{"allow":["GET"]}}],"collection":[{"href":"https:\/\/www.amberemotion.com\/pl\/wp-json\/wp\/v2\/product"}],"about":[{"href":"https:\/\/www.amberemotion.com\/pl\/wp-json\/wp\/v2\/types\/product"}],"wp:featuredmedia":[{"embeddable":true,"href":"https:\/\/www.amberemotion.com\/pl\/wp-json\/wp\/v2\/media\/10702"}],"wp:attachment":[{"href":"https:\/\/www.amberemotion.com\/pl\/wp-json\/wp\/v2\/media?parent=5010"}],"wp:term":[{"taxonomy":"product_cat","embeddable":true,"href":"https:\/\/www.amberemotion.com\/pl\/wp-json\/wp\/v2\/product_cat?post=5010"},{"taxonomy":"product_tag","embeddable":true,"href":"https:\/\/www.amberemotion.com\/pl\/wp-json\/wp\/v2\/product_tag?post=5010"}],"curies":[{"name":"wp","href":"https:\/\/api.w.org\/{rel}","templated":true}]}}